{"id":7454,"date":"2023-02-23T15:57:13","date_gmt":"2023-02-23T14:57:13","guid":{"rendered":"https:\/\/recette.opsial.com\/mentions-legales-sk\/"},"modified":"2023-10-24T15:59:34","modified_gmt":"2023-10-24T13:59:34","slug":"pravne-upozornenie","status":"publish","type":"page","link":"https:\/\/recette.opsial.com\/sk\/pravne-upozornenie\/","title":{"rendered":"PR\u00c1VNE UPOZORNENIE"},"content":{"rendered":"\n<div class=\"container m5-paragraphe\">\n  <div class=\"row\">\n    <div class=\"col-lg-12 col-12\">\n        <h2 class=\"h2-title color-title\"><\/h2>\n      <div class=\"content-text d-flex flex-column justify-content-center\">\n        <div class=\"text color-text\"><h2>IDENTIFIK\u00c1CIA A VYDANIE<\/h2>\n<p>T\u00fato webov\u00fa str\u00e1nku zverej\u0148uje: SOGEDESCA (Soci\u00e9t\u00e9 de Gestion des services communs du groupe DESCOURS &amp; CABAUD),<\/p>\n<p>Akciov\u00e1 spolo\u010dnos\u0165 s kapit\u00e1lom 500 000 eur<\/p>\n<p>S\u00eddlo: 10 rue g\u00e9n\u00e9ral Plessier &#8211; 69002 LYON<\/p>\n<p>SIREN: 965 507 684 RCS LYON<\/p>\n<p>Identifika\u010dn\u00e9 \u010d\u00edslo pre DPH: FR 50 965 507 684<\/p>\n<p>Telef\u00f3n: 04 72 40 85 85, e-mail: com@descours-cabaud.net<\/p>\n<p>Zodpovedn\u00fd vydavate\u013e je p\u00e1n Herv\u00e9 PATIN, ako Riadite\u013e zdrojov.<\/p>\n<p>&nbsp;<\/p>\n<h2>HOSTITE\u013d<\/h2>\n<p>Hostite\u013eom webovej str\u00e1nky je: INFODESCA, SARL s kapit\u00e1lom 12 800 eur<\/p>\n<p>S\u00eddlo: 10 rue g\u00e9n\u00e9ral Plessier &#8211; 69002 LYON<\/p>\n<p>SIREN: 343 222 311 RCS LYON<\/p>\n<p>Telef\u00f3n: 04 72 40 85 85, e-mail: com@descours-cabaud.net<\/p>\n<p>&nbsp;<\/p>\n<h2>\u00da\u010cEL STR\u00c1NKY<\/h2>\n<p>Tento web m\u00e1 za \u00fa\u010del poskytova\u0165 inform\u00e1cie o sortimente produktov a slu\u017eieb OPSIAL.<\/p>\n<p>&nbsp;<\/p>\n<h2>PR\u00cdSTUP K WEBU<\/h2>\n<p>Pr\u00edstup na t\u00fato str\u00e1nku si vy\u017eaduje pr\u00edstup na internet s dostato\u010dnou prenosovou r\u00fdchlos\u0165ou umo\u017e\u0148uj\u00facou zobrazenie celej jej obsahu.<\/p>\n<p>Web je zvy\u010dajne dostupn\u00fd pre pou\u017e\u00edvate\u013eov kedyko\u013evek, 24 hod\u00edn denne a 7 dn\u00ed v t\u00fd\u017edni, s v\u00fdnimkou pr\u00edpadov \u00fadr\u017eby, vy\u0161\u0161ej moci alebo probl\u00e9mov s pripojen\u00edm na internet alebo s in\u00fdmi technick\u00fdmi probl\u00e9mami, za ktor\u00e9 nenesieme zodpovednos\u0165.<\/p>\n<p>&nbsp;<\/p>\n<h2>AUTORSK\u00c9 PR\u00c1VA<\/h2>\n<p>Prezent\u00e1cia a obsah tejto str\u00e1nky spolu predstavuj\u00fa dielo chr\u00e1nen\u00e9 autorsk\u00fdmi pr\u00e1vami pod\u013ea platn\u00fdch z\u00e1konov o du\u0161evnom vlastn\u00edctve, ktor\u00e9 sme dr\u017eite\u013eom. Ak\u00e1ko\u013evek \u010diasto\u010dn\u00e1 alebo \u00fapln\u00e1 reprodukcia a\/alebo zobrazenie bez na\u0161ej predch\u00e1dzaj\u00facej p\u00edsomnej dohody by mohla by\u0165 pova\u017eovan\u00e1 za poru\u0161enie autorsk\u00fdch pr\u00e1v v zmysle Z\u00e1konn\u00edka o du\u0161evnom vlastn\u00edctve a mohla by sp\u00f4sobi\u0165 civiln\u00fa a\/alebo trestn\u00fa zodpovednos\u0165 p\u00e1chate\u013ea.<\/p>\n<p>N\u00e1kresy, fotografie, obr\u00e1zky, texty, animovan\u00e9 alebo neanimovan\u00e9 zvukov\u00e9 sekvencie, datab\u00e1zy, softv\u00e9r a \u010fal\u0161ie dokument\u00e1cie zobrazen\u00e9 na tejto str\u00e1nke s\u00fa predmetom priemyseln\u00fdch a\/alebo du\u0161evn\u00fdch pr\u00e1v du\u0161evn\u00e9ho vlastn\u00edctva a s\u00fa bu\u010f na\u0161\u00edm vlastn\u00edctvom alebo maj\u00fa na\u0161u obmedzen\u00fa povolenie na ich pou\u017e\u00edvanie.<\/p>\n<p>Ak\u00fdko\u013evek \u010diasto\u010dn\u00fd alebo \u00fapln\u00fd prepis, zobrazenie, prisp\u00f4sobenie, preklad a\/alebo \u00faprava alebo prenos na in\u00fa str\u00e1nku je zak\u00e1zan\u00fd.<\/p>\n<p>&nbsp;<\/p>\n<h2>HYPERTEXTOV\u00c9 ODKAZY<\/h2>\n<p>Na\u0161a str\u00e1nka m\u00f4\u017ee obsahova\u0165 hypertextov\u00e9 odkazy na in\u00e9 str\u00e1nky. Nezodpoved\u00e1me za ak\u00fako\u013evek in\u00fa str\u00e1nku, na ktor\u00fa m\u00f4\u017eete ma\u0165 pr\u00edstup prostredn\u00edctvom na\u0161ej str\u00e1nky, a nezodpoved\u00e1me za obsah, funk\u010dnos\u0165 a pr\u00edstup k t\u00fdmto str\u00e1nkam.<\/p>\n<p>&nbsp;<\/p>\n<h2>OSOBN\u00c9 \u00daDAJE A S\u00daBORY COOKIE<\/h2>\n<p>Va\u0161e \u00fadaje, ktor\u00e9 s\u00fa zbieran\u00e9 na www.recette.opsial.com, s\u00fa spracovan\u00e9 po\u010d\u00edta\u010dom. \u00dadaje s\u00fa ur\u010den\u00e9 na\u0161e obchodn\u00e9 oddelenie s cie\u013eom poskytn\u00fa\u0165 v\u00e1m slu\u017ebu online objedn\u00e1vok a sledovania.<\/p>\n<p>V s\u00falade s Nariaden\u00edm (E\u00da) 2016\/679 Eur\u00f3pskeho parlamentu a Rady zo d\u0148a 27. apr\u00edla 2016 m\u00e1te pr\u00e1vo na pr\u00edstup, opravu, vymazanie a prenosnos\u0165 inform\u00e1ci\u00ed, ktor\u00e9 sa v\u00e1s t\u00fdkaj\u00fa. Okrem toho sa m\u00f4\u017eete op\u00fdta\u0165 na obmedzenie alebo odpor\u00fa\u010da\u0165 spracovanie va\u0161ich \u00fadajov.<\/p>\n<p>V s\u00falade s platn\u00fdmi predpismi a na zabezpe\u010denie ochrany va\u0161ich osobn\u00fdch \u00fadajov bol spolo\u010dnos\u0165ou SOGEDESCA ur\u010den\u00fd zodpovedn\u00fd za ochranu osobn\u00fdch \u00fadajov. Toto pr\u00e1vo m\u00f4\u017eete uplatni\u0165 t\u00fdm, \u017ee nap\u00ed\u0161ete list na nasleduj\u00facu adresu: SOGEDESCA &#8211; DPO &#8211; 10, Rue du G\u00e9n\u00e9ral Plessier &#8211; 69002 LYON alebo telefonicky na \u010d\u00edslo 04 72 40 85 85 alebo e-mailom na adresu: dpo-fr@descours-cabaud.net.<\/p>\n<p>Pre z\u00edskanie inform\u00e1ci\u00ed o pou\u017eit\u00ed t\u00fdchto \u00fadajov sa m\u00f4\u017eete pozrie\u0165 na pr\u00e1vne podmienky alebo posla\u0165 \u017eiados\u0165 na adresu com@descours-cabaud.net.<\/p>\n<p>M\u00f4\u017eete sa kedyko\u013evek odhl\u00e1si\u0165 z na\u0161ich noviniek kliknut\u00edm na odkaz v ka\u017edom z na\u0161ich e-mailov.<\/p>\n<p>M\u00e1te tie\u017e pr\u00e1vo poda\u0165 s\u0165a\u017enos\u0165 u dozorn\u00e9ho org\u00e1nu.<\/p>\n<p>Va\u0161e osobn\u00e9 \u00fadaje a \u00fadaje o objedn\u00e1vkach uchov\u00e1vame po\u010das trvania ich spracovania a na splnenie z\u00e1konn\u00fdch a regula\u010dn\u00fdch povinnost\u00ed pod\u013ea obchodn\u00e9ho z\u00e1konn\u00edka.<\/p>\n<p>&nbsp;<\/p>\n<h2>OBMEDZENIE ZODPOVEDNOSTI<\/h2>\n<p>U\u017e\u00edvate\u013e je informovan\u00fd, \u017ee nie sme zodpovedn\u00ed za kvalitu, dostupnos\u0165 alebo spo\u013eahlivos\u0165 telekomunika\u010dn\u00fdch siet\u00ed, ak\u00e9hoko\u013evek charakteru, pri pr\u00edstupe na str\u00e1nku.<\/p>\n<p>Je zodpovednos\u0165ou u\u017e\u00edvate\u013ea prija\u0165 v\u0161etky vhodn\u00e9 opatrenia na ochranu jeho vlastn\u00fdch \u00fadajov, softv\u00e9ru a zariaden\u00ed pred kontamin\u00e1ciou v\u00edrusmi alebo in\u00fdmi formami \u00fatokov, ktor\u00e9 sa m\u00f4\u017eu vyskytn\u00fa\u0165 prostredn\u00edctvom internetu alebo na str\u00e1nke. V \u017eiadnom pr\u00edpade nenesieme zodpovednos\u0165 za tieto rizik\u00e1 a ich d\u00f4sledky, bez oh\u013eadu na rozsah, ktor\u00fd m\u00f4\u017ee u\u017e\u00edvate\u013eovi sp\u00f4sobi\u0165 \u0161kodu.<\/p>\n<p>Sna\u017e\u00edme sa poskytn\u00fa\u0165 na str\u00e1nke inform\u00e1cie \u010do najpresnej\u0161ie. Nesprev\u00e1dzame v\u0161ak \u017eiadnu zodpovednos\u0165 za vynechania, nepresnosti a nedostatky v aktualiz\u00e1cii, \u010di u\u017e s\u00fa to na\u0161a chyba alebo chyba tret\u00edch str\u00e1n, ktor\u00e9 n\u00e1m tieto inform\u00e1cie poskytuj\u00fa.<\/p>\n<p>Vyhradzujeme si pr\u00e1vo kedyko\u013evek a bez predch\u00e1dzaj\u00faceho upozornenia upravi\u0165 obsah str\u00e1nky, preru\u0161i\u0165 alebo zastavi\u0165 \u010dinnos\u0165 celej alebo \u010dasti str\u00e1nky. Nenesieme zodpovednos\u0165 za d\u00f4sledky t\u00fdchto \u00faprav a preru\u0161en\u00ed.<\/p>\n<p>U\u017e\u00edvate\u013e je zodpovedn\u00fd vo\u010di n\u00e1m a\/alebo tretej strane za ak\u00e9ko\u013evek priame a\/alebo nepriame \u0161kody, ak\u00e9hoko\u013evek druhu, sp\u00f4soben\u00e9 u\u017e\u00edvate\u013eom a\/alebo jeho zamestnancami v d\u00f4sledku pou\u017e\u00edvania str\u00e1nky alebo jej obsahu v rozpore s t\u00fdmito podmienkami pou\u017e\u00edvania.<\/p>\n<p>&nbsp;<\/p>\n<h2>PLATN\u00c9 PR\u00c1VO<\/h2>\n<p>Str\u00e1nka a jej obsah podliehaj\u00fa franc\u00fazskym pr\u00e1vnym predpisom. Ak\u00fdko\u013evek spor vypl\u00fdvaj\u00faci z prehliadania alebo pou\u017e\u00edvania str\u00e1nky, najm\u00e4 t\u00fdchto v\u0161eobecn\u00fdch podmienok pou\u017e\u00edvania a ochrany osobn\u00fdch \u00fadajov, je podroben\u00fd v\u00fdlu\u010dnej jurisdikcii s\u00fadov v Lyone.<\/p>\n<p>&nbsp;<\/p>\n<p>D\u00e1tum poslednej aktualiz\u00e1cie:<br \/>\n11\/05\/2023<\/p>\n<\/div>\n\n\n        \n      <\/div>\n    <\/div>\n  <\/div>\n<\/div>\n\n<div class=\"m9-slogan bg-site bg-1\">\n  <div class=\"slogan\">\n    <div class=\"marquee\">\n      <div class=\"marquee__inner\" aria-hidden=\"true\">\n        <span>Your safety, your performance &#8211;<\/span>\n        <span>Your safety, your performance &#8211;<\/span>\n        <span>Your safety, your performance &#8211;<\/span>\n      <\/div>\n    <\/div>\n\n    <div class=\"marquee\">\n      <div class=\"marquee__inner left\" aria-hidden=\"true\">\n        <span>Your safety, your performance &#8211;<\/span>\n        <span>Your safety, your performance &#8211;<\/span>\n        <span>Your safety, your performance &#8211;<\/span>\n      <\/div>\n    <\/div>\n  <\/div>\n<\/div>","protected":false},"excerpt":{"rendered":"","protected":false},"author":1,"featured_media":0,"parent":0,"menu_order":0,"comment_status":"closed","ping_status":"closed","template":"","meta":{"_acf_changed":false,"footnotes":""},"class_list":["post-7454","page","type-page","status-publish","hentry"],"acf":[],"yoast_head":"<!-- This site is optimized with the Yoast SEO plugin v26.6 - https:\/\/yoast.com\/wordpress\/plugins\/seo\/ -->\n<title>PR\u00c1VNE UPOZORNENIE - Opsial<\/title>\n<meta name=\"robots\" content=\"index, follow, max-snippet:-1, max-image-preview:large, max-video-preview:-1\" \/>\n<link rel=\"canonical\" href=\"https:\/\/recette.opsial.com\/sk\/pravne-upozornenie\/\" \/>\n<meta property=\"og:locale\" content=\"sk_SK\" \/>\n<meta property=\"og:type\" content=\"article\" \/>\n<meta property=\"og:title\" content=\"PR\u00c1VNE UPOZORNENIE - Opsial\" \/>\n<meta property=\"og:url\" content=\"https:\/\/recette.opsial.com\/sk\/pravne-upozornenie\/\" \/>\n<meta property=\"og:site_name\" content=\"Opsial\" \/>\n<meta property=\"article:modified_time\" content=\"2023-10-24T13:59:34+00:00\" \/>\n<meta name=\"twitter:card\" content=\"summary_large_image\" \/>\n<script type=\"application\/ld+json\" class=\"yoast-schema-graph\">{\"@context\":\"https:\/\/schema.org\",\"@graph\":[{\"@type\":\"WebPage\",\"@id\":\"https:\/\/recette.opsial.com\/sk\/pravne-upozornenie\/\",\"url\":\"https:\/\/recette.opsial.com\/sk\/pravne-upozornenie\/\",\"name\":\"PR\u00c1VNE UPOZORNENIE - Opsial\",\"isPartOf\":{\"@id\":\"https:\/\/recette.opsial.com\/#website\"},\"datePublished\":\"2023-02-23T14:57:13+00:00\",\"dateModified\":\"2023-10-24T13:59:34+00:00\",\"breadcrumb\":{\"@id\":\"https:\/\/recette.opsial.com\/sk\/pravne-upozornenie\/#breadcrumb\"},\"inLanguage\":\"sk-SK\",\"potentialAction\":[{\"@type\":\"ReadAction\",\"target\":[\"https:\/\/recette.opsial.com\/sk\/pravne-upozornenie\/\"]}]},{\"@type\":\"BreadcrumbList\",\"@id\":\"https:\/\/recette.opsial.com\/sk\/pravne-upozornenie\/#breadcrumb\",\"itemListElement\":[{\"@type\":\"ListItem\",\"position\":1,\"name\":\"Accueil\",\"item\":\"https:\/\/recette.opsial.com\/sk\/\"},{\"@type\":\"ListItem\",\"position\":2,\"name\":\"PR\u00c1VNE UPOZORNENIE\"}]},{\"@type\":\"WebSite\",\"@id\":\"https:\/\/recette.opsial.com\/#website\",\"url\":\"https:\/\/recette.opsial.com\/\",\"name\":\"Opsial\",\"description\":\"Opsial\",\"potentialAction\":[{\"@type\":\"SearchAction\",\"target\":{\"@type\":\"EntryPoint\",\"urlTemplate\":\"https:\/\/recette.opsial.com\/?s={search_term_string}\"},\"query-input\":{\"@type\":\"PropertyValueSpecification\",\"valueRequired\":true,\"valueName\":\"search_term_string\"}}],\"inLanguage\":\"sk-SK\"}]}<\/script>\n<!-- \/ Yoast SEO plugin. -->","yoast_head_json":{"title":"PR\u00c1VNE UPOZORNENIE - Opsial","robots":{"index":"index","follow":"follow","max-snippet":"max-snippet:-1","max-image-preview":"max-image-preview:large","max-video-preview":"max-video-preview:-1"},"canonical":"https:\/\/recette.opsial.com\/sk\/pravne-upozornenie\/","og_locale":"sk_SK","og_type":"article","og_title":"PR\u00c1VNE UPOZORNENIE - Opsial","og_url":"https:\/\/recette.opsial.com\/sk\/pravne-upozornenie\/","og_site_name":"Opsial","article_modified_time":"2023-10-24T13:59:34+00:00","twitter_card":"summary_large_image","schema":{"@context":"https:\/\/schema.org","@graph":[{"@type":"WebPage","@id":"https:\/\/recette.opsial.com\/sk\/pravne-upozornenie\/","url":"https:\/\/recette.opsial.com\/sk\/pravne-upozornenie\/","name":"PR\u00c1VNE UPOZORNENIE - Opsial","isPartOf":{"@id":"https:\/\/recette.opsial.com\/#website"},"datePublished":"2023-02-23T14:57:13+00:00","dateModified":"2023-10-24T13:59:34+00:00","breadcrumb":{"@id":"https:\/\/recette.opsial.com\/sk\/pravne-upozornenie\/#breadcrumb"},"inLanguage":"sk-SK","potentialAction":[{"@type":"ReadAction","target":["https:\/\/recette.opsial.com\/sk\/pravne-upozornenie\/"]}]},{"@type":"BreadcrumbList","@id":"https:\/\/recette.opsial.com\/sk\/pravne-upozornenie\/#breadcrumb","itemListElement":[{"@type":"ListItem","position":1,"name":"Accueil","item":"https:\/\/recette.opsial.com\/sk\/"},{"@type":"ListItem","position":2,"name":"PR\u00c1VNE UPOZORNENIE"}]},{"@type":"WebSite","@id":"https:\/\/recette.opsial.com\/#website","url":"https:\/\/recette.opsial.com\/","name":"Opsial","description":"Opsial","potentialAction":[{"@type":"SearchAction","target":{"@type":"EntryPoint","urlTemplate":"https:\/\/recette.opsial.com\/?s={search_term_string}"},"query-input":{"@type":"PropertyValueSpecification","valueRequired":true,"valueName":"search_term_string"}}],"inLanguage":"sk-SK"}]}},"_links":{"self":[{"href":"https:\/\/recette.opsial.com\/sk\/wp-json\/wp\/v2\/pages\/7454","targetHints":{"allow":["GET"]}}],"collection":[{"href":"https:\/\/recette.opsial.com\/sk\/wp-json\/wp\/v2\/pages"}],"about":[{"href":"https:\/\/recette.opsial.com\/sk\/wp-json\/wp\/v2\/types\/page"}],"author":[{"embeddable":true,"href":"https:\/\/recette.opsial.com\/sk\/wp-json\/wp\/v2\/users\/1"}],"replies":[{"embeddable":true,"href":"https:\/\/recette.opsial.com\/sk\/wp-json\/wp\/v2\/comments?post=7454"}],"version-history":[{"count":4,"href":"https:\/\/recette.opsial.com\/sk\/wp-json\/wp\/v2\/pages\/7454\/revisions"}],"predecessor-version":[{"id":13975,"href":"https:\/\/recette.opsial.com\/sk\/wp-json\/wp\/v2\/pages\/7454\/revisions\/13975"}],"wp:attachment":[{"href":"https:\/\/recette.opsial.com\/sk\/wp-json\/wp\/v2\/media?parent=7454"}],"curies":[{"name":"wp","href":"https:\/\/api.w.org\/{rel}","templated":true}]}}