{"id":7442,"date":"2022-11-08T14:50:42","date_gmt":"2022-11-08T13:50:42","guid":{"rendered":"https:\/\/recette.opsial.com\/la-marque-opsial-sk\/"},"modified":"2023-10-09T10:27:15","modified_gmt":"2023-10-09T08:27:15","slug":"znacka-opsial","status":"publish","type":"page","link":"https:\/\/recette.opsial.com\/sk\/znacka-opsial\/","title":{"rendered":"ZNA\u010cKA OPSIAL"},"content":{"rendered":"\n<div class=\"container m5-paragraphe\">\n  <div class=\"row\">\n    <div class=\"col-lg-12 col-12\">\n        <h2 class=\"h2-title color-title\">Na\u0161e poslanie: chr\u00e1ni\u0165 v\u00e1s<\/h2>\n      <div class=\"content-text d-flex flex-column justify-content-center\">\n        <div class=\"text color-text\"><p>Spolo\u010dnos\u0165 OPSIAL u\u017e viac ako 20 rokov podporuje profesion\u00e1lov kompletn\u00fdm <strong>sortimentom osobn\u00fdch ochrann\u00fdch prostriedkov (OOPP), ktor\u00e9 sp\u00e1jaj\u00fa technickos\u0165, pohodlie a \u0161t\u00fdl.<\/strong><\/p>\n<p>Preto\u017ee v\u00e1s pozn\u00e1me dokonale, vyvinuli sme produkty, ktor\u00e9 s\u00fa \u00faplne prisp\u00f4soben\u00e9 va\u0161im potreb\u00e1m, bez oh\u013eadu na va\u0161e pracovn\u00e9 prostredie: priemysel, stavba, verejn\u00e9 pr\u00e1ce, logistika, slu\u017eby, energetika&#8230;<\/p>\n<\/div>\n\n\n        \n      <\/div>\n    <\/div>\n  <\/div>\n<\/div>\n\n<div class=\"m7-indicateurs bg-site d-flex align-items-center bg-m7-1\">\n\n  <div class=\"container\">\n    <div class=\"slider-variable\" data-number=\"4\">\n              <div class=\"item-produit\">\n          <div class=\"square d-flex justify-content-center align-items-center pos-rel\">\n            <img class=\"img-fluid\"src=\"https:\/\/recette.opsial.com\/wp-content\/uploads\/sites\/2\/2023\/05\/Pictos_page_Marque_OPSIAL_01.png\" alt=\"\" height=\"166\">\n          <\/div>\n          \n          <h3 class=\"sous-titre font-title\">V\u00fdvoj v\u00fdrobkov vo Franc\u00fazsku<\/h3>\n        <\/div>\n\n              <div class=\"item-produit\">\n          <div class=\"square d-flex justify-content-center align-items-center pos-rel\">\n            <img class=\"img-fluid\"src=\"https:\/\/recette.opsial.com\/wp-content\/uploads\/sites\/2\/2023\/05\/Pictos_page_Marque_OPSIAL_02.png\" alt=\"\" height=\"166\">\n          <\/div>\n          \n          <h3 class=\"sous-titre font-title\">Pr\u00edsny v\u00fdber surov\u00edn<\/h3>\n        <\/div>\n\n              <div class=\"item-produit\">\n          <div class=\"square d-flex justify-content-center align-items-center pos-rel\">\n            <img class=\"img-fluid\"src=\"https:\/\/recette.opsial.com\/wp-content\/uploads\/sites\/2\/2023\/05\/Pictos_page_Marque_OPSIAL_103x117px-03-2.png\" alt=\"\" height=\"166\">\n          <\/div>\n          \n          <h3 class=\"sous-titre font-title\">Posilnen\u00e1 kontrola kvality<\/h3>\n        <\/div>\n\n              <div class=\"item-produit\">\n          <div class=\"square d-flex justify-content-center align-items-center pos-rel\">\n            <img class=\"img-fluid\"src=\"https:\/\/recette.opsial.com\/wp-content\/uploads\/sites\/2\/2023\/05\/essai_Plan-de-travail-1-2.png\" alt=\"\" height=\"166\">\n          <\/div>\n          \n          <h3 class=\"sous-titre font-title\">Opsial Greener Together<\/h3>\n        <\/div>\n\n      \n\n    <\/div>\n\t<\/div>\n\n  \n    \n<\/div>\n\n  \n\n<div class=\"hp-video-fullwidth\" data-id=\"WpXxy3YmoXQ\" data-type=\"youtube\">\n  <div class=\"container bg-image w-100 pos-rel\" style=\"background-image: linear-gradient(#00000080, #00000080), url('https:\/\/recette.opsial.com\/wp-content\/uploads\/sites\/2\/2022\/11\/decouvrez_la_marque-1.png');\">\n    <h2 class=\"title-video pos-abs color-white font-title\">Objavte zna\u010dku Opsial za 1 min\u00fatu<\/h2>\n    <img loading=\"lazy\" decoding=\"async\" class=\"mobil-play\" src=\"https:\/\/recette.opsial.com\/wp-content\/themes\/xhander_uas\/dist\/images\/player.png\"  alt=\"play\" width=\"100\" height=\"100\">\n    <div class=\"embed-container pos-rel\">\n      <div class=\"videoContainer\"><\/div>\n    <\/div>\n  <\/div>\n<\/div>\n\n<div class=\"m6-points-cles\">\n  <div class=\"row m-0 p-0\">\n    <div class=\"col-lg-6 col-12 p-0 col-text order-lg-first order-first\">\n      <div class=\"content-text d-flex flex-column justify-content-center\">\n        <h2 class=\"h2-title color-title\">3 hodnoty, ktor\u00e9 n\u00e1s ka\u017edodenne in\u0161piruj\u00fa<\/h2>\n\n                              <h3 class=\"mot-cle border-b font-headings color-text\">EXCELENCIA<\/h3>\n                                        <h3 class=\"mot-cle border-b font-headings color-text\">V\u00c1\u0160E\u0147<\/h3>\n                                        <h3 class=\"mot-cle font-headings color-text\">D\u00d4VERA<\/h3>\n                  \n      <\/div>\n    <\/div>\n\n              \n    \n    <div class=\"col-lg-6 col-12 p-0 col-img order-lg-last order-last\">\n      <img decoding=\"async\" class=\"img\" src=\"https:\/\/recette.opsial.com\/wp-content\/uploads\/sites\/2\/2023\/03\/JEROME_FIEVET_OPSIAL_DAY3_13720_960x960px.png\" alt=\"\" width=\"960\">\n    <\/div>\n  <\/div>\n<\/div>\n\n<div class=\"m10-text-image2\">\n  <div class=\"container\">\n    <h2 class=\"h2-title color-title\">Na\u0161e z\u00e1v\u00e4zky vo\u010di na\u0161im z\u00e1kazn\u00edkom<\/h2>\n    \n        <div class=\"row row-bloc\">\n      <div class=\"col-lg-6 col-12 col-text order-lg-last order-first\">\n        <div class=\"content-text d-flex flex-column justify-content-center\">\n          <h3 class=\"h3-title color-title\"><\/h3>\n          <div class=\"text color-text\"><p><strong>Pre OPSIAL je ochrana viac ako len po\u017eiadavka: je to z\u00e1v\u00e4zok.<\/strong><\/p>\n<ul>\n<li>Navrhovanie vysokokvalitn\u00fdch v\u00fdrobkov: zmena a z\u00e1rove\u0148 dostupnos\u0165<\/li>\n<li>Pozorne po\u010d\u00fava\u0165 na\u0161ich z\u00e1kazn\u00edkov a n\u00e1js\u0165 produkt, ktor\u00fd im na 100% vyhovuje<\/li>\n<li>Neust\u00e1le pos\u00favanie hran\u00edc prostredn\u00edctvom inov\u00e1ci\u00ed a zlep\u0161en\u00ed<\/li>\n<\/ul>\n<\/div>\n          \n        <\/div>\n      <\/div>\n\n                          \n      <div class=\"col-lg-6 col-12 col-img order-lg-first order-last\">\n                <img decoding=\"async\" class=\"img-fluid\" src=\"https:\/\/recette.opsial.com\/wp-content\/uploads\/sites\/2\/2022\/11\/VISUEL-LOGISTIQUE-1.png\" alt=\"\">\n              <\/div>\n    <\/div>\n    <\/div>\n<\/div>\n\n\n<div class=\"container m5-paragraphe\">\n  <div class=\"row\">\n    <div class=\"col-lg-12 col-12\">\n        <h2 class=\"h2-title color-title\">Rozsiahla ponuka pre uspokojenie v\u0161etk\u00fdch potrieb<\/h2>\n      <div class=\"content-text d-flex flex-column justify-content-center\">\n        <div class=\"text color-text\"><p>Chr\u00e1\u0148te sa od hlavy po p\u00e4ty spo\u013eahliv\u00fdmi, odoln\u00fdmi a pohodln\u00fdmi v\u00fdrobkami. Na\u0161\u00edm cie\u013eom je poskytova\u0165 v\u00e1m vysokokvalitn\u00e9 v\u00fdrobky, ktor\u00e9 dokonale sp\u013a\u0148aj\u00fa va\u0161e potreby a po\u017eiadavky. Objavte \u0161irok\u00fd sortiment osobn\u00fdch ochrann\u00fdch pracovn\u00fdch prostriedkov, ktor\u00fdmi je v s\u00fa\u010dasnosti vybaven\u00fdch viac ako 250 000 profesion\u00e1lov vo Franc\u00fazsku a v zahrani\u010d\u00ed.<\/p>\n<\/div>\n\n\n        \n      <\/div>\n    <\/div>\n  <\/div>\n<\/div>\n\n<div class=\"m11-image-fullscreen\">\n    <div>\n      <img decoding=\"async\" src=\"https:\/\/recette.opsial.com\/wp-content\/uploads\/sites\/2\/2023\/03\/Bandeau_Marque_V2_1934x661px.jpg\" alt=\"\"\/>\n    <\/div>\n<\/div>\n\n<div class=\"m9-slogan bg-site bg-1\">\n  <div class=\"slogan\">\n    <div class=\"marquee\">\n      <div class=\"marquee__inner\" aria-hidden=\"true\">\n        <span>Your safety, your performance &#8211;<\/span>\n        <span>Your safety, your performance &#8211;<\/span>\n        <span>Your safety, your performance &#8211;<\/span>\n      <\/div>\n    <\/div>\n\n    <div class=\"marquee\">\n      <div class=\"marquee__inner left\" aria-hidden=\"true\">\n        <span>Your safety, your performance &#8211;<\/span>\n        <span>Your safety, your performance &#8211;<\/span>\n        <span>Your safety, your performance &#8211;<\/span>\n      <\/div>\n    <\/div>\n  <\/div>\n<\/div>","protected":false},"excerpt":{"rendered":"","protected":false},"author":1,"featured_media":4974,"parent":0,"menu_order":0,"comment_status":"closed","ping_status":"closed","template":"","meta":{"_acf_changed":false,"footnotes":""},"class_list":["post-7442","page","type-page","status-publish","has-post-thumbnail","hentry"],"acf":[],"yoast_head":"<!-- This site is optimized with the Yoast SEO plugin v26.6 - https:\/\/yoast.com\/wordpress\/plugins\/seo\/ -->\n<title>ZNA\u010cKA OPSIAL - Opsial<\/title>\n<meta name=\"robots\" content=\"index, follow, max-snippet:-1, max-image-preview:large, max-video-preview:-1\" \/>\n<link rel=\"canonical\" href=\"https:\/\/recette.opsial.com\/marque\/\" \/>\n<meta property=\"og:locale\" content=\"sk_SK\" \/>\n<meta property=\"og:type\" content=\"article\" \/>\n<meta property=\"og:title\" content=\"ZNA\u010cKA OPSIAL - Opsial\" \/>\n<meta property=\"og:url\" content=\"https:\/\/recette.opsial.com\/marque\/\" \/>\n<meta property=\"og:site_name\" content=\"Opsial\" \/>\n<meta property=\"article:modified_time\" content=\"2023-10-09T08:27:15+00:00\" \/>\n<meta property=\"og:image\" content=\"https:\/\/recette.opsial.com\/wp-content\/uploads\/sites\/2\/2023\/02\/OPSIAL_banniere_site.jpg\" \/>\n\t<meta property=\"og:image:width\" content=\"1920\" \/>\n\t<meta property=\"og:image:height\" content=\"660\" \/>\n\t<meta property=\"og:image:type\" content=\"image\/jpeg\" \/>\n<meta name=\"twitter:card\" content=\"summary_large_image\" \/>\n<script type=\"application\/ld+json\" class=\"yoast-schema-graph\">{\"@context\":\"https:\/\/schema.org\",\"@graph\":[{\"@type\":\"WebPage\",\"@id\":\"https:\/\/recette.opsial.com\/marque\/\",\"url\":\"https:\/\/recette.opsial.com\/marque\/\",\"name\":\"ZNA\u010cKA OPSIAL - Opsial\",\"isPartOf\":{\"@id\":\"https:\/\/recette.opsial.com\/#website\"},\"primaryImageOfPage\":{\"@id\":\"https:\/\/recette.opsial.com\/marque\/#primaryimage\"},\"image\":{\"@id\":\"https:\/\/recette.opsial.com\/marque\/#primaryimage\"},\"thumbnailUrl\":\"https:\/\/recette.opsial.com\/wp-content\/uploads\/sites\/2\/2023\/02\/OPSIAL_banniere_site.jpg\",\"datePublished\":\"2022-11-08T13:50:42+00:00\",\"dateModified\":\"2023-10-09T08:27:15+00:00\",\"breadcrumb\":{\"@id\":\"https:\/\/recette.opsial.com\/marque\/#breadcrumb\"},\"inLanguage\":\"sk-SK\",\"potentialAction\":[{\"@type\":\"ReadAction\",\"target\":[\"https:\/\/recette.opsial.com\/marque\/\"]}]},{\"@type\":\"ImageObject\",\"inLanguage\":\"sk-SK\",\"@id\":\"https:\/\/recette.opsial.com\/marque\/#primaryimage\",\"url\":\"https:\/\/recette.opsial.com\/wp-content\/uploads\/sites\/2\/2023\/02\/OPSIAL_banniere_site.jpg\",\"contentUrl\":\"https:\/\/recette.opsial.com\/wp-content\/uploads\/sites\/2\/2023\/02\/OPSIAL_banniere_site.jpg\",\"width\":1920,\"height\":660},{\"@type\":\"BreadcrumbList\",\"@id\":\"https:\/\/recette.opsial.com\/marque\/#breadcrumb\",\"itemListElement\":[{\"@type\":\"ListItem\",\"position\":1,\"name\":\"Accueil\",\"item\":\"https:\/\/recette.opsial.com\/sk\/\"},{\"@type\":\"ListItem\",\"position\":2,\"name\":\"ZNA\u010cKA OPSIAL\"}]},{\"@type\":\"WebSite\",\"@id\":\"https:\/\/recette.opsial.com\/#website\",\"url\":\"https:\/\/recette.opsial.com\/\",\"name\":\"Opsial\",\"description\":\"Opsial\",\"potentialAction\":[{\"@type\":\"SearchAction\",\"target\":{\"@type\":\"EntryPoint\",\"urlTemplate\":\"https:\/\/recette.opsial.com\/?s={search_term_string}\"},\"query-input\":{\"@type\":\"PropertyValueSpecification\",\"valueRequired\":true,\"valueName\":\"search_term_string\"}}],\"inLanguage\":\"sk-SK\"}]}<\/script>\n<!-- \/ Yoast SEO plugin. -->","yoast_head_json":{"title":"ZNA\u010cKA OPSIAL - Opsial","robots":{"index":"index","follow":"follow","max-snippet":"max-snippet:-1","max-image-preview":"max-image-preview:large","max-video-preview":"max-video-preview:-1"},"canonical":"https:\/\/recette.opsial.com\/marque\/","og_locale":"sk_SK","og_type":"article","og_title":"ZNA\u010cKA OPSIAL - Opsial","og_url":"https:\/\/recette.opsial.com\/marque\/","og_site_name":"Opsial","article_modified_time":"2023-10-09T08:27:15+00:00","og_image":[{"width":1920,"height":660,"url":"https:\/\/recette.opsial.com\/wp-content\/uploads\/sites\/2\/2023\/02\/OPSIAL_banniere_site.jpg","type":"image\/jpeg"}],"twitter_card":"summary_large_image","schema":{"@context":"https:\/\/schema.org","@graph":[{"@type":"WebPage","@id":"https:\/\/recette.opsial.com\/marque\/","url":"https:\/\/recette.opsial.com\/marque\/","name":"ZNA\u010cKA OPSIAL - Opsial","isPartOf":{"@id":"https:\/\/recette.opsial.com\/#website"},"primaryImageOfPage":{"@id":"https:\/\/recette.opsial.com\/marque\/#primaryimage"},"image":{"@id":"https:\/\/recette.opsial.com\/marque\/#primaryimage"},"thumbnailUrl":"https:\/\/recette.opsial.com\/wp-content\/uploads\/sites\/2\/2023\/02\/OPSIAL_banniere_site.jpg","datePublished":"2022-11-08T13:50:42+00:00","dateModified":"2023-10-09T08:27:15+00:00","breadcrumb":{"@id":"https:\/\/recette.opsial.com\/marque\/#breadcrumb"},"inLanguage":"sk-SK","potentialAction":[{"@type":"ReadAction","target":["https:\/\/recette.opsial.com\/marque\/"]}]},{"@type":"ImageObject","inLanguage":"sk-SK","@id":"https:\/\/recette.opsial.com\/marque\/#primaryimage","url":"https:\/\/recette.opsial.com\/wp-content\/uploads\/sites\/2\/2023\/02\/OPSIAL_banniere_site.jpg","contentUrl":"https:\/\/recette.opsial.com\/wp-content\/uploads\/sites\/2\/2023\/02\/OPSIAL_banniere_site.jpg","width":1920,"height":660},{"@type":"BreadcrumbList","@id":"https:\/\/recette.opsial.com\/marque\/#breadcrumb","itemListElement":[{"@type":"ListItem","position":1,"name":"Accueil","item":"https:\/\/recette.opsial.com\/sk\/"},{"@type":"ListItem","position":2,"name":"ZNA\u010cKA OPSIAL"}]},{"@type":"WebSite","@id":"https:\/\/recette.opsial.com\/#website","url":"https:\/\/recette.opsial.com\/","name":"Opsial","description":"Opsial","potentialAction":[{"@type":"SearchAction","target":{"@type":"EntryPoint","urlTemplate":"https:\/\/recette.opsial.com\/?s={search_term_string}"},"query-input":{"@type":"PropertyValueSpecification","valueRequired":true,"valueName":"search_term_string"}}],"inLanguage":"sk-SK"}]}},"_links":{"self":[{"href":"https:\/\/recette.opsial.com\/sk\/wp-json\/wp\/v2\/pages\/7442","targetHints":{"allow":["GET"]}}],"collection":[{"href":"https:\/\/recette.opsial.com\/sk\/wp-json\/wp\/v2\/pages"}],"about":[{"href":"https:\/\/recette.opsial.com\/sk\/wp-json\/wp\/v2\/types\/page"}],"author":[{"embeddable":true,"href":"https:\/\/recette.opsial.com\/sk\/wp-json\/wp\/v2\/users\/1"}],"replies":[{"embeddable":true,"href":"https:\/\/recette.opsial.com\/sk\/wp-json\/wp\/v2\/comments?post=7442"}],"version-history":[{"count":3,"href":"https:\/\/recette.opsial.com\/sk\/wp-json\/wp\/v2\/pages\/7442\/revisions"}],"predecessor-version":[{"id":12595,"href":"https:\/\/recette.opsial.com\/sk\/wp-json\/wp\/v2\/pages\/7442\/revisions\/12595"}],"wp:featuredmedia":[{"embeddable":true,"href":"https:\/\/recette.opsial.com\/sk\/wp-json\/wp\/v2\/media\/4974"}],"wp:attachment":[{"href":"https:\/\/recette.opsial.com\/sk\/wp-json\/wp\/v2\/media?parent=7442"}],"curies":[{"name":"wp","href":"https:\/\/api.w.org\/{rel}","templated":true}]}}