{"id":7413,"date":"2022-11-08T14:51:35","date_gmt":"2022-11-08T13:51:35","guid":{"rendered":"https:\/\/recette.opsial.com\/distributeurs-partenaires-sk\/"},"modified":"2023-10-09T10:40:55","modified_gmt":"2023-10-09T08:40:55","slug":"distribucni-partneri","status":"publish","type":"page","link":"https:\/\/recette.opsial.com\/sk\/distribucni-partneri\/","title":{"rendered":"DISTRIBU\u010cN\u00cd PARTNERI"},"content":{"rendered":"\n<div class=\"container m5-paragraphe\">\n  <div class=\"row\">\n    <div class=\"col-lg-12 col-12\">\n        <h2 class=\"h2-title color-title\"><\/h2>\n      <div class=\"content-text d-flex flex-column justify-content-center\">\n        <div class=\"text color-text\"><p>Zna\u010dka OPSIAL je roz\u0161\u00edren\u00e1 po celom svete prostredn\u00edctvom siete 730 miestnych predajn\u00ed v 16 krajin\u00e1ch.<\/p>\n<p>Ni\u017e\u0161ie n\u00e1jdete v\u0161etk\u00fdch na\u0161ich partnersk\u00fdch distrib\u00fatorov.<\/p>\n<\/div>\n\n\n        \n      <\/div>\n    <\/div>\n  <\/div>\n<\/div>\n\n<div class=\"m14-carte-interactive\">\n\t<form id=\"carteinteractive\" action=\"#\" method=\"GET\">\n    <div class=\"container\">\n      <div class=\"row\">\n        <h2 class=\"h2-title color-title\">Vyberte regi\u00f3n a krajinu<\/h2>\n        <div class=\"col-12 col-lg-12\">\n          <div class=\"content-map d-flex flex-column justify-content-center\">\n            <div class=\"row\">\n              <div class=\"col-12 col-lg-custom-45\">\n                                  <select name=\"continents\" id=\"continentlist\" class=\"selectric\">\n                      <option value=\"\">Kontinent<\/option>\n                                              <option value=\"afrika-sk\" >Afrika<\/option>\n                                              <option value=\"amerika-sk\" >Amerika<\/option>\n                                              <option value=\"europa\" selected=\"selected\">Eur\u00f3pa<\/option>\n                                        <\/select>\n                              <\/div>\n              <div class=\"col-12 col-lg-custom-10\"><\/div>\n              <div class=\"col-12 col-lg-custom-45\">\n                <select name=\"pays\" id=\"payslist\" class=\"selectric\">\n                    <option value=\"\">Krajina<\/option>\n                                    <\/select>\n              <\/div>\n            <\/div>\n          <\/div>\n        <\/div>\n      <\/div>\n    <\/div>\n    <div id=\"mapInfos\">\n      <div class=\"content-map-infos\">\n        <div class=\"container container-map\">\n          <div class=\"row\">\n                      <\/div>\n        <\/div>\n              <\/div>\n    <\/div>\n  <\/form>\n<\/div>\n\n<div class=\"m9-slogan bg-site bg-1\">\n  <div class=\"slogan\">\n    <div class=\"marquee\">\n      <div class=\"marquee__inner\" aria-hidden=\"true\">\n        <span>Your safety, your performance &#8211;<\/span>\n        <span>Your safety, your performance &#8211;<\/span>\n        <span>Your safety, your performance &#8211;<\/span>\n      <\/div>\n    <\/div>\n\n    <div class=\"marquee\">\n      <div class=\"marquee__inner left\" aria-hidden=\"true\">\n        <span>Your safety, your performance &#8211;<\/span>\n        <span>Your safety, your performance &#8211;<\/span>\n        <span>Your safety, your performance &#8211;<\/span>\n      <\/div>\n    <\/div>\n  <\/div>\n<\/div>","protected":false},"excerpt":{"rendered":"","protected":false},"author":1,"featured_media":5816,"parent":0,"menu_order":0,"comment_status":"closed","ping_status":"closed","template":"","meta":{"_acf_changed":false,"footnotes":""},"class_list":["post-7413","page","type-page","status-publish","has-post-thumbnail","hentry"],"acf":[],"yoast_head":"<!-- This site is optimized with the Yoast SEO plugin v26.6 - https:\/\/yoast.com\/wordpress\/plugins\/seo\/ -->\n<title>DISTRIBU\u010cN\u00cd PARTNERI - Opsial<\/title>\n<meta name=\"robots\" content=\"index, follow, max-snippet:-1, max-image-preview:large, max-video-preview:-1\" \/>\n<link rel=\"canonical\" href=\"https:\/\/recette.opsial.com\/sk\/distribucni-partneri\/\" \/>\n<meta property=\"og:locale\" content=\"sk_SK\" \/>\n<meta property=\"og:type\" content=\"article\" \/>\n<meta property=\"og:title\" content=\"DISTRIBU\u010cN\u00cd PARTNERI - Opsial\" \/>\n<meta property=\"og:url\" content=\"https:\/\/recette.opsial.com\/sk\/distribucni-partneri\/\" \/>\n<meta property=\"og:site_name\" content=\"Opsial\" \/>\n<meta property=\"article:modified_time\" content=\"2023-10-09T08:40:55+00:00\" \/>\n<meta property=\"og:image\" content=\"https:\/\/recette.opsial.com\/wp-content\/uploads\/sites\/2\/2023\/03\/MicrosoftTeams-image-3.png\" \/>\n\t<meta property=\"og:image:width\" content=\"1934\" \/>\n\t<meta property=\"og:image:height\" content=\"661\" \/>\n\t<meta property=\"og:image:type\" content=\"image\/png\" \/>\n<meta name=\"twitter:card\" content=\"summary_large_image\" \/>\n<script type=\"application\/ld+json\" class=\"yoast-schema-graph\">{\"@context\":\"https:\/\/schema.org\",\"@graph\":[{\"@type\":\"WebPage\",\"@id\":\"https:\/\/recette.opsial.com\/sk\/distribucni-partneri\/\",\"url\":\"https:\/\/recette.opsial.com\/sk\/distribucni-partneri\/\",\"name\":\"DISTRIBU\u010cN\u00cd PARTNERI - Opsial\",\"isPartOf\":{\"@id\":\"https:\/\/recette.opsial.com\/#website\"},\"primaryImageOfPage\":{\"@id\":\"https:\/\/recette.opsial.com\/sk\/distribucni-partneri\/#primaryimage\"},\"image\":{\"@id\":\"https:\/\/recette.opsial.com\/sk\/distribucni-partneri\/#primaryimage\"},\"thumbnailUrl\":\"https:\/\/recette.opsial.com\/wp-content\/uploads\/sites\/2\/2023\/03\/MicrosoftTeams-image-3.png\",\"datePublished\":\"2022-11-08T13:51:35+00:00\",\"dateModified\":\"2023-10-09T08:40:55+00:00\",\"breadcrumb\":{\"@id\":\"https:\/\/recette.opsial.com\/sk\/distribucni-partneri\/#breadcrumb\"},\"inLanguage\":\"sk-SK\",\"potentialAction\":[{\"@type\":\"ReadAction\",\"target\":[\"https:\/\/recette.opsial.com\/sk\/distribucni-partneri\/\"]}]},{\"@type\":\"ImageObject\",\"inLanguage\":\"sk-SK\",\"@id\":\"https:\/\/recette.opsial.com\/sk\/distribucni-partneri\/#primaryimage\",\"url\":\"https:\/\/recette.opsial.com\/wp-content\/uploads\/sites\/2\/2023\/03\/MicrosoftTeams-image-3.png\",\"contentUrl\":\"https:\/\/recette.opsial.com\/wp-content\/uploads\/sites\/2\/2023\/03\/MicrosoftTeams-image-3.png\",\"width\":1934,\"height\":661},{\"@type\":\"BreadcrumbList\",\"@id\":\"https:\/\/recette.opsial.com\/sk\/distribucni-partneri\/#breadcrumb\",\"itemListElement\":[{\"@type\":\"ListItem\",\"position\":1,\"name\":\"Accueil\",\"item\":\"https:\/\/recette.opsial.com\/sk\/\"},{\"@type\":\"ListItem\",\"position\":2,\"name\":\"DISTRIBU\u010cN\u00cd PARTNERI\"}]},{\"@type\":\"WebSite\",\"@id\":\"https:\/\/recette.opsial.com\/#website\",\"url\":\"https:\/\/recette.opsial.com\/\",\"name\":\"Opsial\",\"description\":\"Opsial\",\"potentialAction\":[{\"@type\":\"SearchAction\",\"target\":{\"@type\":\"EntryPoint\",\"urlTemplate\":\"https:\/\/recette.opsial.com\/?s={search_term_string}\"},\"query-input\":{\"@type\":\"PropertyValueSpecification\",\"valueRequired\":true,\"valueName\":\"search_term_string\"}}],\"inLanguage\":\"sk-SK\"}]}<\/script>\n<!-- \/ Yoast SEO plugin. -->","yoast_head_json":{"title":"DISTRIBU\u010cN\u00cd PARTNERI - Opsial","robots":{"index":"index","follow":"follow","max-snippet":"max-snippet:-1","max-image-preview":"max-image-preview:large","max-video-preview":"max-video-preview:-1"},"canonical":"https:\/\/recette.opsial.com\/sk\/distribucni-partneri\/","og_locale":"sk_SK","og_type":"article","og_title":"DISTRIBU\u010cN\u00cd PARTNERI - Opsial","og_url":"https:\/\/recette.opsial.com\/sk\/distribucni-partneri\/","og_site_name":"Opsial","article_modified_time":"2023-10-09T08:40:55+00:00","og_image":[{"width":1934,"height":661,"url":"https:\/\/recette.opsial.com\/wp-content\/uploads\/sites\/2\/2023\/03\/MicrosoftTeams-image-3.png","type":"image\/png"}],"twitter_card":"summary_large_image","schema":{"@context":"https:\/\/schema.org","@graph":[{"@type":"WebPage","@id":"https:\/\/recette.opsial.com\/sk\/distribucni-partneri\/","url":"https:\/\/recette.opsial.com\/sk\/distribucni-partneri\/","name":"DISTRIBU\u010cN\u00cd PARTNERI - Opsial","isPartOf":{"@id":"https:\/\/recette.opsial.com\/#website"},"primaryImageOfPage":{"@id":"https:\/\/recette.opsial.com\/sk\/distribucni-partneri\/#primaryimage"},"image":{"@id":"https:\/\/recette.opsial.com\/sk\/distribucni-partneri\/#primaryimage"},"thumbnailUrl":"https:\/\/recette.opsial.com\/wp-content\/uploads\/sites\/2\/2023\/03\/MicrosoftTeams-image-3.png","datePublished":"2022-11-08T13:51:35+00:00","dateModified":"2023-10-09T08:40:55+00:00","breadcrumb":{"@id":"https:\/\/recette.opsial.com\/sk\/distribucni-partneri\/#breadcrumb"},"inLanguage":"sk-SK","potentialAction":[{"@type":"ReadAction","target":["https:\/\/recette.opsial.com\/sk\/distribucni-partneri\/"]}]},{"@type":"ImageObject","inLanguage":"sk-SK","@id":"https:\/\/recette.opsial.com\/sk\/distribucni-partneri\/#primaryimage","url":"https:\/\/recette.opsial.com\/wp-content\/uploads\/sites\/2\/2023\/03\/MicrosoftTeams-image-3.png","contentUrl":"https:\/\/recette.opsial.com\/wp-content\/uploads\/sites\/2\/2023\/03\/MicrosoftTeams-image-3.png","width":1934,"height":661},{"@type":"BreadcrumbList","@id":"https:\/\/recette.opsial.com\/sk\/distribucni-partneri\/#breadcrumb","itemListElement":[{"@type":"ListItem","position":1,"name":"Accueil","item":"https:\/\/recette.opsial.com\/sk\/"},{"@type":"ListItem","position":2,"name":"DISTRIBU\u010cN\u00cd PARTNERI"}]},{"@type":"WebSite","@id":"https:\/\/recette.opsial.com\/#website","url":"https:\/\/recette.opsial.com\/","name":"Opsial","description":"Opsial","potentialAction":[{"@type":"SearchAction","target":{"@type":"EntryPoint","urlTemplate":"https:\/\/recette.opsial.com\/?s={search_term_string}"},"query-input":{"@type":"PropertyValueSpecification","valueRequired":true,"valueName":"search_term_string"}}],"inLanguage":"sk-SK"}]}},"_links":{"self":[{"href":"https:\/\/recette.opsial.com\/sk\/wp-json\/wp\/v2\/pages\/7413","targetHints":{"allow":["GET"]}}],"collection":[{"href":"https:\/\/recette.opsial.com\/sk\/wp-json\/wp\/v2\/pages"}],"about":[{"href":"https:\/\/recette.opsial.com\/sk\/wp-json\/wp\/v2\/types\/page"}],"author":[{"embeddable":true,"href":"https:\/\/recette.opsial.com\/sk\/wp-json\/wp\/v2\/users\/1"}],"replies":[{"embeddable":true,"href":"https:\/\/recette.opsial.com\/sk\/wp-json\/wp\/v2\/comments?post=7413"}],"version-history":[{"count":5,"href":"https:\/\/recette.opsial.com\/sk\/wp-json\/wp\/v2\/pages\/7413\/revisions"}],"predecessor-version":[{"id":12931,"href":"https:\/\/recette.opsial.com\/sk\/wp-json\/wp\/v2\/pages\/7413\/revisions\/12931"}],"wp:featuredmedia":[{"embeddable":true,"href":"https:\/\/recette.opsial.com\/sk\/wp-json\/wp\/v2\/media\/5816"}],"wp:attachment":[{"href":"https:\/\/recette.opsial.com\/sk\/wp-json\/wp\/v2\/media?parent=7413"}],"curies":[{"name":"wp","href":"https:\/\/api.w.org\/{rel}","templated":true}]}}