{"id":7403,"date":"2023-05-17T10:12:44","date_gmt":"2023-05-17T08:12:44","guid":{"rendered":"https:\/\/recette.opsial.com\/cookies-sk\/"},"modified":"2023-10-24T15:59:36","modified_gmt":"2023-10-24T13:59:36","slug":"cookies","status":"publish","type":"page","link":"https:\/\/recette.opsial.com\/sk\/cookies\/","title":{"rendered":"COOKIES"},"content":{"rendered":"\n<div class=\"container m5-paragraphe\">\n  <div class=\"row\">\n    <div class=\"col-lg-12 col-12\">\n        <h2 class=\"h2-title color-title\"><\/h2>\n      <div class=\"content-text d-flex flex-column justify-content-center\">\n        <div class=\"text color-text\"><p class=\"CookieDeclarationDialogText\">Pou\u017e\u00edvame cookies na ochranu va\u0161ich \u00fadajov. Cookies pou\u017e\u00edvame na:<\/p>\n<ul>\n<li class=\"CookieDeclarationDialogText\">Zabezpe\u010denie bezpe\u010dn\u00e9ho prehliadania<\/li>\n<li class=\"CookieDeclarationDialogText\">Zobrazenie personalizovan\u00e9ho obsahu pod\u013ea va\u0161ich z\u00e1ujmov<\/li>\n<li class=\"CookieDeclarationDialogText\">Zhroma\u017e\u010fova\u0165 \u0161tatistiky na zlep\u0161enie webovej str\u00e1nky<\/li>\n<\/ul>\n<p class=\"CookieDeclarationDialogText\">Svoje rozhodnutie m\u00f4\u017eete kedyko\u013evek zmeni\u0165 \u00fapravou nastaven\u00ed s\u00faborov cookie.<\/p>\n<p class=\"CookieDeclarationDialogText\">S\u00fabory cookie s\u00fa mal\u00e9 textov\u00e9 s\u00fabory, ktor\u00e9 m\u00f4\u017eu webov\u00e9 str\u00e1nky pou\u017e\u00edva\u0165 na zefekt\u00edvnenie pr\u00e1ce pou\u017e\u00edvate\u013ea.<\/p>\n<p class=\"CookieDeclarationDialogText\">Z\u00e1kon stanovuje, \u017ee m\u00f4\u017eeme uklada\u0165 cookies na va\u0161om zariaden\u00ed iba v pr\u00edpade, ak s\u00fa nevyhnutn\u00e9 pre spr\u00e1vne fungovanie tejto webovej str\u00e1nky. Pre v\u0161etky ostatn\u00e9 typy cookies potrebujeme va\u0161e povolenie.<\/p>\n<p class=\"CookieDeclarationDialogText\">T\u00e1to str\u00e1nka pou\u017e\u00edva r\u00f4zne typy cookies. Niektor\u00e9 cookies s\u00fa umiestnen\u00e9 slu\u017ebami tret\u00edch str\u00e1n, ktor\u00e9 sa zobrazuj\u00fa na na\u0161ich str\u00e1nkach. Va\u0161e povolenie m\u00f4\u017eete kedyko\u013evek zmeni\u0165 alebo odvola\u0165 v na\u0161om Vyhl\u00e1sen\u00ed o cookies.<\/p>\n<p class=\"CookieDeclarationDialogText\">Pre viac inform\u00e1ci\u00ed o tom, kto sme, ako n\u00e1s m\u00f4\u017eete kontaktova\u0165 a ako spracov\u00e1vame osobn\u00e9 \u00fadaje, pozrite si na\u0161e Z\u00e1sady ochrany osobn\u00fdch \u00fadajov \/ Podmienky pou\u017e\u00edvania.<\/p>\n<p class=\"CookieDeclarationDialogText\">Va\u0161e povolenie sa vz\u0165ahuje na nasleduj\u00facu dom\u00e9nu: www.recette.opsial.com<\/p>\n<p class=\"CookieDeclarationDialogText\">Vyhl\u00e1senie o cookies aktualizovan\u00e9 27.04.2023 pomocou Cookiebot.<\/p>\n<\/div>\n\n\n        \n      <\/div>\n    <\/div>\n  <\/div>\n<\/div>\n\n\n<div class=\"container m5-paragraphe\">\n  <div class=\"row\">\n    <div class=\"col-lg-12 col-12\">\n        <h2 class=\"h2-title color-title\"><\/h2>\n      <div class=\"content-text d-flex flex-column justify-content-center\">\n        <div class=\"text color-text\"><h2>Neoddelite\u013en\u00e9 (4)<\/h2>\n<p>Nevyhnutn\u00e9 s\u00fabory cookie pom\u00e1haj\u00fa pri pou\u017e\u00edvan\u00ed webovej str\u00e1nky t\u00fdm, \u017ee umo\u017e\u0148uj\u00fa z\u00e1kladn\u00e9 funkcie, ako je navig\u00e1cia na str\u00e1nke a pr\u00edstup do zabezpe\u010den\u00fdch oblast\u00ed webovej str\u00e1nky. Bez t\u00fdchto s\u00faborov cookie nem\u00f4\u017ee webov\u00e1 str\u00e1nka spr\u00e1vne fungova\u0165.<\/p>\n<\/div>\n\n\n        \n      <\/div>\n    <\/div>\n  <\/div>\n<\/div>\n\n<div class=\"container\">\n<figure class=\"wp-block-table is-style-stripes\"><table><tbody><tr><td><strong>N\u00e1zov<\/strong><\/td><td><strong>Poskytovate\u013e<\/strong><\/td><td><strong>\u00da\u010del<\/strong><\/td><td><strong>Expir\u00e1cia<\/strong><\/td><td><strong>Typ<\/strong><\/td><\/tr><tr><td>CookieConsent<\/td><td><a rel=\"noreferrer noopener\" href=\"https:\/\/www.cookiebot.com\/goto\/privacy-policy\/\" target=\"_blank\">Cookiebot<\/a><\/td><td>Uklad\u00e1 povolenie pou\u017e\u00edvania cookies pre aktu\u00e1lnu dom\u00e9nu pou\u017e\u00edvate\u013eom<\/td><td>1 rok<\/td><td>HTTP Cookie<br><br><\/td><\/tr><tr><td>frontend<\/td><td><a href=\"https:\/\/recette.opsial.com\/\" target=\"_blank\" rel=\"noreferrer noopener\">www.recette.opsial.com<\/a><\/td><td>Uklad\u00e1 n\u00e1hodne vygenerovan\u00e9 ID, ktor\u00e9 zabezpe\u010duje jednozna\u010dn\u00fa identifik\u00e1ciu pou\u017e\u00edvate\u013ea ako n\u00e1v\u0161tevn\u00edka alebo prihl\u00e1sen\u00e9ho pou\u017e\u00edvate\u013ea. S t\u00fdmto s\u00faborom cookie s\u00fa spojen\u00e9 funkcie, ako napr\u00edklad &#8222;Naposledy zobrazen\u00e9 polo\u017eky&#8220; alebo zachovanie stavu prihl\u00e1senia.<\/td><td>1 rok<\/td><td>HTTP Cookie<br><br><\/td><\/tr><tr><td>frontend_cid<\/td><td><a href=\"https:\/\/recette.opsial.com\/\" target=\"_blank\" rel=\"noreferrer noopener\">www.recette.opsial.com<\/a><\/td><td>Uklad\u00e1 n\u00e1hodne vygenerovan\u00e9 ID, ktor\u00e9 zabezpe\u010duje jednozna\u010dn\u00fa identifik\u00e1ciu pou\u017e\u00edvate\u013ea ako n\u00e1v\u0161tevn\u00edka alebo prihl\u00e1sen\u00e9ho pou\u017e\u00edvate\u013ea. S t\u00fdmto s\u00faborom cookie s\u00fa spojen\u00e9 funkcie, ako napr\u00edklad &#8222;Naposledy zobrazen\u00e9 polo\u017eky&#8220; alebo zachovanie stavu prihl\u00e1senia.<\/td><td>1 de\u0148<\/td><td>HTTP Cookie<br><br><\/td><\/tr><tr><td>rc::a<\/td><td>Google<\/td><td>Toto cookies je pou\u017e\u00edvan\u00e9 na rozl\u00ed\u0161enie medzi \u013eu\u010fmi a robotmi. Pom\u00e1ha webovej str\u00e1nke vytv\u00e1ra\u0165 spr\u00e1vne \u0161tatistiky o pou\u017e\u00edvan\u00ed str\u00e1nky.<\/td><td>Trval\u00e9<\/td><td>HTML Local Storage<\/td><\/tr><\/tbody><\/table><\/figure>\n<\/div>\n\n\n<div class=\"container m5-paragraphe\">\n  <div class=\"row\">\n    <div class=\"col-lg-12 col-12\">\n        <h2 class=\"h2-title color-title\"><\/h2>\n      <div class=\"content-text d-flex flex-column justify-content-center\">\n        <div class=\"text color-text\"><h2>\u0160tatistiky (9)<\/h2>\n<p>\u0160tatistick\u00e9 cookies pom\u00e1haj\u00fa vlastn\u00edkom webov\u00fdch str\u00e1nok z\u00edskava\u0165 anonymn\u00e9 inform\u00e1cie o tom, ako n\u00e1v\u0161tevn\u00edci interaguj\u00fa so str\u00e1nkami.<\/p>\n<\/div>\n\n\n        \n      <\/div>\n    <\/div>\n  <\/div>\n<\/div>\n\n<div class=\"container\">\n<figure class=\"wp-block-table is-style-stripes\"><table><tbody><tr><td><strong>N\u00e1zov<\/strong><\/td><td><strong>Poskytovate\u013e<\/strong><\/td><td><strong>\u00da\u010del<\/strong><\/td><td><strong>Expir\u00e1cia<\/strong><\/td><td><strong>Typ<\/strong><\/td><\/tr><tr><td>__utma<\/td><td><a href=\"https:\/\/recette.opsial.com\/\" target=\"_blank\" rel=\"noreferrer noopener\">www.recette.opsial.com<\/a><\/td><td>Zbiera \u00fadaje o po\u010dte n\u00e1v\u0161tev pou\u017e\u00edvate\u013ea na webovej str\u00e1nke a d\u00e1tumy prvej a najnov\u0161ej n\u00e1v\u0161tevy. Pou\u017e\u00edva sa Google Analytics.<\/td><td>399 dn\u00ed<\/td><td>HTTP Cookie<\/td><\/tr><tr><td>__utmb<\/td><td><a href=\"https:\/\/recette.opsial.com\/\" target=\"_blank\" rel=\"noreferrer noopener\">www.recette.opsial.com<\/a><\/td><td>Uklad\u00e1 \u010dasov\u00e9 raz\u00edtko presn\u00e9ho \u010dasu pr\u00edstupu pou\u017e\u00edvate\u013ea na webov\u00fa str\u00e1nku. Pou\u017e\u00edva sa Google Analytics na v\u00fdpo\u010det doby n\u00e1v\u0161tevy webovej str\u00e1nky.<\/td><td>1 de\u0148<\/td><td>HTTP Cookie<\/td><\/tr><tr><td>__utmt<\/td><td><a href=\"https:\/\/recette.opsial.com\/\" target=\"_blank\" rel=\"noreferrer noopener\">www.recette.opsial.com<\/a><\/td><td>Pou\u017e\u00edva sa na spomalenie r\u00fdchlosti po\u017eiadaviek odosielan\u00fdch na server.<\/td><td>1 de\u0148<\/td><td>HTTP Cookie<\/td><\/tr><tr><td>__utmv<\/td><td><a href=\"https:\/\/recette.opsial.com\/\" target=\"_blank\" rel=\"noreferrer noopener\">www.recette.opsial.com<\/a><\/td><td>Uklad\u00e1 sledovacie nastavenia stanoven\u00e9 pou\u017e\u00edvate\u013eom pre pou\u017eitie v Google Analytics.<\/td><td>1 de\u0148<\/td><td>HTTP Cookie<\/td><\/tr><tr><td>__utmz<\/td><td><a href=\"https:\/\/recette.opsial.com\/\" target=\"_blank\" rel=\"noreferrer noopener\">www.recette.opsial.com<\/a><\/td><td>Zbiera \u00fadaje o zdroji pou\u017e\u00edvate\u013ea, vyh\u013ead\u00e1vacom n\u00e1stroji, kliknut\u00fdch odkazoch a pou\u017eitom vyh\u013ead\u00e1vacom krit\u00e9riu. Pou\u017e\u00edva sa Google Analytics.<\/td><td>6 mesiacov<\/td><td>HTTP Cookie<\/td><\/tr><tr><td>_dc_gtm_UA-#<\/td><td><a href=\"https:\/\/recette.opsial.com\/\" target=\"_blank\" rel=\"noreferrer noopener\">www.recette.opsial.com<\/a><\/td><td>Pou\u017e\u00edva sa spr\u00e1vcom tagov Google na kontrolu na\u010d\u00edtania skriptu Google Analytics.<\/td><td>1 de\u0148<\/td><td>HTTP Cookie<\/td><\/tr><tr><td>_ga<\/td><td><a href=\"https:\/\/recette.opsial.com\/\" target=\"_blank\" rel=\"noreferrer noopener\">www.recette.opsial.com<\/a><\/td><td>Uklad\u00e1 jedine\u010dn\u00e9 ID pou\u017e\u00edvan\u00e9 na generovanie anonymn\u00fdch \u0161tatistick\u00fdch \u00fadajov o tom, ako pou\u017e\u00edvate\u013e pou\u017e\u00edva webov\u00fa str\u00e1nku.<\/td><td>399 dn\u00ed<\/td><td>HTTP Cookie<\/td><\/tr><tr><td>_ga_#<\/td><td><a href=\"https:\/\/recette.opsial.com\/\" target=\"_blank\" rel=\"noreferrer noopener\">www.recette.opsial.com<\/a><\/td><td>Pou\u017e\u00edva sa Google Analytics na z\u00edskavanie \u00fadajov o po\u010dte n\u00e1v\u0161tev pou\u017e\u00edvate\u013ea na webovej str\u00e1nke a d\u00e1tumoch prvej a najnov\u0161ej n\u00e1v\u0161tevy, s cie\u013eom generova\u0165 anonymn\u00e9 \u0161tatistick\u00e9 \u00fadaje.<\/td><td>399 dn\u00ed<\/td><td>HTTP Cookie<\/td><\/tr><tr><td>_gid<\/td><td><a href=\"https:\/\/recette.opsial.com\/\" target=\"_blank\" rel=\"noreferrer noopener\">www.recette.opsial.com<\/a><\/td><td>Uklad\u00e1 jedine\u010dn\u00e9 ID pou\u017e\u00edvan\u00e9 na generovanie \u0161tatistick\u00fdch \u00fadajov o tom, ako n\u00e1v\u0161tevn\u00edk pou\u017e\u00edva webov\u00fa str\u00e1nku.<\/td><td>1 de\u0148<\/td><td>HTTP Cookie<\/td><\/tr><\/tbody><\/table><\/figure>\n<\/div>\n\n\n<div class=\"container m5-paragraphe\">\n  <div class=\"row\">\n    <div class=\"col-lg-12 col-12\">\n        <h2 class=\"h2-title color-title\"><\/h2>\n      <div class=\"content-text d-flex flex-column justify-content-center\">\n        <div class=\"text color-text\"><h2>Marketing (6)<\/h2>\n<p>Marketingov\u00e9 cookies sa pou\u017e\u00edvaj\u00fa na sledovanie n\u00e1v\u0161tevn\u00edkov cez webov\u00e9 str\u00e1nky. Ich \u00fa\u010delom je zobrazi\u0165 reklamy, ktor\u00e9 s\u00fa relevantn\u00e9 a zauj\u00edmav\u00e9 pre konkr\u00e9tneho pou\u017e\u00edvate\u013ea, \u010do je cennej\u0161ie pre tretie strany.<\/p>\n<\/div>\n\n\n        \n      <\/div>\n    <\/div>\n  <\/div>\n<\/div>\n\n<div class=\"container\">\n<figure class=\"wp-block-table is-style-stripes\"><table><tbody><tr><td><strong>N\u00e1zov<\/strong><\/td><td><strong>Poskytovate\u013e<\/strong><\/td><td><strong>\u00da\u010del<\/strong><\/td><td><strong>Expir\u00e1cia<\/strong><\/td><td><strong>Typ<\/strong><\/td><\/tr><tr><td>VISITOR_INFO1_LIVE<\/td><td><a rel=\"noreferrer noopener\" href=\"https:\/\/policies.google.com\/privacy\" target=\"_blank\">YouTube<\/a><\/td><td>Sna\u017e\u00ed sa odhadn\u00fa\u0165 prenosov\u00fa r\u00fdchlos\u0165 pou\u017e\u00edvate\u013ea na str\u00e1nkach s integrovan\u00fdmi videami YouTube.<\/td><td>179 dn\u00ed<\/td><td>HTTP Cookie<\/td><\/tr><tr><td>yt.innertube::nextId<\/td><td><a rel=\"noreferrer noopener\" href=\"https:\/\/policies.google.com\/privacy\" target=\"_blank\">YouTube<\/a><\/td><td>Uklad\u00e1 jedine\u010dn\u00e9 ID pre z\u00edskavanie \u0161tatist\u00edk o sledovan\u00fdch vide\u00e1ch na YouTube pou\u017e\u00edvate\u013eom.<\/td><td>Trval\u00e9<\/td><td>HTML Local Storage<\/td><\/tr><tr><td>yt.innertube::requests<\/td><td><a rel=\"noreferrer noopener\" href=\"https:\/\/policies.google.com\/privacy\" target=\"_blank\">YouTube<\/a><\/td><td>Uklad\u00e1 jedine\u010dn\u00e9 ID pre z\u00edskavanie \u0161tatist\u00edk o sledovan\u00fdch vide\u00e1ch na YouTube pou\u017e\u00edvate\u013eom.<\/td><td>Trval\u00e9<\/td><td>HTML Local Storage<\/td><\/tr><tr><td>ytidb::LAST_RESULT_ENTRY_KEY<\/td><td><a rel=\"noreferrer noopener\" href=\"https:\/\/policies.google.com\/privacy\" target=\"_blank\">YouTube<\/a><\/td><td>Uklad\u00e1 preferencie prehr\u00e1vania videa pou\u017e\u00edvate\u013ea pre vlo\u017een\u00e9 vide\u00e1 YouTube.<\/td><td>Trval\u00e9<\/td><td>HTML Local Storage<\/td><\/tr><tr><td>yt-remote-connected-devices<\/td><td><a rel=\"noreferrer noopener\" href=\"https:\/\/policies.google.com\/privacy\" target=\"_blank\">YouTube<\/a><\/td><td>Uklad\u00e1 preferencie prehr\u00e1vania videa pou\u017e\u00edvate\u013ea pre vlo\u017een\u00e9 vide\u00e1 YouTube.<\/td><td>Trval\u00e9<\/td><td>HTML Local Storage<\/td><\/tr><tr><td>yt-remote-device-id<\/td><td><a rel=\"noreferrer noopener\" href=\"https:\/\/policies.google.com\/privacy\" target=\"_blank\">YouTube<\/a><\/td><td>Uklad\u00e1 preferencie prehr\u00e1vania videa pou\u017e\u00edvate\u013ea pre vlo\u017een\u00e9 vide\u00e1 YouTube.<\/td><td>Trval\u00e9<\/td><td>HTML Local Storage<\/td><\/tr><\/tbody><\/table><\/figure>\n<\/div>\n\n<div class=\"m9-slogan bg-site bg-1\">\n  <div class=\"slogan\">\n    <div class=\"marquee\">\n      <div class=\"marquee__inner\" aria-hidden=\"true\">\n        <span>Your safety, your performance &#8211;<\/span>\n        <span>Your safety, your performance &#8211;<\/span>\n        <span>Your safety, your performance &#8211;<\/span>\n      <\/div>\n    <\/div>\n\n    <div class=\"marquee\">\n      <div class=\"marquee__inner left\" aria-hidden=\"true\">\n        <span>Your safety, your performance &#8211;<\/span>\n        <span>Your safety, your performance &#8211;<\/span>\n        <span>Your safety, your performance &#8211;<\/span>\n      <\/div>\n    <\/div>\n  <\/div>\n<\/div>","protected":false},"excerpt":{"rendered":"<p>N\u00e1zov Poskytovate\u013e \u00da\u010del Expir\u00e1cia Typ CookieConsent Cookiebot Uklad\u00e1 povolenie pou\u017e\u00edvania cookies pre aktu\u00e1lnu dom\u00e9nu pou\u017e\u00edvate\u013eom 1 rok HTTP Cookie frontend www.recette.opsial.com Uklad\u00e1 n\u00e1hodne vygenerovan\u00e9 ID, ktor\u00e9 zabezpe\u010duje jednozna\u010dn\u00fa identifik\u00e1ciu pou\u017e\u00edvate\u013ea ako n\u00e1v\u0161tevn\u00edka alebo prihl\u00e1sen\u00e9ho pou\u017e\u00edvate\u013ea. S t\u00fdmto s\u00faborom cookie s\u00fa spojen\u00e9 funkcie, ako napr\u00edklad &#8222;Naposledy zobrazen\u00e9 polo\u017eky&#8220; alebo zachovanie stavu prihl\u00e1senia. 1 rok HTTP Cookie [&hellip;]<\/p>\n","protected":false},"author":2,"featured_media":0,"parent":0,"menu_order":0,"comment_status":"closed","ping_status":"closed","template":"","meta":{"_acf_changed":false,"footnotes":""},"class_list":["post-7403","page","type-page","status-publish","hentry"],"acf":[],"yoast_head":"<!-- This site is optimized with the Yoast SEO plugin v26.6 - https:\/\/yoast.com\/wordpress\/plugins\/seo\/ -->\n<title>COOKIES - Opsial<\/title>\n<meta name=\"robots\" content=\"index, follow, max-snippet:-1, max-image-preview:large, max-video-preview:-1\" \/>\n<link rel=\"canonical\" href=\"https:\/\/recette.opsial.com\/sk\/cookies\/\" \/>\n<meta property=\"og:locale\" content=\"sk_SK\" \/>\n<meta property=\"og:type\" content=\"article\" \/>\n<meta property=\"og:title\" content=\"COOKIES - Opsial\" \/>\n<meta property=\"og:description\" content=\"N\u00e1zov Poskytovate\u013e \u00da\u010del Expir\u00e1cia Typ CookieConsent Cookiebot Uklad\u00e1 povolenie pou\u017e\u00edvania cookies pre aktu\u00e1lnu dom\u00e9nu pou\u017e\u00edvate\u013eom 1 rok HTTP Cookie frontend www.recette.opsial.com Uklad\u00e1 n\u00e1hodne vygenerovan\u00e9 ID, ktor\u00e9 zabezpe\u010duje jednozna\u010dn\u00fa identifik\u00e1ciu pou\u017e\u00edvate\u013ea ako n\u00e1v\u0161tevn\u00edka alebo prihl\u00e1sen\u00e9ho pou\u017e\u00edvate\u013ea. S t\u00fdmto s\u00faborom cookie s\u00fa spojen\u00e9 funkcie, ako napr\u00edklad &#8222;Naposledy zobrazen\u00e9 polo\u017eky&#8220; alebo zachovanie stavu prihl\u00e1senia. 1 rok HTTP Cookie [&hellip;]\" \/>\n<meta property=\"og:url\" content=\"https:\/\/recette.opsial.com\/sk\/cookies\/\" \/>\n<meta property=\"og:site_name\" content=\"Opsial\" \/>\n<meta property=\"article:modified_time\" content=\"2023-10-24T13:59:36+00:00\" \/>\n<meta name=\"twitter:card\" content=\"summary_large_image\" \/>\n<meta name=\"twitter:label1\" content=\"Predpokladan\u00fd \u010das \u010d\u00edtania\" \/>\n\t<meta name=\"twitter:data1\" content=\"3 min\u00faty\" \/>\n<script type=\"application\/ld+json\" class=\"yoast-schema-graph\">{\"@context\":\"https:\/\/schema.org\",\"@graph\":[{\"@type\":\"WebPage\",\"@id\":\"https:\/\/recette.opsial.com\/sk\/cookies\/\",\"url\":\"https:\/\/recette.opsial.com\/sk\/cookies\/\",\"name\":\"COOKIES - Opsial\",\"isPartOf\":{\"@id\":\"https:\/\/recette.opsial.com\/#website\"},\"datePublished\":\"2023-05-17T08:12:44+00:00\",\"dateModified\":\"2023-10-24T13:59:36+00:00\",\"breadcrumb\":{\"@id\":\"https:\/\/recette.opsial.com\/sk\/cookies\/#breadcrumb\"},\"inLanguage\":\"sk-SK\",\"potentialAction\":[{\"@type\":\"ReadAction\",\"target\":[\"https:\/\/recette.opsial.com\/sk\/cookies\/\"]}]},{\"@type\":\"BreadcrumbList\",\"@id\":\"https:\/\/recette.opsial.com\/sk\/cookies\/#breadcrumb\",\"itemListElement\":[{\"@type\":\"ListItem\",\"position\":1,\"name\":\"Accueil\",\"item\":\"https:\/\/recette.opsial.com\/sk\/\"},{\"@type\":\"ListItem\",\"position\":2,\"name\":\"COOKIES\"}]},{\"@type\":\"WebSite\",\"@id\":\"https:\/\/recette.opsial.com\/#website\",\"url\":\"https:\/\/recette.opsial.com\/\",\"name\":\"Opsial\",\"description\":\"Opsial\",\"potentialAction\":[{\"@type\":\"SearchAction\",\"target\":{\"@type\":\"EntryPoint\",\"urlTemplate\":\"https:\/\/recette.opsial.com\/?s={search_term_string}\"},\"query-input\":{\"@type\":\"PropertyValueSpecification\",\"valueRequired\":true,\"valueName\":\"search_term_string\"}}],\"inLanguage\":\"sk-SK\"}]}<\/script>\n<!-- \/ Yoast SEO plugin. -->","yoast_head_json":{"title":"COOKIES - Opsial","robots":{"index":"index","follow":"follow","max-snippet":"max-snippet:-1","max-image-preview":"max-image-preview:large","max-video-preview":"max-video-preview:-1"},"canonical":"https:\/\/recette.opsial.com\/sk\/cookies\/","og_locale":"sk_SK","og_type":"article","og_title":"COOKIES - Opsial","og_description":"N\u00e1zov Poskytovate\u013e \u00da\u010del Expir\u00e1cia Typ CookieConsent Cookiebot Uklad\u00e1 povolenie pou\u017e\u00edvania cookies pre aktu\u00e1lnu dom\u00e9nu pou\u017e\u00edvate\u013eom 1 rok HTTP Cookie frontend www.recette.opsial.com Uklad\u00e1 n\u00e1hodne vygenerovan\u00e9 ID, ktor\u00e9 zabezpe\u010duje jednozna\u010dn\u00fa identifik\u00e1ciu pou\u017e\u00edvate\u013ea ako n\u00e1v\u0161tevn\u00edka alebo prihl\u00e1sen\u00e9ho pou\u017e\u00edvate\u013ea. S t\u00fdmto s\u00faborom cookie s\u00fa spojen\u00e9 funkcie, ako napr\u00edklad &#8222;Naposledy zobrazen\u00e9 polo\u017eky&#8220; alebo zachovanie stavu prihl\u00e1senia. 1 rok HTTP Cookie [&hellip;]","og_url":"https:\/\/recette.opsial.com\/sk\/cookies\/","og_site_name":"Opsial","article_modified_time":"2023-10-24T13:59:36+00:00","twitter_card":"summary_large_image","twitter_misc":{"Predpokladan\u00fd \u010das \u010d\u00edtania":"3 min\u00faty"},"schema":{"@context":"https:\/\/schema.org","@graph":[{"@type":"WebPage","@id":"https:\/\/recette.opsial.com\/sk\/cookies\/","url":"https:\/\/recette.opsial.com\/sk\/cookies\/","name":"COOKIES - Opsial","isPartOf":{"@id":"https:\/\/recette.opsial.com\/#website"},"datePublished":"2023-05-17T08:12:44+00:00","dateModified":"2023-10-24T13:59:36+00:00","breadcrumb":{"@id":"https:\/\/recette.opsial.com\/sk\/cookies\/#breadcrumb"},"inLanguage":"sk-SK","potentialAction":[{"@type":"ReadAction","target":["https:\/\/recette.opsial.com\/sk\/cookies\/"]}]},{"@type":"BreadcrumbList","@id":"https:\/\/recette.opsial.com\/sk\/cookies\/#breadcrumb","itemListElement":[{"@type":"ListItem","position":1,"name":"Accueil","item":"https:\/\/recette.opsial.com\/sk\/"},{"@type":"ListItem","position":2,"name":"COOKIES"}]},{"@type":"WebSite","@id":"https:\/\/recette.opsial.com\/#website","url":"https:\/\/recette.opsial.com\/","name":"Opsial","description":"Opsial","potentialAction":[{"@type":"SearchAction","target":{"@type":"EntryPoint","urlTemplate":"https:\/\/recette.opsial.com\/?s={search_term_string}"},"query-input":{"@type":"PropertyValueSpecification","valueRequired":true,"valueName":"search_term_string"}}],"inLanguage":"sk-SK"}]}},"_links":{"self":[{"href":"https:\/\/recette.opsial.com\/sk\/wp-json\/wp\/v2\/pages\/7403","targetHints":{"allow":["GET"]}}],"collection":[{"href":"https:\/\/recette.opsial.com\/sk\/wp-json\/wp\/v2\/pages"}],"about":[{"href":"https:\/\/recette.opsial.com\/sk\/wp-json\/wp\/v2\/types\/page"}],"author":[{"embeddable":true,"href":"https:\/\/recette.opsial.com\/sk\/wp-json\/wp\/v2\/users\/2"}],"replies":[{"embeddable":true,"href":"https:\/\/recette.opsial.com\/sk\/wp-json\/wp\/v2\/comments?post=7403"}],"version-history":[{"count":5,"href":"https:\/\/recette.opsial.com\/sk\/wp-json\/wp\/v2\/pages\/7403\/revisions"}],"predecessor-version":[{"id":13976,"href":"https:\/\/recette.opsial.com\/sk\/wp-json\/wp\/v2\/pages\/7403\/revisions\/13976"}],"wp:attachment":[{"href":"https:\/\/recette.opsial.com\/sk\/wp-json\/wp\/v2\/media?parent=7403"}],"curies":[{"name":"wp","href":"https:\/\/api.w.org\/{rel}","templated":true}]}}