{"id":7386,"date":"2022-11-08T14:59:21","date_gmt":"2022-11-08T13:59:21","guid":{"rendered":"https:\/\/recette.opsial.com\/page-daccueil-sk\/"},"modified":"2023-10-16T11:39:50","modified_gmt":"2023-10-16T09:39:50","slug":"page-daccueil-sk","status":"publish","type":"page","link":"https:\/\/recette.opsial.com\/sk\/","title":{"rendered":"HOME"},"content":{"rendered":"<div class=\"hp-gamme bg-site d-flex align-items-center\">\n  <div class=\"container\">\n\t\t<h2 class=\"h2-title color-white slideup-text\"><span><span>Objavte kompletn\u00fd sortiment OOPP, ktor\u00fdm sa m\u00f4\u017eete vybavi\u0165 od hlavy a\u017e po p\u00e4ty<\/span><\/span><\/h2>\n    <div class=\"slider-produits\">\n            \n              <div class=\"item-produit\" data-number=\"5\">\n          <a href=\"https:\/\/recette.opsial.com\/sk\/ochrana-ruk\/\" >\n            <div class=\"square d-flex justify-content-center align-items-center pos-rel\">\n              <img loading=\"lazy\" decoding=\"async\" src=\"https:\/\/recette.opsial.com\/wp-content\/uploads\/sites\/2\/2022\/11\/Vector.png\" alt=\"Vector\" width=\"166\" height=\"166\">\n              <ul class=\"liste pos-abs\">\n                                  <li class=\"item-liste\">\u013dahk\u00e1 manipul\u00e1cia<\/li>\n                                  <li class=\"item-liste\">\u0164a\u017ek\u00e1 manipul\u00e1cia<\/li>\n                                  <li class=\"item-liste\">Ochrana proti prerezaniu &#8211; such\u00e9 podmienky<\/li>\n                                  <li class=\"item-liste\">Ochrana proti prerezaniu &#8211; mastn\u00e9 alebo vlhk\u00e9 podmienky<\/li>\n                                  <li class=\"item-liste\">Ochrana proti chladu\/teplu<\/li>\n                                  <li class=\"item-liste\">Zv\u00e1ranie<\/li>\n                              <\/ul>\n            <\/div>\n            <h3 class=\"sous-titre font-title\">OCHRANA R\u00daK<\/h3>\n          <\/a>\n        <\/div>\n              <div class=\"item-produit\" data-number=\"5\">\n          <a href=\"https:\/\/recette.opsial.com\/sk\/ochrana-noh\/\" >\n            <div class=\"square d-flex justify-content-center align-items-center pos-rel\">\n              <img loading=\"lazy\" decoding=\"async\" src=\"https:\/\/recette.opsial.com\/wp-content\/uploads\/sites\/2\/2023\/01\/Shoes-1.png\" alt=\"Shoes\" width=\"166\" height=\"166\">\n              <ul class=\"liste pos-abs\">\n                                  <li class=\"item-liste\">Pr\u00e1ce v exteri\u00e9ri<\/li>\n                                  <li class=\"item-liste\">Priemysel<\/li>\n                                  <li class=\"item-liste\">Logistika, slu\u017eby, stavebn\u00e9 \u00fapravy<\/li>\n                              <\/ul>\n            <\/div>\n            <h3 class=\"sous-titre font-title\">OCHRANA NOH<\/h3>\n          <\/a>\n        <\/div>\n              <div class=\"item-produit\" data-number=\"5\">\n          <a href=\"https:\/\/recette.opsial.com\/sk\/odevy\/\" >\n            <div class=\"square d-flex justify-content-center align-items-center pos-rel\">\n              <img loading=\"lazy\" decoding=\"async\" src=\"https:\/\/recette.opsial.com\/wp-content\/uploads\/sites\/2\/2022\/11\/Frame.png\" alt=\"Frame\" width=\"166\" height=\"166\">\n              <ul class=\"liste pos-abs\">\n                                  <li class=\"item-liste\">Pracovn\u00e9 oble\u010denie<\/li>\n                                  <li class=\"item-liste\">Odevy do nepriazniv\u00e9ho po\u010dasia<\/li>\n                                  <li class=\"item-liste\">Vysok\u00e1 vidite\u013enos\u0165<\/li>\n                                  <li class=\"item-liste\">Jednorazov\u00e9 oble\u010denie<\/li>\n                              <\/ul>\n            <\/div>\n            <h3 class=\"sous-titre font-title\">ODEVY<\/h3>\n          <\/a>\n        <\/div>\n              <div class=\"item-produit\" data-number=\"5\">\n          <a href=\"https:\/\/recette.opsial.com\/sk\/ochrana-hlavy-tvare-dychacich-ciest\/\" >\n            <div class=\"square d-flex justify-content-center align-items-center pos-rel\">\n              <img loading=\"lazy\" decoding=\"async\" src=\"https:\/\/recette.opsial.com\/wp-content\/uploads\/sites\/2\/2022\/11\/Frame-1.png\" alt=\"Frame (1)\" width=\"166\" height=\"166\">\n              <ul class=\"liste pos-abs\">\n                                  <li class=\"item-liste\">Okuliare<\/li>\n                                  <li class=\"item-liste\">Prilba<\/li>\n                                  <li class=\"item-liste\">Ochrana sluchu<\/li>\n                                  <li class=\"item-liste\">Opakovane pou\u017eite\u013en\u00e1 ochrana d\u00fdchac\u00edch ciest<\/li>\n                                  <li class=\"item-liste\">Jednorazov\u00e1 ochrana d\u00fdchac\u00edch ciest<\/li>\n                                  <li class=\"item-liste\">\u0160pecifick\u00e1 ochrana pri zv\u00e1ran\u00ed<\/li>\n                              <\/ul>\n            <\/div>\n            <h3 class=\"sous-titre font-title\">OCHRANA HLAVY \/ TV\u00c1RE \/ D\u00ddCHAC\u00cdCH CIEST<\/h3>\n          <\/a>\n        <\/div>\n              <div class=\"item-produit\" data-number=\"5\">\n          <a href=\"https:\/\/recette.opsial.com\/sk\/ochrana-proti-padu\/\" >\n            <div class=\"square d-flex justify-content-center align-items-center pos-rel\">\n              <img loading=\"lazy\" decoding=\"async\" src=\"https:\/\/recette.opsial.com\/wp-content\/uploads\/sites\/2\/2022\/11\/Frame-2.png\" alt=\"Frame (2)\" width=\"166\" height=\"166\">\n              <ul class=\"liste pos-abs\">\n                                  <li class=\"item-liste\">S\u00fapravy<\/li>\n                                  <li class=\"item-liste\">Postroje<\/li>\n                                  <li class=\"item-liste\">Nav\u00edjaky<\/li>\n                                  <li class=\"item-liste\">Lan\u00e1<\/li>\n                                  <li class=\"item-liste\">Karab\u00edny<\/li>\n                                  <li class=\"item-liste\">Popruh na zn\u00ed\u017eenie traumy zo zavesenia po p\u00e1de<\/li>\n                              <\/ul>\n            <\/div>\n            <h3 class=\"sous-titre font-title\">OCHRANA PROTI P\u00c1DU<\/h3>\n          <\/a>\n        <\/div>\n          <\/div>\n\t<\/div>  \n<\/div>\n\n<div class=\"m2-text-image\">\n  <div class=\"row m-0 p-0\">\n    <div class=\"col-lg-6 col-12 p-0 col-text order-lg-first order-first\">\n      <div class=\"content-text d-flex flex-column justify-content-center\">\n        <h2 class=\"h2-title color-title\">Ochrana podporuj\u00faca v\u00fdkon<\/h2>\n        <div class=\"text color-text\"><p>Zna\u010dka OPSIAL bola zalo\u017een\u00e1 v roku 2000 skupinou DESCOURS &amp; CABAUD.<\/p>\n<p>Na\u0161ou amb\u00edciou je ochr\u00e1ni\u0165 v\u0161etk\u00fdch profesion\u00e1lov vo v\u00fdkone ich povolania a zlep\u0161i\u0165 ich ka\u017edodenn\u00fa sk\u00fasenos\u0165.<\/p>\n<\/div>\n\n\n                  <a class=\"link-brochure color-text d-flex align-items-center\" href=\"https:\/\/recette.opsial.com\/sk\/znacka-opsial\/\" >\n                      <div class=\"txt\">Zisti\u0165 viac o na\u0161ej zna\u010dke<\/div>\n            <span class=\"arrow-btn\">\n              <span class=\"icons\">\n                <svg width=\"39\" height=\"23\" viewBox=\"0 0 39 23\" fill=\"none\" xmlns=\"http:\/\/www.w3.org\/2000\/svg\">\n                  <path d=\"M1.0066 10.6855C9.03006 10.6855 27.0535 10.6855 35.1628 10.6855C32.0682 7.85517 29.0198 5.07261 25.9582 2.2696C26.3013 1.86723 26.6444 1.46485 27.0007 1.04883C27.2713 1.29435 27.5352 1.53305 27.7925 1.77175C31.0982 4.793 34.4106 7.81425 37.7163 10.8423C38.099 11.1901 38.099 11.8176 37.7163 12.1654C34.2588 15.323 30.7947 18.4875 27.3372 21.6452C27.2317 21.7406 27.1261 21.8361 27.0007 21.9521C26.651 21.5429 26.3145 21.1473 25.9516 20.7313C29.0066 17.9351 32.055 15.1525 35.1562 12.3154C27.0535 12.3154 9.03006 12.3154 1 12.3154C1.0066 11.7698 1.0066 11.2242 1.0066 10.6855Z\" fill=\"currentColor\" stroke=\"currentColor\"\/>\n                <\/svg>\n                <svg width=\"39\" height=\"23\" viewBox=\"0 0 39 23\" fill=\"none\" xmlns=\"http:\/\/www.w3.org\/2000\/svg\">\n                  <path d=\"M1.0066 10.6855C9.03006 10.6855 27.0535 10.6855 35.1628 10.6855C32.0682 7.85517 29.0198 5.07261 25.9582 2.2696C26.3013 1.86723 26.6444 1.46485 27.0007 1.04883C27.2713 1.29435 27.5352 1.53305 27.7925 1.77175C31.0982 4.793 34.4106 7.81425 37.7163 10.8423C38.099 11.1901 38.099 11.8176 37.7163 12.1654C34.2588 15.323 30.7947 18.4875 27.3372 21.6452C27.2317 21.7406 27.1261 21.8361 27.0007 21.9521C26.651 21.5429 26.3145 21.1473 25.9516 20.7313C29.0066 17.9351 32.055 15.1525 35.1562 12.3154C27.0535 12.3154 9.03006 12.3154 1 12.3154C1.0066 11.7698 1.0066 11.2242 1.0066 10.6855Z\" fill=\"currentColor\" stroke=\"currentColor\"\/>\n                <\/svg>\n              <\/span>\n            <\/span>\n          <\/a>\n        \n      <\/div>\n    <\/div>\n\n              \n    <div class=\"col-lg-6 col-12 p-0 col-img order-lg-last order-last\">\n      <img decoding=\"async\" class=\"img\" src=\"https:\/\/recette.opsial.com\/wp-content\/uploads\/sites\/2\/2022\/11\/Visuel-AH-Hiver22-1.jpg\" alt=\"\" width=\"960\">\n    <\/div>\n  <\/div>\n<\/div>\n\n<div class=\"m2-text-image\">\n  <div class=\"row m-0 p-0\">\n    <div class=\"col-lg-6 col-12 p-0 col-text order-lg-last order-first\">\n      <div class=\"content-text d-flex flex-column justify-content-center\">\n        <h2 class=\"h2-title color-title\">Objavte na\u0161u ponuku, ktor\u00e1 kombinuje technick\u00e9 parametre, pohodlie a \u0161t\u00fdl<\/h2>\n        <div class=\"text color-text\"><p>OPSIAL, ktor\u00fd je uzn\u00e1van\u00fd ako jeden z l\u00eddrov v oblasti OOPP, navrhuje a poskytuje kompletn\u00fa \u0161k\u00e1lu osobn\u00e9ho ochrann\u00e9ho vybavenia, ktor\u00e1 pokr\u00fdva v\u0161etky potreby n\u00e1ro\u010dn\u00fdch profesion\u00e1lov.<\/p>\n<\/div>\n\n\n                  <a class=\"link-brochure color-text d-flex align-items-center\" href=\"https:\/\/recette.opsial.com\/wp-content\/uploads\/sites\/2\/2023\/07\/PLAQUETTE_GAMME_OPSIAL_SK.pdf\" target=\"_blank\">\n                      <div class=\"txt\">Stiahnite si bro\u017e\u00faru OPSIAL<\/div>\n            <span class=\"arrow-btn\">\n              <span class=\"icons\">\n                <svg width=\"39\" height=\"23\" viewBox=\"0 0 39 23\" fill=\"none\" xmlns=\"http:\/\/www.w3.org\/2000\/svg\">\n                  <path d=\"M1.0066 10.6855C9.03006 10.6855 27.0535 10.6855 35.1628 10.6855C32.0682 7.85517 29.0198 5.07261 25.9582 2.2696C26.3013 1.86723 26.6444 1.46485 27.0007 1.04883C27.2713 1.29435 27.5352 1.53305 27.7925 1.77175C31.0982 4.793 34.4106 7.81425 37.7163 10.8423C38.099 11.1901 38.099 11.8176 37.7163 12.1654C34.2588 15.323 30.7947 18.4875 27.3372 21.6452C27.2317 21.7406 27.1261 21.8361 27.0007 21.9521C26.651 21.5429 26.3145 21.1473 25.9516 20.7313C29.0066 17.9351 32.055 15.1525 35.1562 12.3154C27.0535 12.3154 9.03006 12.3154 1 12.3154C1.0066 11.7698 1.0066 11.2242 1.0066 10.6855Z\" fill=\"currentColor\" stroke=\"currentColor\"\/>\n                <\/svg>\n                <svg width=\"39\" height=\"23\" viewBox=\"0 0 39 23\" fill=\"none\" xmlns=\"http:\/\/www.w3.org\/2000\/svg\">\n                  <path d=\"M1.0066 10.6855C9.03006 10.6855 27.0535 10.6855 35.1628 10.6855C32.0682 7.85517 29.0198 5.07261 25.9582 2.2696C26.3013 1.86723 26.6444 1.46485 27.0007 1.04883C27.2713 1.29435 27.5352 1.53305 27.7925 1.77175C31.0982 4.793 34.4106 7.81425 37.7163 10.8423C38.099 11.1901 38.099 11.8176 37.7163 12.1654C34.2588 15.323 30.7947 18.4875 27.3372 21.6452C27.2317 21.7406 27.1261 21.8361 27.0007 21.9521C26.651 21.5429 26.3145 21.1473 25.9516 20.7313C29.0066 17.9351 32.055 15.1525 35.1562 12.3154C27.0535 12.3154 9.03006 12.3154 1 12.3154C1.0066 11.7698 1.0066 11.2242 1.0066 10.6855Z\" fill=\"currentColor\" stroke=\"currentColor\"\/>\n                <\/svg>\n              <\/span>\n            <\/span>\n          <\/a>\n        \n      <\/div>\n    <\/div>\n\n              \n    <div class=\"col-lg-6 col-12 p-0 col-img order-lg-first order-last\">\n      <img decoding=\"async\" class=\"img\" src=\"https:\/\/recette.opsial.com\/wp-content\/uploads\/sites\/2\/2023\/03\/Page_Accueil_visuel_2_960x960px.jpg\" alt=\"\" width=\"960\">\n    <\/div>\n  <\/div>\n<\/div>\n\n<div class=\"m2-text-image\">\n  <div class=\"row m-0 p-0\">\n    <div class=\"col-lg-6 col-12 p-0 col-text order-lg-first order-first\">\n      <div class=\"content-text d-flex flex-column justify-content-center\">\n        <h2 class=\"h2-title color-title\">N\u00e1\u0161 pr\u00edstup OPSIAL GREENER TOGETHER<\/h2>\n        <div class=\"text color-text\"><p>Zav\u00e4zujeme sa k rie\u0161eniu environment\u00e1lnych a soci\u00e1lnych v\u00fdziev a prij\u00edmame konkr\u00e9tne a merate\u013en\u00e9 opatrenia na ovl\u00e1danie a zni\u017eovanie environment\u00e1lneho vplyvu na\u0161ich v\u00fdrobkov (n\u00e1vrh, v\u00fdroba, obaly).<\/p>\n<\/div>\n\n\n                  <a class=\"link-brochure color-text d-flex align-items-center\" href=\"https:\/\/recette.opsial.com\/sk\/greener-together\/\" >\n                      <div class=\"txt\">Zisti\u0165 viac o GREENER TOGETHER<\/div>\n            <span class=\"arrow-btn\">\n              <span class=\"icons\">\n                <svg width=\"39\" height=\"23\" viewBox=\"0 0 39 23\" fill=\"none\" xmlns=\"http:\/\/www.w3.org\/2000\/svg\">\n                  <path d=\"M1.0066 10.6855C9.03006 10.6855 27.0535 10.6855 35.1628 10.6855C32.0682 7.85517 29.0198 5.07261 25.9582 2.2696C26.3013 1.86723 26.6444 1.46485 27.0007 1.04883C27.2713 1.29435 27.5352 1.53305 27.7925 1.77175C31.0982 4.793 34.4106 7.81425 37.7163 10.8423C38.099 11.1901 38.099 11.8176 37.7163 12.1654C34.2588 15.323 30.7947 18.4875 27.3372 21.6452C27.2317 21.7406 27.1261 21.8361 27.0007 21.9521C26.651 21.5429 26.3145 21.1473 25.9516 20.7313C29.0066 17.9351 32.055 15.1525 35.1562 12.3154C27.0535 12.3154 9.03006 12.3154 1 12.3154C1.0066 11.7698 1.0066 11.2242 1.0066 10.6855Z\" fill=\"currentColor\" stroke=\"currentColor\"\/>\n                <\/svg>\n                <svg width=\"39\" height=\"23\" viewBox=\"0 0 39 23\" fill=\"none\" xmlns=\"http:\/\/www.w3.org\/2000\/svg\">\n                  <path d=\"M1.0066 10.6855C9.03006 10.6855 27.0535 10.6855 35.1628 10.6855C32.0682 7.85517 29.0198 5.07261 25.9582 2.2696C26.3013 1.86723 26.6444 1.46485 27.0007 1.04883C27.2713 1.29435 27.5352 1.53305 27.7925 1.77175C31.0982 4.793 34.4106 7.81425 37.7163 10.8423C38.099 11.1901 38.099 11.8176 37.7163 12.1654C34.2588 15.323 30.7947 18.4875 27.3372 21.6452C27.2317 21.7406 27.1261 21.8361 27.0007 21.9521C26.651 21.5429 26.3145 21.1473 25.9516 20.7313C29.0066 17.9351 32.055 15.1525 35.1562 12.3154C27.0535 12.3154 9.03006 12.3154 1 12.3154C1.0066 11.7698 1.0066 11.2242 1.0066 10.6855Z\" fill=\"currentColor\" stroke=\"currentColor\"\/>\n                <\/svg>\n              <\/span>\n            <\/span>\n          <\/a>\n        \n      <\/div>\n    <\/div>\n\n              \n    <div class=\"col-lg-6 col-12 p-0 col-img order-lg-last order-last\">\n      <img decoding=\"async\" class=\"img\" src=\"https:\/\/recette.opsial.com\/wp-content\/uploads\/sites\/2\/2023\/01\/Group-224.png\" alt=\"\" width=\"960\">\n    <\/div>\n  <\/div>\n<\/div>\n\n<div class=\"m2-text-image\">\n  <div class=\"row m-0 p-0\">\n    <div class=\"col-lg-6 col-12 p-0 col-text order-lg-last order-first\">\n      <div class=\"content-text d-flex flex-column justify-content-center\">\n        <h2 class=\"h2-title color-title\">Pr\u00edstup k va\u0161im dokumentom<\/h2>\n        <div class=\"text color-text\"><p>Encuentra en Safety Finder tus documentos relacionados con la seguridad de tus productos de equipos de protecci\u00f3n personal (declaraci\u00f3n de conformidad de la UE, hojas t\u00e9cnicas y manuales de uso).<\/p>\n<\/div>\n\n\n                  <a class=\"link-brochure color-text d-flex align-items-center\" href=\"https:\/\/www.episafetyfinder.fr\/sk_SK\" target=\"_blank\">\n                      <div class=\"txt\">Pr\u00edstup na platformu SAFETY FINDER<\/div>\n            <span class=\"arrow-btn\">\n              <span class=\"icons\">\n                <svg width=\"39\" height=\"23\" viewBox=\"0 0 39 23\" fill=\"none\" xmlns=\"http:\/\/www.w3.org\/2000\/svg\">\n                  <path d=\"M1.0066 10.6855C9.03006 10.6855 27.0535 10.6855 35.1628 10.6855C32.0682 7.85517 29.0198 5.07261 25.9582 2.2696C26.3013 1.86723 26.6444 1.46485 27.0007 1.04883C27.2713 1.29435 27.5352 1.53305 27.7925 1.77175C31.0982 4.793 34.4106 7.81425 37.7163 10.8423C38.099 11.1901 38.099 11.8176 37.7163 12.1654C34.2588 15.323 30.7947 18.4875 27.3372 21.6452C27.2317 21.7406 27.1261 21.8361 27.0007 21.9521C26.651 21.5429 26.3145 21.1473 25.9516 20.7313C29.0066 17.9351 32.055 15.1525 35.1562 12.3154C27.0535 12.3154 9.03006 12.3154 1 12.3154C1.0066 11.7698 1.0066 11.2242 1.0066 10.6855Z\" fill=\"currentColor\" stroke=\"currentColor\"\/>\n                <\/svg>\n                <svg width=\"39\" height=\"23\" viewBox=\"0 0 39 23\" fill=\"none\" xmlns=\"http:\/\/www.w3.org\/2000\/svg\">\n                  <path d=\"M1.0066 10.6855C9.03006 10.6855 27.0535 10.6855 35.1628 10.6855C32.0682 7.85517 29.0198 5.07261 25.9582 2.2696C26.3013 1.86723 26.6444 1.46485 27.0007 1.04883C27.2713 1.29435 27.5352 1.53305 27.7925 1.77175C31.0982 4.793 34.4106 7.81425 37.7163 10.8423C38.099 11.1901 38.099 11.8176 37.7163 12.1654C34.2588 15.323 30.7947 18.4875 27.3372 21.6452C27.2317 21.7406 27.1261 21.8361 27.0007 21.9521C26.651 21.5429 26.3145 21.1473 25.9516 20.7313C29.0066 17.9351 32.055 15.1525 35.1562 12.3154C27.0535 12.3154 9.03006 12.3154 1 12.3154C1.0066 11.7698 1.0066 11.2242 1.0066 10.6855Z\" fill=\"currentColor\" stroke=\"currentColor\"\/>\n                <\/svg>\n              <\/span>\n            <\/span>\n          <\/a>\n        \n      <\/div>\n    <\/div>\n\n              \n    <div class=\"col-lg-6 col-12 p-0 col-img order-lg-first order-last\">\n      <img decoding=\"async\" class=\"img\" src=\"https:\/\/recette.opsial.com\/wp-content\/uploads\/sites\/2\/2023\/09\/Safetyfinder_OPSIAL_SK.png\" alt=\"\" width=\"960\">\n    <\/div>\n  <\/div>\n<\/div>\n\n<div class=\"m2-text-image\">\n  <div class=\"row m-0 p-0\">\n    <div class=\"col-lg-6 col-12 p-0 col-text order-lg-first order-first\">\n      <div class=\"content-text d-flex flex-column justify-content-center\">\n        <h2 class=\"h2-title color-title\">Medzin\u00e1rodne uzn\u00e1van\u00e1 zna\u010dka<\/h2>\n        <div class=\"text color-text\"><p>Zna\u010dka OPSIAL je \u0161iroko distribuovan\u00e1 po celom svete prostredn\u00edctvom siete 730 miestnych predajn\u00fdch miest v 16 krajin\u00e1ch.<\/p>\n<\/div>\n\n\n                  <a class=\"link-brochure color-text d-flex align-items-center\" href=\"https:\/\/recette.opsial.com\/sk\/distribucni-partneri\/?continent=europa&#038;pays=\" >\n                      <div class=\"txt\">Objavte na\u0161ich partnersk\u00fdch distrib\u00fatorov<\/div>\n            <span class=\"arrow-btn\">\n              <span class=\"icons\">\n                <svg width=\"39\" height=\"23\" viewBox=\"0 0 39 23\" fill=\"none\" xmlns=\"http:\/\/www.w3.org\/2000\/svg\">\n                  <path d=\"M1.0066 10.6855C9.03006 10.6855 27.0535 10.6855 35.1628 10.6855C32.0682 7.85517 29.0198 5.07261 25.9582 2.2696C26.3013 1.86723 26.6444 1.46485 27.0007 1.04883C27.2713 1.29435 27.5352 1.53305 27.7925 1.77175C31.0982 4.793 34.4106 7.81425 37.7163 10.8423C38.099 11.1901 38.099 11.8176 37.7163 12.1654C34.2588 15.323 30.7947 18.4875 27.3372 21.6452C27.2317 21.7406 27.1261 21.8361 27.0007 21.9521C26.651 21.5429 26.3145 21.1473 25.9516 20.7313C29.0066 17.9351 32.055 15.1525 35.1562 12.3154C27.0535 12.3154 9.03006 12.3154 1 12.3154C1.0066 11.7698 1.0066 11.2242 1.0066 10.6855Z\" fill=\"currentColor\" stroke=\"currentColor\"\/>\n                <\/svg>\n                <svg width=\"39\" height=\"23\" viewBox=\"0 0 39 23\" fill=\"none\" xmlns=\"http:\/\/www.w3.org\/2000\/svg\">\n                  <path d=\"M1.0066 10.6855C9.03006 10.6855 27.0535 10.6855 35.1628 10.6855C32.0682 7.85517 29.0198 5.07261 25.9582 2.2696C26.3013 1.86723 26.6444 1.46485 27.0007 1.04883C27.2713 1.29435 27.5352 1.53305 27.7925 1.77175C31.0982 4.793 34.4106 7.81425 37.7163 10.8423C38.099 11.1901 38.099 11.8176 37.7163 12.1654C34.2588 15.323 30.7947 18.4875 27.3372 21.6452C27.2317 21.7406 27.1261 21.8361 27.0007 21.9521C26.651 21.5429 26.3145 21.1473 25.9516 20.7313C29.0066 17.9351 32.055 15.1525 35.1562 12.3154C27.0535 12.3154 9.03006 12.3154 1 12.3154C1.0066 11.7698 1.0066 11.2242 1.0066 10.6855Z\" fill=\"currentColor\" stroke=\"currentColor\"\/>\n                <\/svg>\n              <\/span>\n            <\/span>\n          <\/a>\n        \n      <\/div>\n    <\/div>\n\n              \n    <div class=\"col-lg-6 col-12 p-0 col-img order-lg-last order-last\">\n      <img decoding=\"async\" class=\"img\" src=\"https:\/\/recette.opsial.com\/wp-content\/uploads\/sites\/2\/2022\/11\/AdobeStock_513860908-1.jpg\" alt=\"\" width=\"960\">\n    <\/div>\n  <\/div>\n<\/div>\n\n<div class=\"m9-slogan bg-site bg-1\">\n  <div class=\"slogan\">\n    <div class=\"marquee\">\n      <div class=\"marquee__inner\" aria-hidden=\"true\">\n        <span>Your safety, your performance &#8211;<\/span>\n        <span>Your safety, your performance &#8211;<\/span>\n        <span>Your safety, your performance &#8211;<\/span>\n      <\/div>\n    <\/div>\n\n    <div class=\"marquee\">\n      <div class=\"marquee__inner left\" aria-hidden=\"true\">\n        <span>Your safety, your performance &#8211;<\/span>\n        <span>Your safety, your performance &#8211;<\/span>\n        <span>Your safety, your performance &#8211;<\/span>\n      <\/div>\n    <\/div>\n  <\/div>\n<\/div>","protected":false},"excerpt":{"rendered":"","protected":false},"author":1,"featured_media":0,"parent":0,"menu_order":-1,"comment_status":"closed","ping_status":"closed","template":"","meta":{"_acf_changed":false,"footnotes":""},"class_list":["post-7386","page","type-page","status-publish","hentry"],"acf":[],"yoast_head":"<!-- This site is optimized with the Yoast SEO plugin v26.6 - https:\/\/yoast.com\/wordpress\/plugins\/seo\/ -->\n<title>HOME - Opsial<\/title>\n<meta name=\"robots\" content=\"index, follow, max-snippet:-1, max-image-preview:large, max-video-preview:-1\" \/>\n<link rel=\"canonical\" href=\"https:\/\/recette.opsial.com\/sk\/\" \/>\n<meta property=\"og:locale\" content=\"sk_SK\" \/>\n<meta property=\"og:type\" content=\"article\" \/>\n<meta property=\"og:title\" content=\"HOME - Opsial\" \/>\n<meta property=\"og:url\" content=\"https:\/\/recette.opsial.com\/sk\/\" \/>\n<meta property=\"og:site_name\" content=\"Opsial\" \/>\n<meta property=\"article:modified_time\" content=\"2023-10-16T09:39:50+00:00\" \/>\n<meta name=\"twitter:card\" content=\"summary_large_image\" \/>\n<script type=\"application\/ld+json\" class=\"yoast-schema-graph\">{\"@context\":\"https:\/\/schema.org\",\"@graph\":[{\"@type\":\"WebPage\",\"@id\":\"https:\/\/recette.opsial.com\/sk\/\",\"url\":\"https:\/\/recette.opsial.com\/sk\/\",\"name\":\"HOME - Opsial\",\"isPartOf\":{\"@id\":\"https:\/\/recette.opsial.com\/#website\"},\"datePublished\":\"2022-11-08T13:59:21+00:00\",\"dateModified\":\"2023-10-16T09:39:50+00:00\",\"breadcrumb\":{\"@id\":\"https:\/\/recette.opsial.com\/sk\/#breadcrumb\"},\"inLanguage\":\"sk-SK\",\"potentialAction\":[{\"@type\":\"ReadAction\",\"target\":[\"https:\/\/recette.opsial.com\/sk\/\"]}]},{\"@type\":\"BreadcrumbList\",\"@id\":\"https:\/\/recette.opsial.com\/sk\/#breadcrumb\",\"itemListElement\":[{\"@type\":\"ListItem\",\"position\":1,\"name\":\"Accueil\",\"item\":\"https:\/\/recette.opsial.com\/sk\/\"},{\"@type\":\"ListItem\",\"position\":2,\"name\":\"HOME\"}]},{\"@type\":\"WebSite\",\"@id\":\"https:\/\/recette.opsial.com\/#website\",\"url\":\"https:\/\/recette.opsial.com\/\",\"name\":\"Opsial\",\"description\":\"Opsial\",\"potentialAction\":[{\"@type\":\"SearchAction\",\"target\":{\"@type\":\"EntryPoint\",\"urlTemplate\":\"https:\/\/recette.opsial.com\/?s={search_term_string}\"},\"query-input\":{\"@type\":\"PropertyValueSpecification\",\"valueRequired\":true,\"valueName\":\"search_term_string\"}}],\"inLanguage\":\"sk-SK\"}]}<\/script>\n<!-- \/ Yoast SEO plugin. -->","yoast_head_json":{"title":"HOME - Opsial","robots":{"index":"index","follow":"follow","max-snippet":"max-snippet:-1","max-image-preview":"max-image-preview:large","max-video-preview":"max-video-preview:-1"},"canonical":"https:\/\/recette.opsial.com\/sk\/","og_locale":"sk_SK","og_type":"article","og_title":"HOME - Opsial","og_url":"https:\/\/recette.opsial.com\/sk\/","og_site_name":"Opsial","article_modified_time":"2023-10-16T09:39:50+00:00","twitter_card":"summary_large_image","schema":{"@context":"https:\/\/schema.org","@graph":[{"@type":"WebPage","@id":"https:\/\/recette.opsial.com\/sk\/","url":"https:\/\/recette.opsial.com\/sk\/","name":"HOME - Opsial","isPartOf":{"@id":"https:\/\/recette.opsial.com\/#website"},"datePublished":"2022-11-08T13:59:21+00:00","dateModified":"2023-10-16T09:39:50+00:00","breadcrumb":{"@id":"https:\/\/recette.opsial.com\/sk\/#breadcrumb"},"inLanguage":"sk-SK","potentialAction":[{"@type":"ReadAction","target":["https:\/\/recette.opsial.com\/sk\/"]}]},{"@type":"BreadcrumbList","@id":"https:\/\/recette.opsial.com\/sk\/#breadcrumb","itemListElement":[{"@type":"ListItem","position":1,"name":"Accueil","item":"https:\/\/recette.opsial.com\/sk\/"},{"@type":"ListItem","position":2,"name":"HOME"}]},{"@type":"WebSite","@id":"https:\/\/recette.opsial.com\/#website","url":"https:\/\/recette.opsial.com\/","name":"Opsial","description":"Opsial","potentialAction":[{"@type":"SearchAction","target":{"@type":"EntryPoint","urlTemplate":"https:\/\/recette.opsial.com\/?s={search_term_string}"},"query-input":{"@type":"PropertyValueSpecification","valueRequired":true,"valueName":"search_term_string"}}],"inLanguage":"sk-SK"}]}},"_links":{"self":[{"href":"https:\/\/recette.opsial.com\/sk\/wp-json\/wp\/v2\/pages\/7386","targetHints":{"allow":["GET"]}}],"collection":[{"href":"https:\/\/recette.opsial.com\/sk\/wp-json\/wp\/v2\/pages"}],"about":[{"href":"https:\/\/recette.opsial.com\/sk\/wp-json\/wp\/v2\/types\/page"}],"author":[{"embeddable":true,"href":"https:\/\/recette.opsial.com\/sk\/wp-json\/wp\/v2\/users\/1"}],"replies":[{"embeddable":true,"href":"https:\/\/recette.opsial.com\/sk\/wp-json\/wp\/v2\/comments?post=7386"}],"version-history":[{"count":4,"href":"https:\/\/recette.opsial.com\/sk\/wp-json\/wp\/v2\/pages\/7386\/revisions"}],"predecessor-version":[{"id":13051,"href":"https:\/\/recette.opsial.com\/sk\/wp-json\/wp\/v2\/pages\/7386\/revisions\/13051"}],"wp:attachment":[{"href":"https:\/\/recette.opsial.com\/sk\/wp-json\/wp\/v2\/media?parent=7386"}],"curies":[{"name":"wp","href":"https:\/\/api.w.org\/{rel}","templated":true}]}}