{"id":7450,"date":"2023-02-23T15:57:13","date_gmt":"2023-02-23T14:57:13","guid":{"rendered":"https:\/\/recette.opsial.com\/mentions-legales-it\/"},"modified":"2023-10-24T15:57:16","modified_gmt":"2023-10-24T13:57:16","slug":"informazioni-legali","status":"publish","type":"page","link":"https:\/\/recette.opsial.com\/it\/informazioni-legali\/","title":{"rendered":"INFORMAZIONI LEGALI"},"content":{"rendered":"\n<div class=\"container m5-paragraphe\">\n  <div class=\"row\">\n    <div class=\"col-lg-12 col-12\">\n        <h2 class=\"h2-title color-title\"><\/h2>\n      <div class=\"content-text d-flex flex-column justify-content-center\">\n        <div class=\"text color-text\"><h2>IDENTIFICAZIONE E PUBBLICAZIONE<\/h2>\n<p>Il presente sito \u00e8 pubblicato da: SOGEDESCA (Soci\u00e9t\u00e9 de Gestion des services communs du groupe DESCOURS &amp; CABAUD),<\/p>\n<p>Societ\u00e0 anonima con capitale di 500.000 euro<\/p>\n<p>Sede legale: 10 rue g\u00e9n\u00e9ral Plessier \u2013 69002 LIONE<\/p>\n<p>N\u00b0 SIREN: 965 507 684 RCS LIONE<\/p>\n<p>Numero di identificazione individuale IVA: FR 50 965 507 684<\/p>\n<p>Telefono: 04 72 40 85 85, email: com@descours-cabaud.net<\/p>\n<p>Il Direttore Editoriale \u00e8 il signor Herv\u00e9 PATIN, in qualit\u00e0 di Direttore delle Risorse.<\/p>\n<p>&nbsp;<\/p>\n<h2>HOSTING<\/h2>\n<p>L&#8217;hosting del sito \u00e8 fornito da: INFODESCA, SARL con capitale di 12.800 euro<\/p>\n<p>Sede legale: 10 rue g\u00e9n\u00e9ral Plessier \u2013 69002 LIONE<\/p>\n<p>N\u00b0 SIREN: 343 222 311 RCS LIONE<\/p>\n<p>Telefono: 04 72 40 85 85, email: com@descours-cabaud.net<\/p>\n<p>&nbsp;<\/p>\n<h2>SCOPO DEL SITO<\/h2>\n<p>Il presente sito ha lo scopo di fornire informazioni sulle gamme di prodotti e servizi OPSIAL.<\/p>\n<p>&nbsp;<\/p>\n<h2>ACCESSO AL SITO<\/h2>\n<p>L&#8217;accesso al sito richiede una connessione Internet con una velocit\u00e0 sufficiente per visualizzarne tutti i contenuti.<\/p>\n<p>Il sito \u00e8 normalmente accessibile agli utenti in qualsiasi momento, 24 ore su 24, 7 giorni su 7, ad eccezione dei casi di manutenzione evolutiva o correttiva, di forza maggiore, o di difficolt\u00e0 di connessione legate a Internet o ad altre difficolt\u00e0 tecniche, senza che ne possiamo essere ritenuti responsabili.<\/p>\n<p>&nbsp;<\/p>\n<h2>PROPRIET\u00c0 INTELLETTUALE<\/h2>\n<p>La presentazione e il contenuto del sito costituiscono insieme un&#8217;opera protetta dalle leggi vigenti sulla propriet\u00e0 intellettuale, di cui siamo i titolari. Ogni riproduzione e\/o rappresentazione, parziale o totale, senza il nostro previo consenso scritto costituirebbe contraffazione ai sensi del Codice della Propriet\u00e0 Intellettuale e implicherebbe la responsabilit\u00e0 civile e\/o penale del contraffattore.<\/p>\n<p>I disegni, fotografie, immagini, testi, sequenze animate, sonore o non, database, software e altre documentazioni rappresentate sul sito sono oggetto di diritti di propriet\u00e0 industriale e\/o intellettuale e sono, a seconda dei casi, di nostra propriet\u00e0 o di terzi che ci hanno autorizzato limitatamente ad utilizzarli.<\/p>\n<p>Di conseguenza, ogni riproduzione, rappresentazione, adattamento, traduzione e\/o modifica, parziale o totale, o trasferimento su un altro sito sono vietati.<\/p>\n<p>&nbsp;<\/p>\n<h2>COLLEGAMENTI IPERTESTUALI<\/h2>\n<p>Il nostro sito pu\u00f2 contenere collegamenti ipertestuali ad altri siti. Non ci assumiamo alcun impegno riguardo a qualsiasi altro sito a cui potreste accedere tramite il nostro sito e non siamo in alcun modo responsabili dei contenuti, del funzionamento e dell&#8217;accesso a tali siti.<\/p>\n<p>&nbsp;<\/p>\n<h2>DATI PERSONALI E COOKIE<\/h2>\n<p>I tuoi dati raccolti tramite www.recette.opsial.com sono soggetti a trattamento informatico. I dati sono destinati ai nostri servizi commerciali al fine di offrirti un servizio di ordini e monitoraggio online.<\/p>\n<p>In conformit\u00e0 al Regolamento (UE) 2016\/679 del Parlamento europeo e del Consiglio del 27 aprile 2016, hai il diritto di accesso, rettifica, cancellazione e portabilit\u00e0 delle informazioni che ti riguardano. Inoltre, puoi richiedere una limitazione o opporti al trattamento dei tuoi dati.<\/p>\n<p>In conformit\u00e0 con la normativa applicabile e per garantire la protezione dei tuoi dati personali, SOGEDESCA ha designato un responsabile per la protezione dei dati. Puoi esercitare questo diritto inviando una lettera all&#8217;indirizzo seguente: SOGEDESCA \u2013 All&#8217;attenzione del DPO \u2013 10, Rue du G\u00e9n\u00e9ral Plessier \u2013 69002 LIONE, o telefonando al 04 72 40 85 85 o inviando un&#8217;email all&#8217;indirizzo: dpo-fr@descours-cabaud.net.<\/p>\n<p>Per ottenere informazioni sull&#8217;uso che verr\u00e0 fatto di questi dati, puoi consultare le informazioni legali o inviare la tua richiesta all&#8217;indirizzo com@descours-cabaud.net<\/p>\n<p>Puoi anche annullare l&#8217;iscrizione alle nostre newsletter in qualsiasi momento facendo clic sul link presente in tutte le nostre e-mail.<\/p>\n<p>Infine, hai il diritto di presentare un reclamo all&#8217;autorit\u00e0 di controllo.<\/p>\n<p>Conserviamo i tuoi dati personali e i dati degli ordini per il tempo necessario per raggiungere l&#8217;obiettivo del loro trattamento e per adempiere agli obblighi legali e regolamentari del codice del commercio.<\/p>\n<p>&nbsp;<\/p>\n<h2>LIMITAZIONE DI RESPONSABILIT\u00c0<\/h2>\n<p>L&#8217;utente \u00e8 informato che non siamo responsabili della qualit\u00e0, disponibilit\u00e0 o affidabilit\u00e0 delle reti di telecomunicazione, indipendentemente dalla loro natura, in caso di accesso al Sito.<\/p>\n<p>Spetta all&#8217;utente adottare tutte le misure appropriate per proteggere i propri dati, software e apparecchiature da contaminazioni da virus o altre forme di attacchi eventualmente circolanti su Internet o sul Sito. In nessun caso potremo essere ritenuti responsabili di tali rischi e delle loro conseguenze o danni, di qualsiasi entit\u00e0, per l&#8217;utente.<\/p>\n<p>Ci sforziamo di fornire sul Sito informazioni il pi\u00f9 precise possibile. Tuttavia, non potremo essere ritenuti responsabili di omissioni, inesattezze e mancanze nell&#8217;aggiornamento, che siano dovute a noi o a terze parti partner che ci forniscono tali informazioni.<\/p>\n<p>Ci riserviamo il diritto di modificare il contenuto del Sito in qualsiasi momento e senza preavviso, di interrompere o sospendere in tutto o in parte le funzionalit\u00e0 del Sito in qualsiasi momento e senza preavviso. Non potremo essere ritenuti responsabili delle conseguenze di tali modifiche e interruzioni.<\/p>\n<p>L&#8217;utente \u00e8 responsabile nei nostri confronti e\/o nei confronti di terze parti per qualsiasi danno materiale e\/o immateriale, diretto e\/o indiretto di qualsiasi natura causato dall&#8217;utente e\/o dai suoi dipendenti a causa di un utilizzo del Sito o del suo contenuto non conforme alle presenti condizioni d&#8217;uso.<\/p>\n<p>&nbsp;<\/p>\n<h2>LEGGE APPLICABILE<\/h2>\n<p>Il Sito e il suo contenuto sono soggetti alla legislazione francese. Ogni controversia derivante dalla navigazione o dall&#8217;uso del Sito, in particolare dalle presenti condizioni generali d&#8217;uso e dalla politica sulla privacy, \u00e8 sottoposta alla competenza esclusiva dei tribunali di Lione.<\/p>\n<p>&nbsp;<\/p>\n<p>Ultimo aggiornamento:<br \/>\n11\/05\/2023<\/p>\n<\/div>\n\n\n        \n      <\/div>\n    <\/div>\n  <\/div>\n<\/div>\n\n<div class=\"m9-slogan bg-site bg-1\">\n  <div class=\"slogan\">\n    <div class=\"marquee\">\n      <div class=\"marquee__inner\" aria-hidden=\"true\">\n        <span>Your safety, your performance &#8211;<\/span>\n        <span>Your safety, your performance &#8211;<\/span>\n        <span>Your safety, your performance &#8211;<\/span>\n      <\/div>\n    <\/div>\n\n    <div class=\"marquee\">\n      <div class=\"marquee__inner left\" aria-hidden=\"true\">\n        <span>Your safety, your performance &#8211;<\/span>\n        <span>Your safety, your performance &#8211;<\/span>\n        <span>Your safety, your performance &#8211;<\/span>\n      <\/div>\n    <\/div>\n  <\/div>\n<\/div>","protected":false},"excerpt":{"rendered":"","protected":false},"author":1,"featured_media":0,"parent":0,"menu_order":0,"comment_status":"closed","ping_status":"closed","template":"","meta":{"_acf_changed":false,"footnotes":""},"class_list":["post-7450","page","type-page","status-publish","hentry"],"acf":[],"yoast_head":"<!-- This site is optimized with the Yoast SEO plugin v26.6 - https:\/\/yoast.com\/wordpress\/plugins\/seo\/ -->\n<title>INFORMAZIONI LEGALI - Opsial<\/title>\n<meta name=\"robots\" content=\"index, follow, max-snippet:-1, max-image-preview:large, max-video-preview:-1\" \/>\n<link rel=\"canonical\" href=\"https:\/\/recette.opsial.com\/it\/informazioni-legali\/\" \/>\n<meta property=\"og:locale\" content=\"it_IT\" \/>\n<meta property=\"og:type\" content=\"article\" \/>\n<meta property=\"og:title\" content=\"INFORMAZIONI LEGALI - Opsial\" \/>\n<meta property=\"og:url\" content=\"https:\/\/recette.opsial.com\/it\/informazioni-legali\/\" \/>\n<meta property=\"og:site_name\" content=\"Opsial\" \/>\n<meta property=\"article:modified_time\" content=\"2023-10-24T13:57:16+00:00\" \/>\n<meta name=\"twitter:card\" content=\"summary_large_image\" \/>\n<script type=\"application\/ld+json\" class=\"yoast-schema-graph\">{\"@context\":\"https:\/\/schema.org\",\"@graph\":[{\"@type\":\"WebPage\",\"@id\":\"https:\/\/recette.opsial.com\/it\/informazioni-legali\/\",\"url\":\"https:\/\/recette.opsial.com\/it\/informazioni-legali\/\",\"name\":\"INFORMAZIONI LEGALI - Opsial\",\"isPartOf\":{\"@id\":\"https:\/\/recette.opsial.com\/#website\"},\"datePublished\":\"2023-02-23T14:57:13+00:00\",\"dateModified\":\"2023-10-24T13:57:16+00:00\",\"breadcrumb\":{\"@id\":\"https:\/\/recette.opsial.com\/it\/informazioni-legali\/#breadcrumb\"},\"inLanguage\":\"it-IT\",\"potentialAction\":[{\"@type\":\"ReadAction\",\"target\":[\"https:\/\/recette.opsial.com\/it\/informazioni-legali\/\"]}]},{\"@type\":\"BreadcrumbList\",\"@id\":\"https:\/\/recette.opsial.com\/it\/informazioni-legali\/#breadcrumb\",\"itemListElement\":[{\"@type\":\"ListItem\",\"position\":1,\"name\":\"Accueil\",\"item\":\"https:\/\/recette.opsial.com\/it\/\"},{\"@type\":\"ListItem\",\"position\":2,\"name\":\"INFORMAZIONI LEGALI\"}]},{\"@type\":\"WebSite\",\"@id\":\"https:\/\/recette.opsial.com\/#website\",\"url\":\"https:\/\/recette.opsial.com\/\",\"name\":\"Opsial\",\"description\":\"Opsial\",\"potentialAction\":[{\"@type\":\"SearchAction\",\"target\":{\"@type\":\"EntryPoint\",\"urlTemplate\":\"https:\/\/recette.opsial.com\/?s={search_term_string}\"},\"query-input\":{\"@type\":\"PropertyValueSpecification\",\"valueRequired\":true,\"valueName\":\"search_term_string\"}}],\"inLanguage\":\"it-IT\"}]}<\/script>\n<!-- \/ Yoast SEO plugin. -->","yoast_head_json":{"title":"INFORMAZIONI LEGALI - Opsial","robots":{"index":"index","follow":"follow","max-snippet":"max-snippet:-1","max-image-preview":"max-image-preview:large","max-video-preview":"max-video-preview:-1"},"canonical":"https:\/\/recette.opsial.com\/it\/informazioni-legali\/","og_locale":"it_IT","og_type":"article","og_title":"INFORMAZIONI LEGALI - Opsial","og_url":"https:\/\/recette.opsial.com\/it\/informazioni-legali\/","og_site_name":"Opsial","article_modified_time":"2023-10-24T13:57:16+00:00","twitter_card":"summary_large_image","schema":{"@context":"https:\/\/schema.org","@graph":[{"@type":"WebPage","@id":"https:\/\/recette.opsial.com\/it\/informazioni-legali\/","url":"https:\/\/recette.opsial.com\/it\/informazioni-legali\/","name":"INFORMAZIONI LEGALI - Opsial","isPartOf":{"@id":"https:\/\/recette.opsial.com\/#website"},"datePublished":"2023-02-23T14:57:13+00:00","dateModified":"2023-10-24T13:57:16+00:00","breadcrumb":{"@id":"https:\/\/recette.opsial.com\/it\/informazioni-legali\/#breadcrumb"},"inLanguage":"it-IT","potentialAction":[{"@type":"ReadAction","target":["https:\/\/recette.opsial.com\/it\/informazioni-legali\/"]}]},{"@type":"BreadcrumbList","@id":"https:\/\/recette.opsial.com\/it\/informazioni-legali\/#breadcrumb","itemListElement":[{"@type":"ListItem","position":1,"name":"Accueil","item":"https:\/\/recette.opsial.com\/it\/"},{"@type":"ListItem","position":2,"name":"INFORMAZIONI LEGALI"}]},{"@type":"WebSite","@id":"https:\/\/recette.opsial.com\/#website","url":"https:\/\/recette.opsial.com\/","name":"Opsial","description":"Opsial","potentialAction":[{"@type":"SearchAction","target":{"@type":"EntryPoint","urlTemplate":"https:\/\/recette.opsial.com\/?s={search_term_string}"},"query-input":{"@type":"PropertyValueSpecification","valueRequired":true,"valueName":"search_term_string"}}],"inLanguage":"it-IT"}]}},"_links":{"self":[{"href":"https:\/\/recette.opsial.com\/it\/wp-json\/wp\/v2\/pages\/7450","targetHints":{"allow":["GET"]}}],"collection":[{"href":"https:\/\/recette.opsial.com\/it\/wp-json\/wp\/v2\/pages"}],"about":[{"href":"https:\/\/recette.opsial.com\/it\/wp-json\/wp\/v2\/types\/page"}],"author":[{"embeddable":true,"href":"https:\/\/recette.opsial.com\/it\/wp-json\/wp\/v2\/users\/1"}],"replies":[{"embeddable":true,"href":"https:\/\/recette.opsial.com\/it\/wp-json\/wp\/v2\/comments?post=7450"}],"version-history":[{"count":4,"href":"https:\/\/recette.opsial.com\/it\/wp-json\/wp\/v2\/pages\/7450\/revisions"}],"predecessor-version":[{"id":13974,"href":"https:\/\/recette.opsial.com\/it\/wp-json\/wp\/v2\/pages\/7450\/revisions\/13974"}],"wp:attachment":[{"href":"https:\/\/recette.opsial.com\/it\/wp-json\/wp\/v2\/media?parent=7450"}],"curies":[{"name":"wp","href":"https:\/\/api.w.org\/{rel}","templated":true}]}}