{"id":7438,"date":"2022-11-08T14:50:42","date_gmt":"2022-11-08T13:50:42","guid":{"rendered":"https:\/\/recette.opsial.com\/la-marque-opsial-it\/"},"modified":"2023-09-29T15:39:50","modified_gmt":"2023-09-29T13:39:50","slug":"il_marchio-opsial","status":"publish","type":"page","link":"https:\/\/recette.opsial.com\/it\/il_marchio-opsial\/","title":{"rendered":"IL MARCHIO OPSIAL"},"content":{"rendered":"\n<div class=\"container m5-paragraphe\">\n  <div class=\"row\">\n    <div class=\"col-lg-12 col-12\">\n        <h2 class=\"h2-title color-title\">La nostra mission: proteggerti<\/h2>\n      <div class=\"content-text d-flex flex-column justify-content-center\">\n        <div class=\"text color-text\"><p>Da oltre 20 anni OPSIAL \u00e8 accanto ai professionisti con una <strong>gamma completa di Dispositivi di Protezione Individuale (DPI) che unisce tecnologia, comfort e stile<\/strong>.<\/p>\n<p>Poich\u00e9 conosciamo perfettamente te e le tue esigenze, abbiamo sviluppato prodotti completamente su misura per te, indipendentemente dal tuo ambiente di lavoro: industria, edilizia, ingegneria civile, logistica, servizi, energia &#8230;<\/p>\n<\/div>\n\n\n        \n      <\/div>\n    <\/div>\n  <\/div>\n<\/div>\n\n<div class=\"m7-indicateurs bg-site d-flex align-items-center bg-m7-1\">\n\n  <div class=\"container\">\n    <div class=\"slider-variable\" data-number=\"4\">\n              <div class=\"item-produit\">\n          <div class=\"square d-flex justify-content-center align-items-center pos-rel\">\n            <img class=\"img-fluid\"src=\"https:\/\/recette.opsial.com\/wp-content\/uploads\/sites\/2\/2023\/05\/Pictos_page_Marque_OPSIAL_01.png\" alt=\"\" height=\"166\">\n          <\/div>\n          \n          <h3 class=\"sous-titre font-title\">Prodotti sviluppati in Francia<\/h3>\n        <\/div>\n\n              <div class=\"item-produit\">\n          <div class=\"square d-flex justify-content-center align-items-center pos-rel\">\n            <img class=\"img-fluid\"src=\"https:\/\/recette.opsial.com\/wp-content\/uploads\/sites\/2\/2023\/05\/Pictos_page_Marque_OPSIAL_02.png\" alt=\"\" height=\"166\">\n          <\/div>\n          \n          <h3 class=\"sous-titre font-title\">Selezione rigorosa delle materie prime<\/h3>\n        <\/div>\n\n              <div class=\"item-produit\">\n          <div class=\"square d-flex justify-content-center align-items-center pos-rel\">\n            <img class=\"img-fluid\"src=\"https:\/\/recette.opsial.com\/wp-content\/uploads\/sites\/2\/2023\/05\/Pictos_page_Marque_OPSIAL_103x117px-03-2.png\" alt=\"\" height=\"166\">\n          <\/div>\n          \n          <h3 class=\"sous-titre font-title\">Rigorosi controlli della qualit\u00e0<\/h3>\n        <\/div>\n\n              <div class=\"item-produit\">\n          <div class=\"square d-flex justify-content-center align-items-center pos-rel\">\n            <img class=\"img-fluid\"src=\"https:\/\/recette.opsial.com\/wp-content\/uploads\/sites\/2\/2023\/05\/essai_Plan-de-travail-1-2.png\" alt=\"\" height=\"166\">\n          <\/div>\n          \n          <h3 class=\"sous-titre font-title\">Opsial Greener Together<\/h3>\n        <\/div>\n\n      \n\n    <\/div>\n\t<\/div>\n\n  \n    \n<\/div>\n\n  \n\n<div class=\"hp-video-fullwidth\" data-id=\"5jf9FGNRhDE\" data-type=\"youtube\">\n  <div class=\"container bg-image w-100 pos-rel\" style=\"background-image: linear-gradient(#00000080, #00000080), url('https:\/\/recette.opsial.com\/wp-content\/uploads\/sites\/2\/2022\/11\/decouvrez_la_marque-1.png');\">\n    <h2 class=\"title-video pos-abs color-white font-title\">Scopri il marchio Opsial in 1 minuto<\/h2>\n    <img loading=\"lazy\" decoding=\"async\" class=\"mobil-play\" src=\"https:\/\/recette.opsial.com\/wp-content\/themes\/xhander_uas\/dist\/images\/player.png\"  alt=\"play\" width=\"100\" height=\"100\">\n    <div class=\"embed-container pos-rel\">\n      <div class=\"videoContainer\"><\/div>\n    <\/div>\n  <\/div>\n<\/div>\n\n<div class=\"m6-points-cles\">\n  <div class=\"row m-0 p-0\">\n    <div class=\"col-lg-6 col-12 p-0 col-text order-lg-first order-first\">\n      <div class=\"content-text d-flex flex-column justify-content-center\">\n        <h2 class=\"h2-title color-title\">3 valori ci guidano quotidianamente<\/h2>\n\n                              <h3 class=\"mot-cle border-b font-headings color-text\">ECCELLENZA<\/h3>\n                                        <h3 class=\"mot-cle border-b font-headings color-text\">PASSIONE<\/h3>\n                                        <h3 class=\"mot-cle font-headings color-text\">FIDUCIA<\/h3>\n                  \n      <\/div>\n    <\/div>\n\n              \n    \n    <div class=\"col-lg-6 col-12 p-0 col-img order-lg-last order-last\">\n      <img decoding=\"async\" class=\"img\" src=\"https:\/\/recette.opsial.com\/wp-content\/uploads\/sites\/2\/2023\/03\/JEROME_FIEVET_OPSIAL_DAY3_13720_960x960px.png\" alt=\"\" width=\"960\">\n    <\/div>\n  <\/div>\n<\/div>\n\n<div class=\"m10-text-image2\">\n  <div class=\"container\">\n    <h2 class=\"h2-title color-title\">I nostri impegni verso i nostri clienti<\/h2>\n    \n        <div class=\"row row-bloc\">\n      <div class=\"col-lg-6 col-12 col-text order-lg-last order-first\">\n        <div class=\"content-text d-flex flex-column justify-content-center\">\n          <h3 class=\"h3-title color-title\"><\/h3>\n          <div class=\"text color-text\"><p><strong>Per OPSIAL, la protezione \u00e8 pi\u00f9 di una semplice esigenza: \u00e8 un impegno.<\/strong><\/p>\n<ul>\n<li>Progettare prodotti di qualit\u00e0: fare la differenza rimanendo accessibili<\/li>\n<li>Essere pronti ad aiutare i nostri clienti a trovare il prodotto adatto al 100%.<\/li>\n<li>Evolversi costantemente per offrire innovazioni e miglioramenti<\/li>\n<\/ul>\n<\/div>\n          \n        <\/div>\n      <\/div>\n\n                          \n      <div class=\"col-lg-6 col-12 col-img order-lg-first order-last\">\n                <img decoding=\"async\" class=\"img-fluid\" src=\"https:\/\/recette.opsial.com\/wp-content\/uploads\/sites\/2\/2022\/11\/VISUEL-LOGISTIQUE-1.png\" alt=\"\">\n              <\/div>\n    <\/div>\n    <\/div>\n<\/div>\n\n\n<div class=\"container m5-paragraphe\">\n  <div class=\"row\">\n    <div class=\"col-lg-12 col-12\">\n        <h2 class=\"h2-title color-title\">Una vasta gamma per soddisfare tutte le esigenze<\/h2>\n      <div class=\"content-text d-flex flex-column justify-content-center\">\n        <div class=\"text color-text\"><p>Proteggiti dalla testa ai piedi con prodotti affidabili, resistenti e confortevoli. Ci impegniamo a fornirti prodotti di alta qualit\u00e0 che rispondano perfettamente alle tue esigenze e necessit\u00e0. Scopri una vasta gamma di DPI, che attualmente equipaggia oltre 250.000 professionisti in Francia e all&#8217;estero.<\/p>\n<\/div>\n\n\n        \n      <\/div>\n    <\/div>\n  <\/div>\n<\/div>\n\n<div class=\"m11-image-fullscreen\">\n    <div>\n      <img decoding=\"async\" src=\"https:\/\/recette.opsial.com\/wp-content\/uploads\/sites\/2\/2023\/03\/Bandeau_Marque_V2_1934x661px.jpg\" alt=\"\"\/>\n    <\/div>\n<\/div>\n\n<div class=\"m9-slogan bg-site bg-1\">\n  <div class=\"slogan\">\n    <div class=\"marquee\">\n      <div class=\"marquee__inner\" aria-hidden=\"true\">\n        <span>Your safety, your performance &#8211;<\/span>\n        <span>Your safety, your performance &#8211;<\/span>\n        <span>Your safety, your performance &#8211;<\/span>\n      <\/div>\n    <\/div>\n\n    <div class=\"marquee\">\n      <div class=\"marquee__inner left\" aria-hidden=\"true\">\n        <span>Your safety, your performance &#8211;<\/span>\n        <span>Your safety, your performance &#8211;<\/span>\n        <span>Your safety, your performance &#8211;<\/span>\n      <\/div>\n    <\/div>\n  <\/div>\n<\/div>","protected":false},"excerpt":{"rendered":"","protected":false},"author":1,"featured_media":4972,"parent":0,"menu_order":0,"comment_status":"closed","ping_status":"closed","template":"","meta":{"_acf_changed":false,"footnotes":""},"class_list":["post-7438","page","type-page","status-publish","has-post-thumbnail","hentry"],"acf":[],"yoast_head":"<!-- This site is optimized with the Yoast SEO plugin v26.6 - https:\/\/yoast.com\/wordpress\/plugins\/seo\/ -->\n<title>IL MARCHIO OPSIAL - Opsial<\/title>\n<meta name=\"robots\" content=\"index, follow, max-snippet:-1, max-image-preview:large, max-video-preview:-1\" \/>\n<link rel=\"canonical\" href=\"https:\/\/recette.opsial.com\/marque\/\" \/>\n<meta property=\"og:locale\" content=\"it_IT\" \/>\n<meta property=\"og:type\" content=\"article\" \/>\n<meta property=\"og:title\" content=\"IL MARCHIO OPSIAL - Opsial\" \/>\n<meta property=\"og:url\" content=\"https:\/\/recette.opsial.com\/marque\/\" \/>\n<meta property=\"og:site_name\" content=\"Opsial\" \/>\n<meta property=\"article:modified_time\" content=\"2023-09-29T13:39:50+00:00\" \/>\n<meta property=\"og:image\" content=\"https:\/\/recette.opsial.com\/wp-content\/uploads\/sites\/2\/2023\/02\/OPSIAL_banniere_site.jpg\" \/>\n\t<meta property=\"og:image:width\" content=\"1920\" \/>\n\t<meta property=\"og:image:height\" content=\"660\" \/>\n\t<meta property=\"og:image:type\" content=\"image\/jpeg\" \/>\n<meta name=\"twitter:card\" content=\"summary_large_image\" \/>\n<script type=\"application\/ld+json\" class=\"yoast-schema-graph\">{\"@context\":\"https:\/\/schema.org\",\"@graph\":[{\"@type\":\"WebPage\",\"@id\":\"https:\/\/recette.opsial.com\/marque\/\",\"url\":\"https:\/\/recette.opsial.com\/marque\/\",\"name\":\"IL MARCHIO OPSIAL - Opsial\",\"isPartOf\":{\"@id\":\"https:\/\/recette.opsial.com\/#website\"},\"primaryImageOfPage\":{\"@id\":\"https:\/\/recette.opsial.com\/marque\/#primaryimage\"},\"image\":{\"@id\":\"https:\/\/recette.opsial.com\/marque\/#primaryimage\"},\"thumbnailUrl\":\"https:\/\/recette.opsial.com\/wp-content\/uploads\/sites\/2\/2023\/02\/OPSIAL_banniere_site.jpg\",\"datePublished\":\"2022-11-08T13:50:42+00:00\",\"dateModified\":\"2023-09-29T13:39:50+00:00\",\"breadcrumb\":{\"@id\":\"https:\/\/recette.opsial.com\/marque\/#breadcrumb\"},\"inLanguage\":\"it-IT\",\"potentialAction\":[{\"@type\":\"ReadAction\",\"target\":[\"https:\/\/recette.opsial.com\/marque\/\"]}]},{\"@type\":\"ImageObject\",\"inLanguage\":\"it-IT\",\"@id\":\"https:\/\/recette.opsial.com\/marque\/#primaryimage\",\"url\":\"https:\/\/recette.opsial.com\/wp-content\/uploads\/sites\/2\/2023\/02\/OPSIAL_banniere_site.jpg\",\"contentUrl\":\"https:\/\/recette.opsial.com\/wp-content\/uploads\/sites\/2\/2023\/02\/OPSIAL_banniere_site.jpg\",\"width\":1920,\"height\":660},{\"@type\":\"BreadcrumbList\",\"@id\":\"https:\/\/recette.opsial.com\/marque\/#breadcrumb\",\"itemListElement\":[{\"@type\":\"ListItem\",\"position\":1,\"name\":\"Accueil\",\"item\":\"https:\/\/recette.opsial.com\/it\/\"},{\"@type\":\"ListItem\",\"position\":2,\"name\":\"IL MARCHIO OPSIAL\"}]},{\"@type\":\"WebSite\",\"@id\":\"https:\/\/recette.opsial.com\/#website\",\"url\":\"https:\/\/recette.opsial.com\/\",\"name\":\"Opsial\",\"description\":\"Opsial\",\"potentialAction\":[{\"@type\":\"SearchAction\",\"target\":{\"@type\":\"EntryPoint\",\"urlTemplate\":\"https:\/\/recette.opsial.com\/?s={search_term_string}\"},\"query-input\":{\"@type\":\"PropertyValueSpecification\",\"valueRequired\":true,\"valueName\":\"search_term_string\"}}],\"inLanguage\":\"it-IT\"}]}<\/script>\n<!-- \/ Yoast SEO plugin. -->","yoast_head_json":{"title":"IL MARCHIO OPSIAL - Opsial","robots":{"index":"index","follow":"follow","max-snippet":"max-snippet:-1","max-image-preview":"max-image-preview:large","max-video-preview":"max-video-preview:-1"},"canonical":"https:\/\/recette.opsial.com\/marque\/","og_locale":"it_IT","og_type":"article","og_title":"IL MARCHIO OPSIAL - Opsial","og_url":"https:\/\/recette.opsial.com\/marque\/","og_site_name":"Opsial","article_modified_time":"2023-09-29T13:39:50+00:00","og_image":[{"width":1920,"height":660,"url":"https:\/\/recette.opsial.com\/wp-content\/uploads\/sites\/2\/2023\/02\/OPSIAL_banniere_site.jpg","type":"image\/jpeg"}],"twitter_card":"summary_large_image","schema":{"@context":"https:\/\/schema.org","@graph":[{"@type":"WebPage","@id":"https:\/\/recette.opsial.com\/marque\/","url":"https:\/\/recette.opsial.com\/marque\/","name":"IL MARCHIO OPSIAL - Opsial","isPartOf":{"@id":"https:\/\/recette.opsial.com\/#website"},"primaryImageOfPage":{"@id":"https:\/\/recette.opsial.com\/marque\/#primaryimage"},"image":{"@id":"https:\/\/recette.opsial.com\/marque\/#primaryimage"},"thumbnailUrl":"https:\/\/recette.opsial.com\/wp-content\/uploads\/sites\/2\/2023\/02\/OPSIAL_banniere_site.jpg","datePublished":"2022-11-08T13:50:42+00:00","dateModified":"2023-09-29T13:39:50+00:00","breadcrumb":{"@id":"https:\/\/recette.opsial.com\/marque\/#breadcrumb"},"inLanguage":"it-IT","potentialAction":[{"@type":"ReadAction","target":["https:\/\/recette.opsial.com\/marque\/"]}]},{"@type":"ImageObject","inLanguage":"it-IT","@id":"https:\/\/recette.opsial.com\/marque\/#primaryimage","url":"https:\/\/recette.opsial.com\/wp-content\/uploads\/sites\/2\/2023\/02\/OPSIAL_banniere_site.jpg","contentUrl":"https:\/\/recette.opsial.com\/wp-content\/uploads\/sites\/2\/2023\/02\/OPSIAL_banniere_site.jpg","width":1920,"height":660},{"@type":"BreadcrumbList","@id":"https:\/\/recette.opsial.com\/marque\/#breadcrumb","itemListElement":[{"@type":"ListItem","position":1,"name":"Accueil","item":"https:\/\/recette.opsial.com\/it\/"},{"@type":"ListItem","position":2,"name":"IL MARCHIO OPSIAL"}]},{"@type":"WebSite","@id":"https:\/\/recette.opsial.com\/#website","url":"https:\/\/recette.opsial.com\/","name":"Opsial","description":"Opsial","potentialAction":[{"@type":"SearchAction","target":{"@type":"EntryPoint","urlTemplate":"https:\/\/recette.opsial.com\/?s={search_term_string}"},"query-input":{"@type":"PropertyValueSpecification","valueRequired":true,"valueName":"search_term_string"}}],"inLanguage":"it-IT"}]}},"_links":{"self":[{"href":"https:\/\/recette.opsial.com\/it\/wp-json\/wp\/v2\/pages\/7438","targetHints":{"allow":["GET"]}}],"collection":[{"href":"https:\/\/recette.opsial.com\/it\/wp-json\/wp\/v2\/pages"}],"about":[{"href":"https:\/\/recette.opsial.com\/it\/wp-json\/wp\/v2\/types\/page"}],"author":[{"embeddable":true,"href":"https:\/\/recette.opsial.com\/it\/wp-json\/wp\/v2\/users\/1"}],"replies":[{"embeddable":true,"href":"https:\/\/recette.opsial.com\/it\/wp-json\/wp\/v2\/comments?post=7438"}],"version-history":[{"count":5,"href":"https:\/\/recette.opsial.com\/it\/wp-json\/wp\/v2\/pages\/7438\/revisions"}],"predecessor-version":[{"id":10607,"href":"https:\/\/recette.opsial.com\/it\/wp-json\/wp\/v2\/pages\/7438\/revisions\/10607"}],"wp:featuredmedia":[{"embeddable":true,"href":"https:\/\/recette.opsial.com\/it\/wp-json\/wp\/v2\/media\/4972"}],"wp:attachment":[{"href":"https:\/\/recette.opsial.com\/it\/wp-json\/wp\/v2\/media?parent=7438"}],"curies":[{"name":"wp","href":"https:\/\/api.w.org\/{rel}","templated":true}]}}