{"id":7456,"date":"2023-02-23T15:57:13","date_gmt":"2023-02-23T14:57:13","guid":{"rendered":"https:\/\/recette.opsial.com\/mentions-legales-es\/"},"modified":"2023-10-24T15:36:47","modified_gmt":"2023-10-24T13:36:47","slug":"mentions-legales-es","status":"publish","type":"page","link":"https:\/\/recette.opsial.com\/es\/mentions-legales-es\/","title":{"rendered":"AVISO LEGAL"},"content":{"rendered":"\n<div class=\"container m5-paragraphe\">\n  <div class=\"row\">\n    <div class=\"col-lg-12 col-12\">\n        <h2 class=\"h2-title color-title\"><\/h2>\n      <div class=\"content-text d-flex flex-column justify-content-center\">\n        <div class=\"text color-text\"><h2>IDENTIFICACI\u00d3N Y PUBLICACI\u00d3N<\/h2>\n<p>El presente sitio web es editado por: SOGEDESCA (Soci\u00e9t\u00e9 de Gestion des services communs du groupe DESCOURS &amp; CABAUD),<br \/>\nSociedad an\u00f3nima con un capital de 500.000 euros<br \/>\nDomicilio social: 10 rue g\u00e9n\u00e9ral Plessier &#8211; 69002 LYON<br \/>\nN\u00b0 SIREN: 965 507 684 RCS LYON<br \/>\nN\u00famero de identificaci\u00f3n fiscal individual: FR 50 965 507 684<br \/>\nTel\u00e9fono: 04 72 40 85 85, correo electr\u00f3nico: com@descours-cabaud.net<br \/>\nEl Director de la publicaci\u00f3n es el Sr. Herv\u00e9 PATIN, en calidad de Director de Recursos.<\/p>\n<p>&nbsp;<\/p>\n<h2>ALOJAMIENTO WEB<\/h2>\n<p>El proveedor de alojamiento del sitio es: INFODESCA, SARL con un capital de 12.800 euros<br \/>\nDomicilio social: 10 rue g\u00e9n\u00e9ral Plessier &#8211; 69002 LYON<br \/>\nN\u00b0 SIREN: 343 222 311 RCS LYON<br \/>\nTel\u00e9fono: 04 72 40 85 85, correo electr\u00f3nico: com@descours-cabaud.net<\/p>\n<p>&nbsp;<\/p>\n<h2>OBJETO DEL SITIO<\/h2>\n<p>El presente sitio tiene como objetivo proporcionar informaci\u00f3n sobre las gamas de productos y servicios OPSIAL.<\/p>\n<p>&nbsp;<\/p>\n<h2>ACCESO AL SITIO<\/h2>\n<p>El acceso al sitio requiere disponer de acceso a Internet con una velocidad suficiente para mostrar todo su contenido.<\/p>\n<p>El sitio est\u00e1 normalmente accesible para los usuarios en todo momento, las 24 horas del d\u00eda, los 7 d\u00edas de la semana, a excepci\u00f3n de los casos de mantenimiento evolutivo o correctivo, de fuerza mayor, dificultades de conexi\u00f3n relacionadas con Internet, u otras dificultades t\u00e9cnicas, sin que podamos ser considerados responsables.<\/p>\n<p>&nbsp;<\/p>\n<h2>PROPIEDAD INTELECTUAL<\/h2>\n<p>La presentaci\u00f3n y el contenido del sitio constituyen, en conjunto, una obra protegida por las leyes vigentes de propiedad intelectual, de las cuales somos los titulares. Cualquier reproducci\u00f3n y\/o representaci\u00f3n, total o parcial, que se realice sin nuestro consentimiento previo y por escrito podr\u00eda constituir una infracci\u00f3n de derechos de autor, en el sentido del C\u00f3digo de Propiedad Intelectual, y dar lugar a la responsabilidad civil y\/o penal del infractor.<\/p>\n<p>Los dise\u00f1os, fotograf\u00edas, im\u00e1genes, textos, secuencias animadas con o sin sonido, bases de datos, software y otros documentos representados en el sitio son objeto de derechos de propiedad industrial y\/o intelectual y son, seg\u00fan el caso, nuestra propiedad o de terceros que nos han autorizado limitadamente a utilizarlos.<\/p>\n<p>En este sentido, queda prohibida cualquier reproducci\u00f3n, representaci\u00f3n, adaptaci\u00f3n, traducci\u00f3n y\/o modificaci\u00f3n, total o parcial, o transferencia a otro sitio web.<\/p>\n<p>&nbsp;<\/p>\n<h2>HIPERVINCULOS<\/h2>\n<p>Nuestro sitio web puede contener enlaces hipertextuales a otros sitios. No asumimos ning\u00fan compromiso con respecto a cualquier otro sitio al que pueda acceder a trav\u00e9s de nuestro sitio, y no somos de ninguna manera responsables del contenido, funcionamiento y acceso a esos sitios.<\/p>\n<p>&nbsp;<\/p>\n<h2>DATOS PERSONALES Y COOKIES<\/h2>\n<p>Los datos recopilados por www.recette.opsial.com est\u00e1n sujetos a un tratamiento inform\u00e1tico. Los datos est\u00e1n destinados a nuestros servicios comerciales para ofrecerle un servicio de toma de pedidos y seguimiento en l\u00ednea.<\/p>\n<p>De acuerdo con el Reglamento (UE) 2016\/679 del Parlamento Europeo y del Consejo, del 27 de abril de 2016, tiene derecho a acceder, rectificar, eliminar y portar la informaci\u00f3n que le concierne. Adem\u00e1s, puede solicitar la limitaci\u00f3n o oponerse al procesamiento de sus datos.<\/p>\n<p>En cumplimiento de la normativa aplicable y para garantizar la protecci\u00f3n de sus datos personales, SOGEDESCA ha designado a un delegado de protecci\u00f3n de datos. Puede ejercer este derecho enviando una carta a la siguiente direcci\u00f3n: SOGEDESCA &#8211; A l&#8217;attention du DPO &#8211; 10, Rue du G\u00e9n\u00e9ral Plessier &#8211; 69002 LYON, o llamando al 04 72 40 85 85, o enviando un correo electr\u00f3nico a la direcci\u00f3n: dpo-fr@descours-cabaud.net.<\/p>\n<p>Para obtener informaci\u00f3n sobre c\u00f3mo se utilizar\u00e1n estos datos, puede consultar los avisos legales o enviar su solicitud a la direcci\u00f3n com@descours-cabaud.net.<\/p>\n<p>Tambi\u00e9n puede darse de baja de nuestros boletines en cualquier momento haciendo clic en el enlace presente en todos nuestros correos electr\u00f3nicos.<\/p>\n<p>Finalmente, tiene derecho a presentar una queja ante la autoridad de control.<\/p>\n<p>Conservamos sus datos personales y los datos de los pedidos durante el tiempo necesario para alcanzar el objetivo de su procesamiento y para cumplir con las obligaciones legales y reglamentarias del C\u00f3digo de Comercio.<\/p>\n<p>&nbsp;<\/p>\n<h2>LIMITACI\u00d3N DE RESPONSABILIDAD<\/h2>\n<p>El usuario queda informado de que no somos responsables de la calidad, disponibilidad o confiabilidad de las redes de telecomunicaciones, independientemente de su naturaleza, en caso de acceso al Sitio.<\/p>\n<p>Corresponde al usuario tomar todas las medidas apropiadas para proteger sus propios datos, software y hardware de la contaminaci\u00f3n por virus u otras formas de ataques que puedan circular a trav\u00e9s de Internet o en el Sitio. En ning\u00fan caso seremos responsables de los riesgos y sus consecuencias perjudiciales para el usuario, independientemente de su alcance.<\/p>\n<p>Nos esforzamos por proporcionar informaci\u00f3n lo m\u00e1s precisa posible en el Sitio. Sin embargo, no seremos responsables de omisiones, inexactitudes y deficiencias en la actualizaci\u00f3n, ya sean causadas por nosotros o por terceros asociados que nos proporcionen esta informaci\u00f3n.<\/p>\n<p>Nos reservamos el derecho de modificar el contenido del Sitio en cualquier momento y sin previo aviso, interrumpir o suspender total o parcialmente las funcionalidades del Sitio en cualquier momento y sin previo aviso. No seremos responsables de las consecuencias de dichas modificaciones e interrupciones.<\/p>\n<p>El usuario es responsable ante nosotros y\/o terceros de cualquier da\u00f1o material y\/o inmaterial, directo y\/o indirecto de cualquier naturaleza que pueda ser causado por el usuario y\/o sus representantes debido a un uso del Sitio o de su contenido que no cumpla con las presentes condiciones de uso.<\/p>\n<p>&nbsp;<\/p>\n<h2>LEGISLACION<\/h2>\n<p>El Sitio y su contenido est\u00e1n sujetos a la legislaci\u00f3n francesa. Cualquier disputa relacionada con la navegaci\u00f3n o el uso del Sitio, incluyendo las presentes condiciones generales de uso y la pol\u00edtica de privacidad, estar\u00e1 sujeta a la competencia exclusiva de los tribunales de Lyon.<\/p>\n<p>&nbsp;<\/p>\n<p>Fecha de \u00faltima actualizaci\u00f3n: 11\/05\/2023<\/p>\n<\/div>\n\n\n        \n      <\/div>\n    <\/div>\n  <\/div>\n<\/div>\n\n<div class=\"m9-slogan bg-site bg-1\">\n  <div class=\"slogan\">\n    <div class=\"marquee\">\n      <div class=\"marquee__inner\" aria-hidden=\"true\">\n        <span>Your safety, your performance &#8211;<\/span>\n        <span>Your safety, your performance &#8211;<\/span>\n        <span>Your safety, your performance &#8211;<\/span>\n      <\/div>\n    <\/div>\n\n    <div class=\"marquee\">\n      <div class=\"marquee__inner left\" aria-hidden=\"true\">\n        <span>Your safety, your performance &#8211;<\/span>\n        <span>Your safety, your performance &#8211;<\/span>\n        <span>Your safety, your performance &#8211;<\/span>\n      <\/div>\n    <\/div>\n  <\/div>\n<\/div>","protected":false},"excerpt":{"rendered":"","protected":false},"author":1,"featured_media":0,"parent":0,"menu_order":0,"comment_status":"closed","ping_status":"closed","template":"","meta":{"_acf_changed":false,"footnotes":""},"class_list":["post-7456","page","type-page","status-publish","hentry"],"acf":[],"yoast_head":"<!-- This site is optimized with the Yoast SEO plugin v26.6 - https:\/\/yoast.com\/wordpress\/plugins\/seo\/ -->\n<title>AVISO LEGAL - Opsial<\/title>\n<meta name=\"robots\" content=\"index, follow, max-snippet:-1, max-image-preview:large, max-video-preview:-1\" \/>\n<link rel=\"canonical\" href=\"https:\/\/recette.opsial.com\/es\/mentions-legales-es\/\" \/>\n<meta property=\"og:locale\" content=\"es_ES\" \/>\n<meta property=\"og:type\" content=\"article\" \/>\n<meta property=\"og:title\" content=\"AVISO LEGAL - Opsial\" \/>\n<meta property=\"og:url\" content=\"https:\/\/recette.opsial.com\/es\/mentions-legales-es\/\" \/>\n<meta property=\"og:site_name\" content=\"Opsial\" \/>\n<meta property=\"article:modified_time\" content=\"2023-10-24T13:36:47+00:00\" \/>\n<meta name=\"twitter:card\" content=\"summary_large_image\" \/>\n<script type=\"application\/ld+json\" class=\"yoast-schema-graph\">{\"@context\":\"https:\/\/schema.org\",\"@graph\":[{\"@type\":\"WebPage\",\"@id\":\"https:\/\/recette.opsial.com\/es\/mentions-legales-es\/\",\"url\":\"https:\/\/recette.opsial.com\/es\/mentions-legales-es\/\",\"name\":\"AVISO LEGAL - Opsial\",\"isPartOf\":{\"@id\":\"https:\/\/recette.opsial.com\/#website\"},\"datePublished\":\"2023-02-23T14:57:13+00:00\",\"dateModified\":\"2023-10-24T13:36:47+00:00\",\"breadcrumb\":{\"@id\":\"https:\/\/recette.opsial.com\/es\/mentions-legales-es\/#breadcrumb\"},\"inLanguage\":\"es\",\"potentialAction\":[{\"@type\":\"ReadAction\",\"target\":[\"https:\/\/recette.opsial.com\/es\/mentions-legales-es\/\"]}]},{\"@type\":\"BreadcrumbList\",\"@id\":\"https:\/\/recette.opsial.com\/es\/mentions-legales-es\/#breadcrumb\",\"itemListElement\":[{\"@type\":\"ListItem\",\"position\":1,\"name\":\"Accueil\",\"item\":\"https:\/\/recette.opsial.com\/es\/\"},{\"@type\":\"ListItem\",\"position\":2,\"name\":\"AVISO LEGAL\"}]},{\"@type\":\"WebSite\",\"@id\":\"https:\/\/recette.opsial.com\/#website\",\"url\":\"https:\/\/recette.opsial.com\/\",\"name\":\"Opsial\",\"description\":\"Opsial\",\"potentialAction\":[{\"@type\":\"SearchAction\",\"target\":{\"@type\":\"EntryPoint\",\"urlTemplate\":\"https:\/\/recette.opsial.com\/?s={search_term_string}\"},\"query-input\":{\"@type\":\"PropertyValueSpecification\",\"valueRequired\":true,\"valueName\":\"search_term_string\"}}],\"inLanguage\":\"es\"}]}<\/script>\n<!-- \/ Yoast SEO plugin. -->","yoast_head_json":{"title":"AVISO LEGAL - Opsial","robots":{"index":"index","follow":"follow","max-snippet":"max-snippet:-1","max-image-preview":"max-image-preview:large","max-video-preview":"max-video-preview:-1"},"canonical":"https:\/\/recette.opsial.com\/es\/mentions-legales-es\/","og_locale":"es_ES","og_type":"article","og_title":"AVISO LEGAL - Opsial","og_url":"https:\/\/recette.opsial.com\/es\/mentions-legales-es\/","og_site_name":"Opsial","article_modified_time":"2023-10-24T13:36:47+00:00","twitter_card":"summary_large_image","schema":{"@context":"https:\/\/schema.org","@graph":[{"@type":"WebPage","@id":"https:\/\/recette.opsial.com\/es\/mentions-legales-es\/","url":"https:\/\/recette.opsial.com\/es\/mentions-legales-es\/","name":"AVISO LEGAL - Opsial","isPartOf":{"@id":"https:\/\/recette.opsial.com\/#website"},"datePublished":"2023-02-23T14:57:13+00:00","dateModified":"2023-10-24T13:36:47+00:00","breadcrumb":{"@id":"https:\/\/recette.opsial.com\/es\/mentions-legales-es\/#breadcrumb"},"inLanguage":"es","potentialAction":[{"@type":"ReadAction","target":["https:\/\/recette.opsial.com\/es\/mentions-legales-es\/"]}]},{"@type":"BreadcrumbList","@id":"https:\/\/recette.opsial.com\/es\/mentions-legales-es\/#breadcrumb","itemListElement":[{"@type":"ListItem","position":1,"name":"Accueil","item":"https:\/\/recette.opsial.com\/es\/"},{"@type":"ListItem","position":2,"name":"AVISO LEGAL"}]},{"@type":"WebSite","@id":"https:\/\/recette.opsial.com\/#website","url":"https:\/\/recette.opsial.com\/","name":"Opsial","description":"Opsial","potentialAction":[{"@type":"SearchAction","target":{"@type":"EntryPoint","urlTemplate":"https:\/\/recette.opsial.com\/?s={search_term_string}"},"query-input":{"@type":"PropertyValueSpecification","valueRequired":true,"valueName":"search_term_string"}}],"inLanguage":"es"}]}},"_links":{"self":[{"href":"https:\/\/recette.opsial.com\/es\/wp-json\/wp\/v2\/pages\/7456","targetHints":{"allow":["GET"]}}],"collection":[{"href":"https:\/\/recette.opsial.com\/es\/wp-json\/wp\/v2\/pages"}],"about":[{"href":"https:\/\/recette.opsial.com\/es\/wp-json\/wp\/v2\/types\/page"}],"author":[{"embeddable":true,"href":"https:\/\/recette.opsial.com\/es\/wp-json\/wp\/v2\/users\/1"}],"replies":[{"embeddable":true,"href":"https:\/\/recette.opsial.com\/es\/wp-json\/wp\/v2\/comments?post=7456"}],"version-history":[{"count":5,"href":"https:\/\/recette.opsial.com\/es\/wp-json\/wp\/v2\/pages\/7456\/revisions"}],"predecessor-version":[{"id":13971,"href":"https:\/\/recette.opsial.com\/es\/wp-json\/wp\/v2\/pages\/7456\/revisions\/13971"}],"wp:attachment":[{"href":"https:\/\/recette.opsial.com\/es\/wp-json\/wp\/v2\/media?parent=7456"}],"curies":[{"name":"wp","href":"https:\/\/api.w.org\/{rel}","templated":true}]}}