{"id":7395,"date":"2023-05-17T10:12:44","date_gmt":"2023-05-17T08:12:44","guid":{"rendered":"https:\/\/recette.opsial.com\/cookies-es\/"},"modified":"2023-10-24T15:36:57","modified_gmt":"2023-10-24T13:36:57","slug":"cookies-es","status":"publish","type":"page","link":"https:\/\/recette.opsial.com\/es\/cookies-es\/","title":{"rendered":"COOKIES"},"content":{"rendered":"\n<div class=\"container m5-paragraphe\">\n  <div class=\"row\">\n    <div class=\"col-lg-12 col-12\">\n        <h2 class=\"h2-title color-title\"><\/h2>\n      <div class=\"content-text d-flex flex-column justify-content-center\">\n        <div class=\"text color-text\"><p class=\"CookieDeclarationDialogText\">Nos comprometemos a proteger sus datos. Colocamos cookies para:<\/p>\n<ul>\n<li class=\"CookieDeclarationDialogText\">permitirle una experiencia de navegaci\u00f3n segura<\/li>\n<li class=\"CookieDeclarationDialogText\">ofrecerle contenido personalizado en funci\u00f3n de sus intereses<\/li>\n<li class=\"CookieDeclarationDialogText\">recopilar estad\u00edsticas para mejorar el sitio<\/li>\n<\/ul>\n<p class=\"CookieDeclarationDialogText\">Puede cambiar de opini\u00f3n en cualquier momento configurando sus cookies.<\/p>\n<p class=\"CookieDeclarationDialogText\">Las cookies son peque\u00f1os archivos de texto que los sitios web pueden utilizar para que la experiencia del usuario sea m\u00e1s eficiente.<\/p>\n<p class=\"CookieDeclarationDialogText\">La ley establece que solo podemos almacenar cookies en su dispositivo si son estrictamente necesarias para el funcionamiento de este sitio web. Para todos los dem\u00e1s tipos de cookies, necesitamos su autorizaci\u00f3n.<\/p>\n<p class=\"CookieDeclarationDialogText\">Este sitio utiliza diferentes tipos de cookies. Algunas cookies son colocadas por servicios de terceros que aparecen en nuestras p\u00e1ginas. En cualquier momento, puede modificar o retirar su consentimiento en la Declaraci\u00f3n de cookies de nuestro sitio web.<\/p>\n<p class=\"CookieDeclarationDialogText\">Para obtener m\u00e1s informaci\u00f3n sobre qui\u00e9nes somos, c\u00f3mo puede contactarnos y c\u00f3mo tratamos los datos personales, consulte nuestra Pol\u00edtica de privacidad\/Aviso legal.<\/p>\n<p class=\"CookieDeclarationDialogText\">Su consentimiento se aplica al siguiente dominio: www.recette.opsial.com<\/p>\n<p class=\"CookieDeclarationDialogText\">Declaraci\u00f3n de cookies actualizada el 27\/04\/2023 por Cookiebot.<\/p>\n<\/div>\n\n\n        \n      <\/div>\n    <\/div>\n  <\/div>\n<\/div>\n\n\n<div class=\"container m5-paragraphe\">\n  <div class=\"row\">\n    <div class=\"col-lg-12 col-12\">\n        <h2 class=\"h2-title color-title\"><\/h2>\n      <div class=\"content-text d-flex flex-column justify-content-center\">\n        <div class=\"text color-text\"><h2>Necesarias (4)<\/h2>\n<p>Las cookies necesarias ayudan a que un sitio web sea utilizable al activar funciones b\u00e1sicas como la navegaci\u00f3n de p\u00e1gina y el acceso a \u00e1reas seguras del sitio web. El sitio web no puede funcionar correctamente sin estas cookies.<\/p>\n<\/div>\n\n\n        \n      <\/div>\n    <\/div>\n  <\/div>\n<\/div>\n\n<div class=\"container\">\n<figure class=\"wp-block-table is-style-stripes\"><table><tbody><tr><td><strong>Nombre<\/strong><\/td><td><strong>Proveedor<\/strong><\/td><td><strong>Prop\u00f3sito<\/strong><\/td><td><strong>Caducidad<\/strong><\/td><td><strong>Tipo<\/strong><\/td><\/tr><tr><td>CookieConsent<\/td><td><a rel=\"noreferrer noopener\" href=\"https:\/\/www.cookiebot.com\/goto\/privacy-policy\/\" target=\"_blank\">Cookiebot<\/a><\/td><td>Almacena la autorizaci\u00f3n del uso de cookies para el dominio actual por parte del usuario.<\/td><td>1 a\u00f1o<\/td><td>HTTP Cookie<br><br><\/td><\/tr><tr><td>frontend<\/td><td><a href=\"https:\/\/recette.opsial.com\/es\/\" target=\"_blank\" rel=\"noreferrer noopener\">recette.opsial.com<\/a><\/td><td>Almacena una identificaci\u00f3n aleatoria que garantiza que un usuario pueda ser identificado de manera \u00fanica como visitante o usuario conectado. Funciones como \u00ab\u00daltimos elementos vistos\u00bb o el mantenimiento del estado de conexi\u00f3n est\u00e1n vinculadas a esta cookie.<\/td><td>1 a\u00f1o<\/td><td>HTTP Cookie<br><br><\/td><\/tr><tr><td>frontend_cid<\/td><td><a href=\"https:\/\/recette.opsial.com\/es\/\" target=\"_blank\" rel=\"noreferrer noopener\">recette.opsial.com<\/a><\/td><td>Almacena una identificaci\u00f3n aleatoria que garantiza que un usuario pueda ser identificado de manera \u00fanica como invitado o usuario conectado. Funciones como \u00ab\u00daltimos elementos vistos\u00bb o el mantenimiento del estado de conexi\u00f3n est\u00e1n vinculadas a esta cookie.<\/td><td>1 d\u00eda<\/td><td>HTTP Cookie<br><br><\/td><\/tr><tr><td>rc::a<\/td><td>Google<\/td><td>Esta cookie se utiliza para distinguir entre humanos y robots. Esto es beneficioso para el sitio web con el fin de generar informes v\u00e1lidos sobre el uso de su sitio.<\/td><td>Persistente<\/td><td>HTML Local Storage<\/td><\/tr><\/tbody><\/table><\/figure>\n<\/div>\n\n\n<div class=\"container m5-paragraphe\">\n  <div class=\"row\">\n    <div class=\"col-lg-12 col-12\">\n        <h2 class=\"h2-title color-title\"><\/h2>\n      <div class=\"content-text d-flex flex-column justify-content-center\">\n        <div class=\"text color-text\"><h2>Estad\u00edsticas (9)<\/h2>\n<p>Las cookies estad\u00edsticas ayudan a los propietarios del sitio web, mediante la recopilaci\u00f3n y comunicaci\u00f3n de informaci\u00f3n de manera an\u00f3nima, a comprender c\u00f3mo interact\u00faan los visitantes con los sitios web.<\/p>\n<\/div>\n\n\n        \n      <\/div>\n    <\/div>\n  <\/div>\n<\/div>\n\n<div class=\"container\">\n<figure class=\"wp-block-table is-style-stripes\"><table><tbody><tr><td><strong>Nombre<\/strong><\/td><td><strong>Proveedor<\/strong><\/td><td><strong>Prop\u00f3sito<\/strong><\/td><td><strong>Caducidad<\/strong><\/td><td><strong>Tipo<\/strong><\/td><\/tr><tr><td>__utma<\/td><td><a href=\"https:\/\/recette.opsial.com\/es\/\" target=\"_blank\" rel=\"noreferrer noopener\">recette.opsial.com<\/a><\/td><td>Recopila datos sobre la cantidad de veces que un usuario ha visitado el sitio web, as\u00ed como las fechas de la primera y m\u00e1s reciente visita. Utilizado por Google Analytics.<\/td><td>399 d\u00edas<\/td><td>HTTP Cookie<\/td><\/tr><tr><td>__utmb<\/td><td><a href=\"https:\/\/recette.opsial.com\/es\/\" target=\"_blank\" rel=\"noreferrer noopener\">recette.opsial.com<\/a><\/td><td>Registra una marca de tiempo del momento exacto en que el usuario accede al sitio. Utilizado por Google Analytics para calcular la duraci\u00f3n de una visita al sitio web.<\/td><td>1 d\u00eda<\/td><td>HTTP Cookie<\/td><\/tr><tr><td>__utmt<\/td><td><a href=\"https:\/\/recette.opsial.com\/es\/\" target=\"_blank\" rel=\"noreferrer noopener\">recette.opsial.com<\/a><\/td><td>Utilizado para ralentizar la velocidad de las solicitudes enviadas al servidor.<\/td><td>1 d\u00eda<\/td><td>HTTP Cookie<\/td><\/tr><tr><td>__utmv<\/td><td><a href=\"https:\/\/recette.opsial.com\/es\/\" target=\"_blank\" rel=\"noreferrer noopener\">recette.opsial.com<\/a><\/td><td>Registra los ajustes de seguimiento establecidos por el usuario para su uso en Google Analytics.<\/td><td>1 d\u00eda<\/td><td>HTTP Cookie<\/td><\/tr><tr><td>__utmz<\/td><td><a href=\"https:\/\/recette.opsial.com\/es\/\" target=\"_blank\" rel=\"noreferrer noopener\">recette.opsial.com<\/a><\/td><td>Recopila datos sobre el origen del usuario, el motor de b\u00fasqueda, el enlace clicado y el criterio de b\u00fasqueda utilizado. Utilizado por Google Analytics.<\/td><td>6 meses<\/td><td>HTTP Cookie<\/td><\/tr><tr><td>_dc_gtm_UA-#<\/td><td><a href=\"https:\/\/recette.opsial.com\/es\/\" target=\"_blank\" rel=\"noreferrer noopener\">recette.opsial.com<\/a><\/td><td>Utilizado por el administrador de etiquetas de Google para controlar la carga de la etiqueta de script de Google Analytics.<\/td><td>1 d\u00eda<\/td><td>HTTP Cookie<\/td><\/tr><tr><td>_ga<\/td><td><a href=\"https:\/\/recette.opsial.com\/es\/\" target=\"_blank\" rel=\"noreferrer noopener\">recette.opsial.com<\/a><\/td><td>Registra un identificador \u00fanico utilizado para generar datos estad\u00edsticos an\u00f3nimos sobre c\u00f3mo el visitante utiliza el sitio.<\/td><td>399 d\u00edas<\/td><td>HTTP Cookie<\/td><\/tr><tr><td>_ga_#<\/td><td><a href=\"https:\/\/recette.opsial.com\/es\/\" target=\"_blank\" rel=\"noreferrer noopener\">recette.opsial.com<\/a><\/td><td>Utilizado por Google Analytics para recopilar datos sobre la cantidad de veces que un usuario ha visitado el sitio web, as\u00ed como las fechas de la primera y m\u00e1s reciente visita, con el fin de generar datos estad\u00edsticos an\u00f3nimos.<\/td><td>399 d\u00edas<\/td><td>HTTP Cookie<\/td><\/tr><tr><td>_gid<\/td><td><a href=\"https:\/\/recette.opsial.com\/es\/\" target=\"_blank\" rel=\"noreferrer noopener\">recette.opsial.com<\/a><\/td><td>Registra un identificador \u00fanico utilizado para generar datos estad\u00edsticos sobre c\u00f3mo el visitante utiliza el sitio.<\/td><td>1 d\u00eda<\/td><td>HTTP Cookie<\/td><\/tr><\/tbody><\/table><\/figure>\n<\/div>\n\n\n<div class=\"container m5-paragraphe\">\n  <div class=\"row\">\n    <div class=\"col-lg-12 col-12\">\n        <h2 class=\"h2-title color-title\"><\/h2>\n      <div class=\"content-text d-flex flex-column justify-content-center\">\n        <div class=\"text color-text\"><h2>Marketing (6)<\/h2>\n<p>Las cookies de marketing se utilizan para rastrear a los visitantes a trav\u00e9s de los sitios web. El objetivo es mostrar anuncios que sean relevantes e interesantes para el usuario individual y, por lo tanto, m\u00e1s valiosos para los editores y anunciantes de terceros.<\/p>\n<\/div>\n\n\n        \n      <\/div>\n    <\/div>\n  <\/div>\n<\/div>\n\n<div class=\"container\">\n<figure class=\"wp-block-table is-style-stripes\"><table><tbody><tr><td><strong>Nombre<\/strong><\/td><td><strong>Proveedor<\/strong><\/td><td><strong>Prop\u00f3sito<\/strong><\/td><td><strong>Caducidad<\/strong><\/td><td><strong>Tipo<\/strong><\/td><\/tr><tr><td>VISITOR_INFO1_LIVE<\/td><td><a rel=\"noreferrer noopener\" href=\"https:\/\/policies.google.com\/privacy\" target=\"_blank\">YouTube<\/a><\/td><td>Intenta estimar el ancho de banda de los usuarios en p\u00e1ginas con videos de YouTube incrustados.<\/td><td>179 d\u00edas<\/td><td>HTTP Cookie<\/td><\/tr><tr><td>yt.innertube::nextId<\/td><td><a rel=\"noreferrer noopener\" href=\"https:\/\/policies.google.com\/privacy\" target=\"_blank\">YouTube<\/a><\/td><td>Registra un identificador \u00fanico para mantener estad\u00edsticas sobre los videos de YouTube vistos por el usuario.<\/td><td>Persistente<\/td><td>HTML Local Storage<\/td><\/tr><tr><td>yt.innertube::requests<\/td><td><a rel=\"noreferrer noopener\" href=\"https:\/\/policies.google.com\/privacy\" target=\"_blank\">YouTube<\/a><\/td><td>Registra un identificador \u00fanico para mantener estad\u00edsticas sobre los videos de YouTube vistos por el usuario.<\/td><td>Persistente<\/td><td>HTML Local Storage<\/td><\/tr><tr><td>ytidb::LAST_RESULT_ENTRY_KEY<\/td><td><a rel=\"noreferrer noopener\" href=\"https:\/\/policies.google.com\/privacy\" target=\"_blank\">YouTube<\/a><\/td><td>Almacena las preferencias de reproducci\u00f3n de video del usuario para los videos de YouTube incrustados.<\/td><td>Persistente<\/td><td>HTML Local Storage<\/td><\/tr><tr><td>yt-remote-connected-devices<\/td><td><a rel=\"noreferrer noopener\" href=\"https:\/\/policies.google.com\/privacy\" target=\"_blank\">YouTube<\/a><\/td><td>Almacena las preferencias de reproducci\u00f3n de video del usuario para los videos de YouTube incrustados.<\/td><td>Persistente<\/td><td>HTML Local Storage<\/td><\/tr><tr><td>yt-remote-device-id<\/td><td><a rel=\"noreferrer noopener\" href=\"https:\/\/policies.google.com\/privacy\" target=\"_blank\">YouTube<\/a><\/td><td>Almacena las preferencias de reproducci\u00f3n de video del usuario para los videos de YouTube incrustados.<\/td><td>Persistente<\/td><td>HTML Local Storage<\/td><\/tr><\/tbody><\/table><\/figure>\n<\/div>\n\n<div class=\"m9-slogan bg-site bg-1\">\n  <div class=\"slogan\">\n    <div class=\"marquee\">\n      <div class=\"marquee__inner\" aria-hidden=\"true\">\n        <span>Your safety, your performance &#8211;<\/span>\n        <span>Your safety, your performance &#8211;<\/span>\n        <span>Your safety, your performance &#8211;<\/span>\n      <\/div>\n    <\/div>\n\n    <div class=\"marquee\">\n      <div class=\"marquee__inner left\" aria-hidden=\"true\">\n        <span>Your safety, your performance &#8211;<\/span>\n        <span>Your safety, your performance &#8211;<\/span>\n        <span>Your safety, your performance &#8211;<\/span>\n      <\/div>\n    <\/div>\n  <\/div>\n<\/div>","protected":false},"excerpt":{"rendered":"<p>Nombre Proveedor Prop\u00f3sito Caducidad Tipo CookieConsent Cookiebot Almacena la autorizaci\u00f3n del uso de cookies para el dominio actual por parte del usuario. 1 a\u00f1o HTTP Cookie frontend recette.opsial.com Almacena una identificaci\u00f3n aleatoria que garantiza que un usuario pueda ser identificado de manera \u00fanica como visitante o usuario conectado. Funciones como \u00ab\u00daltimos elementos vistos\u00bb o el [&hellip;]<\/p>\n","protected":false},"author":2,"featured_media":0,"parent":0,"menu_order":0,"comment_status":"closed","ping_status":"closed","template":"","meta":{"_acf_changed":false,"footnotes":""},"class_list":["post-7395","page","type-page","status-publish","hentry"],"acf":[],"yoast_head":"<!-- This site is optimized with the Yoast SEO plugin v26.6 - https:\/\/yoast.com\/wordpress\/plugins\/seo\/ -->\n<title>COOKIES - Opsial<\/title>\n<meta name=\"robots\" content=\"index, follow, max-snippet:-1, max-image-preview:large, max-video-preview:-1\" \/>\n<link rel=\"canonical\" href=\"https:\/\/recette.opsial.com\/es\/cookies-es\/\" \/>\n<meta property=\"og:locale\" content=\"es_ES\" \/>\n<meta property=\"og:type\" content=\"article\" \/>\n<meta property=\"og:title\" content=\"COOKIES - Opsial\" \/>\n<meta property=\"og:description\" content=\"Nombre Proveedor Prop\u00f3sito Caducidad Tipo CookieConsent Cookiebot Almacena la autorizaci\u00f3n del uso de cookies para el dominio actual por parte del usuario. 1 a\u00f1o HTTP Cookie frontend recette.opsial.com Almacena una identificaci\u00f3n aleatoria que garantiza que un usuario pueda ser identificado de manera \u00fanica como visitante o usuario conectado. Funciones como \u00ab\u00daltimos elementos vistos\u00bb o el [&hellip;]\" \/>\n<meta property=\"og:url\" content=\"https:\/\/recette.opsial.com\/es\/cookies-es\/\" \/>\n<meta property=\"og:site_name\" content=\"Opsial\" \/>\n<meta property=\"article:modified_time\" content=\"2023-10-24T13:36:57+00:00\" \/>\n<meta name=\"twitter:card\" content=\"summary_large_image\" \/>\n<meta name=\"twitter:label1\" content=\"Tiempo de lectura\" \/>\n\t<meta name=\"twitter:data1\" content=\"3 minutos\" \/>\n<script type=\"application\/ld+json\" class=\"yoast-schema-graph\">{\"@context\":\"https:\/\/schema.org\",\"@graph\":[{\"@type\":\"WebPage\",\"@id\":\"https:\/\/recette.opsial.com\/es\/cookies-es\/\",\"url\":\"https:\/\/recette.opsial.com\/es\/cookies-es\/\",\"name\":\"COOKIES - Opsial\",\"isPartOf\":{\"@id\":\"https:\/\/recette.opsial.com\/#website\"},\"datePublished\":\"2023-05-17T08:12:44+00:00\",\"dateModified\":\"2023-10-24T13:36:57+00:00\",\"breadcrumb\":{\"@id\":\"https:\/\/recette.opsial.com\/es\/cookies-es\/#breadcrumb\"},\"inLanguage\":\"es\",\"potentialAction\":[{\"@type\":\"ReadAction\",\"target\":[\"https:\/\/recette.opsial.com\/es\/cookies-es\/\"]}]},{\"@type\":\"BreadcrumbList\",\"@id\":\"https:\/\/recette.opsial.com\/es\/cookies-es\/#breadcrumb\",\"itemListElement\":[{\"@type\":\"ListItem\",\"position\":1,\"name\":\"Accueil\",\"item\":\"https:\/\/recette.opsial.com\/es\/\"},{\"@type\":\"ListItem\",\"position\":2,\"name\":\"COOKIES\"}]},{\"@type\":\"WebSite\",\"@id\":\"https:\/\/recette.opsial.com\/#website\",\"url\":\"https:\/\/recette.opsial.com\/\",\"name\":\"Opsial\",\"description\":\"Opsial\",\"potentialAction\":[{\"@type\":\"SearchAction\",\"target\":{\"@type\":\"EntryPoint\",\"urlTemplate\":\"https:\/\/recette.opsial.com\/?s={search_term_string}\"},\"query-input\":{\"@type\":\"PropertyValueSpecification\",\"valueRequired\":true,\"valueName\":\"search_term_string\"}}],\"inLanguage\":\"es\"}]}<\/script>\n<!-- \/ Yoast SEO plugin. -->","yoast_head_json":{"title":"COOKIES - Opsial","robots":{"index":"index","follow":"follow","max-snippet":"max-snippet:-1","max-image-preview":"max-image-preview:large","max-video-preview":"max-video-preview:-1"},"canonical":"https:\/\/recette.opsial.com\/es\/cookies-es\/","og_locale":"es_ES","og_type":"article","og_title":"COOKIES - Opsial","og_description":"Nombre Proveedor Prop\u00f3sito Caducidad Tipo CookieConsent Cookiebot Almacena la autorizaci\u00f3n del uso de cookies para el dominio actual por parte del usuario. 1 a\u00f1o HTTP Cookie frontend recette.opsial.com Almacena una identificaci\u00f3n aleatoria que garantiza que un usuario pueda ser identificado de manera \u00fanica como visitante o usuario conectado. Funciones como \u00ab\u00daltimos elementos vistos\u00bb o el [&hellip;]","og_url":"https:\/\/recette.opsial.com\/es\/cookies-es\/","og_site_name":"Opsial","article_modified_time":"2023-10-24T13:36:57+00:00","twitter_card":"summary_large_image","twitter_misc":{"Tiempo de lectura":"3 minutos"},"schema":{"@context":"https:\/\/schema.org","@graph":[{"@type":"WebPage","@id":"https:\/\/recette.opsial.com\/es\/cookies-es\/","url":"https:\/\/recette.opsial.com\/es\/cookies-es\/","name":"COOKIES - Opsial","isPartOf":{"@id":"https:\/\/recette.opsial.com\/#website"},"datePublished":"2023-05-17T08:12:44+00:00","dateModified":"2023-10-24T13:36:57+00:00","breadcrumb":{"@id":"https:\/\/recette.opsial.com\/es\/cookies-es\/#breadcrumb"},"inLanguage":"es","potentialAction":[{"@type":"ReadAction","target":["https:\/\/recette.opsial.com\/es\/cookies-es\/"]}]},{"@type":"BreadcrumbList","@id":"https:\/\/recette.opsial.com\/es\/cookies-es\/#breadcrumb","itemListElement":[{"@type":"ListItem","position":1,"name":"Accueil","item":"https:\/\/recette.opsial.com\/es\/"},{"@type":"ListItem","position":2,"name":"COOKIES"}]},{"@type":"WebSite","@id":"https:\/\/recette.opsial.com\/#website","url":"https:\/\/recette.opsial.com\/","name":"Opsial","description":"Opsial","potentialAction":[{"@type":"SearchAction","target":{"@type":"EntryPoint","urlTemplate":"https:\/\/recette.opsial.com\/?s={search_term_string}"},"query-input":{"@type":"PropertyValueSpecification","valueRequired":true,"valueName":"search_term_string"}}],"inLanguage":"es"}]}},"_links":{"self":[{"href":"https:\/\/recette.opsial.com\/es\/wp-json\/wp\/v2\/pages\/7395","targetHints":{"allow":["GET"]}}],"collection":[{"href":"https:\/\/recette.opsial.com\/es\/wp-json\/wp\/v2\/pages"}],"about":[{"href":"https:\/\/recette.opsial.com\/es\/wp-json\/wp\/v2\/types\/page"}],"author":[{"embeddable":true,"href":"https:\/\/recette.opsial.com\/es\/wp-json\/wp\/v2\/users\/2"}],"replies":[{"embeddable":true,"href":"https:\/\/recette.opsial.com\/es\/wp-json\/wp\/v2\/comments?post=7395"}],"version-history":[{"count":5,"href":"https:\/\/recette.opsial.com\/es\/wp-json\/wp\/v2\/pages\/7395\/revisions"}],"predecessor-version":[{"id":13972,"href":"https:\/\/recette.opsial.com\/es\/wp-json\/wp\/v2\/pages\/7395\/revisions\/13972"}],"wp:attachment":[{"href":"https:\/\/recette.opsial.com\/es\/wp-json\/wp\/v2\/media?parent=7395"}],"curies":[{"name":"wp","href":"https:\/\/api.w.org\/{rel}","templated":true}]}}