{"id":7376,"date":"2022-11-08T14:59:21","date_gmt":"2022-11-08T13:59:21","guid":{"rendered":"https:\/\/recette.opsial.com\/page-daccueil-es\/"},"modified":"2023-11-07T08:55:44","modified_gmt":"2023-11-07T07:55:44","slug":"page-daccueil-es","status":"publish","type":"page","link":"https:\/\/recette.opsial.com\/es\/","title":{"rendered":"HOME"},"content":{"rendered":"<div class=\"hp-gamme bg-site d-flex align-items-center\">\n  <div class=\"container\">\n\t\t<h2 class=\"h2-title color-white slideup-text\"><span><span>Descubra una gama completa de EPI para equiparse de pies a cabeza<\/span><\/span><\/h2>\n    <div class=\"slider-produits\">\n            \n              <div class=\"item-produit\" data-number=\"5\">\n          <a href=\"https:\/\/recette.opsial.com\/es\/proteccion-de-las-manos\/\" >\n            <div class=\"square d-flex justify-content-center align-items-center pos-rel\">\n              <img loading=\"lazy\" decoding=\"async\" src=\"https:\/\/recette.opsial.com\/wp-content\/uploads\/sites\/2\/2022\/11\/Vector.png\" alt=\"Vector\" width=\"166\" height=\"166\">\n              <ul class=\"liste pos-abs\">\n                                  <li class=\"item-liste\">Manejo ligero<\/li>\n                                  <li class=\"item-liste\">Manejo pesado<\/li>\n                                  <li class=\"item-liste\">Anticorte seco<\/li>\n                                  <li class=\"item-liste\">Anticorte con aceite<\/li>\n                                  <li class=\"item-liste\">Espec\u00edficos para fr\u00edo\/calor<\/li>\n                                  <li class=\"item-liste\">Espec\u00edficos para soldadura<\/li>\n                              <\/ul>\n            <\/div>\n            <h3 class=\"sous-titre font-title\">PROTECCI\u00d3N DE LAS MANOS<\/h3>\n          <\/a>\n        <\/div>\n              <div class=\"item-produit\" data-number=\"5\">\n          <a href=\"https:\/\/recette.opsial.com\/es\/proteccion-de-los-pies\/\" >\n            <div class=\"square d-flex justify-content-center align-items-center pos-rel\">\n              <img loading=\"lazy\" decoding=\"async\" src=\"https:\/\/recette.opsial.com\/wp-content\/uploads\/sites\/2\/2023\/01\/Shoes-1.png\" alt=\"Shoes\" width=\"166\" height=\"166\">\n              <ul class=\"liste pos-abs\">\n                                  <li class=\"item-liste\">Trabajos al aire libre<\/li>\n                                  <li class=\"item-liste\">Industrias<\/li>\n                                  <li class=\"item-liste\">Log\u00edstica, servicios, construcci\u00f3n<\/li>\n                              <\/ul>\n            <\/div>\n            <h3 class=\"sous-titre font-title\">PROTECCI\u00d3N DE LOS PIES<\/h3>\n          <\/a>\n        <\/div>\n              <div class=\"item-produit\" data-number=\"5\">\n          <a href=\"https:\/\/recette.opsial.com\/es\/vetements-es\/\" >\n            <div class=\"square d-flex justify-content-center align-items-center pos-rel\">\n              <img loading=\"lazy\" decoding=\"async\" src=\"https:\/\/recette.opsial.com\/wp-content\/uploads\/sites\/2\/2022\/11\/Frame.png\" alt=\"Frame\" width=\"166\" height=\"166\">\n              <ul class=\"liste pos-abs\">\n                                  <li class=\"item-liste\">Ropa de trabajo<\/li>\n                                  <li class=\"item-liste\">Para lluvia y fr\u00edo<\/li>\n                                  <li class=\"item-liste\">Alta visibilidad<\/li>\n                                  <li class=\"item-liste\">Ropa de un solo uso<\/li>\n                              <\/ul>\n            <\/div>\n            <h3 class=\"sous-titre font-title\">ROPA<\/h3>\n          <\/a>\n        <\/div>\n              <div class=\"item-produit\" data-number=\"5\">\n          <a href=\"https:\/\/recette.opsial.com\/es\/proteccion-cabeza-rostro-vias-respiratorias\/\" >\n            <div class=\"square d-flex justify-content-center align-items-center pos-rel\">\n              <img loading=\"lazy\" decoding=\"async\" src=\"https:\/\/recette.opsial.com\/wp-content\/uploads\/sites\/2\/2022\/11\/Frame-1.png\" alt=\"Frame (1)\" width=\"166\" height=\"166\">\n              <ul class=\"liste pos-abs\">\n                                  <li class=\"item-liste\">Cascos<\/li>\n                                  <li class=\"item-liste\">Gafas<\/li>\n                                  <li class=\"item-liste\">Protectores auditivos<\/li>\n                                  <li class=\"item-liste\">Mascarillas respiratorias reutilizables<\/li>\n                                  <li class=\"item-liste\">Mascarillas respiratorias de un solo uso<\/li>\n                                  <li class=\"item-liste\">Espec\u00edfico para soldadura<\/li>\n                              <\/ul>\n            <\/div>\n            <h3 class=\"sous-titre font-title\">PROTECCI\u00d3N DE LA CABEZA\/ROSTRO\/V\u00cdAS RESPIRATORIAS<\/h3>\n          <\/a>\n        <\/div>\n              <div class=\"item-produit\" data-number=\"5\">\n          <a href=\"https:\/\/recette.opsial.com\/es\/proteccion-anticaidas\/\" >\n            <div class=\"square d-flex justify-content-center align-items-center pos-rel\">\n              <img loading=\"lazy\" decoding=\"async\" src=\"https:\/\/recette.opsial.com\/wp-content\/uploads\/sites\/2\/2022\/11\/Frame-2.png\" alt=\"Frame (2)\" width=\"166\" height=\"166\">\n              <ul class=\"liste pos-abs\">\n                                  <li class=\"item-liste\">Kits<\/li>\n                                  <li class=\"item-liste\">Arneses<\/li>\n                                  <li class=\"item-liste\">Retr\u00e1ctiles<\/li>\n                                  <li class=\"item-liste\">Cuerdas de seguridad<\/li>\n                                  <li class=\"item-liste\">Mosquetones<\/li>\n                                  <li class=\"item-liste\">Correas anti-trauma<\/li>\n                              <\/ul>\n            <\/div>\n            <h3 class=\"sous-titre font-title\">PROTECCI\u00d3N ANTICA\u00cdDAS<\/h3>\n          <\/a>\n        <\/div>\n          <\/div>\n\t<\/div>  \n<\/div>\n\n<div class=\"m2-text-image\">\n  <div class=\"row m-0 p-0\">\n    <div class=\"col-lg-6 col-12 p-0 col-text order-lg-first order-first\">\n      <div class=\"content-text d-flex flex-column justify-content-center\">\n        <h2 class=\"h2-title color-title\">Protecci\u00f3n al servicio del rendimiento<\/h2>\n        <div class=\"text color-text\"><p>La marca OPSIAL fue creada en 2000 por el Grupo DESCOURS &amp; CABAUD.<\/p>\n<p>Nuestra ambici\u00f3n es proteger a todos los profesionales en su actividad y mejorar su experiencia diaria.<\/p>\n<\/div>\n\n\n                  <a class=\"link-brochure color-text d-flex align-items-center\" href=\"https:\/\/recette.opsial.com\/es\/la-marca-opsial\/\" >\n                      <div class=\"txt\">Saber m\u00e1s sobre nuestra marca<\/div>\n            <span class=\"arrow-btn\">\n              <span class=\"icons\">\n                <svg width=\"39\" height=\"23\" viewBox=\"0 0 39 23\" fill=\"none\" xmlns=\"http:\/\/www.w3.org\/2000\/svg\">\n                  <path d=\"M1.0066 10.6855C9.03006 10.6855 27.0535 10.6855 35.1628 10.6855C32.0682 7.85517 29.0198 5.07261 25.9582 2.2696C26.3013 1.86723 26.6444 1.46485 27.0007 1.04883C27.2713 1.29435 27.5352 1.53305 27.7925 1.77175C31.0982 4.793 34.4106 7.81425 37.7163 10.8423C38.099 11.1901 38.099 11.8176 37.7163 12.1654C34.2588 15.323 30.7947 18.4875 27.3372 21.6452C27.2317 21.7406 27.1261 21.8361 27.0007 21.9521C26.651 21.5429 26.3145 21.1473 25.9516 20.7313C29.0066 17.9351 32.055 15.1525 35.1562 12.3154C27.0535 12.3154 9.03006 12.3154 1 12.3154C1.0066 11.7698 1.0066 11.2242 1.0066 10.6855Z\" fill=\"currentColor\" stroke=\"currentColor\"\/>\n                <\/svg>\n                <svg width=\"39\" height=\"23\" viewBox=\"0 0 39 23\" fill=\"none\" xmlns=\"http:\/\/www.w3.org\/2000\/svg\">\n                  <path d=\"M1.0066 10.6855C9.03006 10.6855 27.0535 10.6855 35.1628 10.6855C32.0682 7.85517 29.0198 5.07261 25.9582 2.2696C26.3013 1.86723 26.6444 1.46485 27.0007 1.04883C27.2713 1.29435 27.5352 1.53305 27.7925 1.77175C31.0982 4.793 34.4106 7.81425 37.7163 10.8423C38.099 11.1901 38.099 11.8176 37.7163 12.1654C34.2588 15.323 30.7947 18.4875 27.3372 21.6452C27.2317 21.7406 27.1261 21.8361 27.0007 21.9521C26.651 21.5429 26.3145 21.1473 25.9516 20.7313C29.0066 17.9351 32.055 15.1525 35.1562 12.3154C27.0535 12.3154 9.03006 12.3154 1 12.3154C1.0066 11.7698 1.0066 11.2242 1.0066 10.6855Z\" fill=\"currentColor\" stroke=\"currentColor\"\/>\n                <\/svg>\n              <\/span>\n            <\/span>\n          <\/a>\n        \n      <\/div>\n    <\/div>\n\n              \n    <div class=\"col-lg-6 col-12 p-0 col-img order-lg-last order-last\">\n      <img decoding=\"async\" class=\"img\" src=\"https:\/\/recette.opsial.com\/wp-content\/uploads\/sites\/2\/2022\/11\/Visuel-AH-Hiver22-1.jpg\" alt=\"\" width=\"960\">\n    <\/div>\n  <\/div>\n<\/div>\n\n<div class=\"m2-text-image\">\n  <div class=\"row m-0 p-0\">\n    <div class=\"col-lg-6 col-12 p-0 col-text order-lg-last order-first\">\n      <div class=\"content-text d-flex flex-column justify-content-center\">\n        <h2 class=\"h2-title color-title\">Descubre nuestra oferta que combina tecnolog\u00eda, comodidad y estilo<\/h2>\n        <div class=\"text color-text\"><p>Reconocida como l\u00edder en EPI, OPSIAL dise\u00f1a y ofrece una gama completa de equipos de protecci\u00f3n individual para satisfacer todas las necesidades de los profesionales exigentes.<\/p>\n<\/div>\n\n\n                  <a class=\"link-brochure color-text d-flex align-items-center\" href=\"https:\/\/recette.opsial.com\/wp-content\/uploads\/sites\/2\/2023\/07\/PLAQUETTE_GAMME_OPSIAL_ESP.pdf\" target=\"_blank\">\n                      <div class=\"txt\">Descarga el folleto de OPSIAL<\/div>\n            <span class=\"arrow-btn\">\n              <span class=\"icons\">\n                <svg width=\"39\" height=\"23\" viewBox=\"0 0 39 23\" fill=\"none\" xmlns=\"http:\/\/www.w3.org\/2000\/svg\">\n                  <path d=\"M1.0066 10.6855C9.03006 10.6855 27.0535 10.6855 35.1628 10.6855C32.0682 7.85517 29.0198 5.07261 25.9582 2.2696C26.3013 1.86723 26.6444 1.46485 27.0007 1.04883C27.2713 1.29435 27.5352 1.53305 27.7925 1.77175C31.0982 4.793 34.4106 7.81425 37.7163 10.8423C38.099 11.1901 38.099 11.8176 37.7163 12.1654C34.2588 15.323 30.7947 18.4875 27.3372 21.6452C27.2317 21.7406 27.1261 21.8361 27.0007 21.9521C26.651 21.5429 26.3145 21.1473 25.9516 20.7313C29.0066 17.9351 32.055 15.1525 35.1562 12.3154C27.0535 12.3154 9.03006 12.3154 1 12.3154C1.0066 11.7698 1.0066 11.2242 1.0066 10.6855Z\" fill=\"currentColor\" stroke=\"currentColor\"\/>\n                <\/svg>\n                <svg width=\"39\" height=\"23\" viewBox=\"0 0 39 23\" fill=\"none\" xmlns=\"http:\/\/www.w3.org\/2000\/svg\">\n                  <path d=\"M1.0066 10.6855C9.03006 10.6855 27.0535 10.6855 35.1628 10.6855C32.0682 7.85517 29.0198 5.07261 25.9582 2.2696C26.3013 1.86723 26.6444 1.46485 27.0007 1.04883C27.2713 1.29435 27.5352 1.53305 27.7925 1.77175C31.0982 4.793 34.4106 7.81425 37.7163 10.8423C38.099 11.1901 38.099 11.8176 37.7163 12.1654C34.2588 15.323 30.7947 18.4875 27.3372 21.6452C27.2317 21.7406 27.1261 21.8361 27.0007 21.9521C26.651 21.5429 26.3145 21.1473 25.9516 20.7313C29.0066 17.9351 32.055 15.1525 35.1562 12.3154C27.0535 12.3154 9.03006 12.3154 1 12.3154C1.0066 11.7698 1.0066 11.2242 1.0066 10.6855Z\" fill=\"currentColor\" stroke=\"currentColor\"\/>\n                <\/svg>\n              <\/span>\n            <\/span>\n          <\/a>\n        \n      <\/div>\n    <\/div>\n\n              \n    <div class=\"col-lg-6 col-12 p-0 col-img order-lg-first order-last\">\n      <img decoding=\"async\" class=\"img\" src=\"https:\/\/recette.opsial.com\/wp-content\/uploads\/sites\/2\/2023\/03\/Page_Accueil_visuel_2_960x960px.jpg\" alt=\"\" width=\"960\">\n    <\/div>\n  <\/div>\n<\/div>\n\n<div class=\"m2-text-image\">\n  <div class=\"row m-0 p-0\">\n    <div class=\"col-lg-6 col-12 p-0 col-text order-lg-first order-first\">\n      <div class=\"content-text d-flex flex-column justify-content-center\">\n        <h2 class=\"h2-title color-title\">Nuestro enfoque OPSIAL GREENER TOGETHER<\/h2>\n        <div class=\"text color-text\"><p>Comprometidos con los desaf\u00edos ambientales y sociales, implementamos acciones concretas y medibles para controlar y reducir el impacto ambiental de nuestros productos (dise\u00f1o, producci\u00f3n, embalaje).<\/p>\n<\/div>\n\n\n                  <a class=\"link-brochure color-text d-flex align-items-center\" href=\"https:\/\/recette.opsial.com\/es\/greener-together\/\" >\n                      <div class=\"txt\">M\u00e1s informaci\u00f3n sobre OPSIAL GREENER TOGETHER<\/div>\n            <span class=\"arrow-btn\">\n              <span class=\"icons\">\n                <svg width=\"39\" height=\"23\" viewBox=\"0 0 39 23\" fill=\"none\" xmlns=\"http:\/\/www.w3.org\/2000\/svg\">\n                  <path d=\"M1.0066 10.6855C9.03006 10.6855 27.0535 10.6855 35.1628 10.6855C32.0682 7.85517 29.0198 5.07261 25.9582 2.2696C26.3013 1.86723 26.6444 1.46485 27.0007 1.04883C27.2713 1.29435 27.5352 1.53305 27.7925 1.77175C31.0982 4.793 34.4106 7.81425 37.7163 10.8423C38.099 11.1901 38.099 11.8176 37.7163 12.1654C34.2588 15.323 30.7947 18.4875 27.3372 21.6452C27.2317 21.7406 27.1261 21.8361 27.0007 21.9521C26.651 21.5429 26.3145 21.1473 25.9516 20.7313C29.0066 17.9351 32.055 15.1525 35.1562 12.3154C27.0535 12.3154 9.03006 12.3154 1 12.3154C1.0066 11.7698 1.0066 11.2242 1.0066 10.6855Z\" fill=\"currentColor\" stroke=\"currentColor\"\/>\n                <\/svg>\n                <svg width=\"39\" height=\"23\" viewBox=\"0 0 39 23\" fill=\"none\" xmlns=\"http:\/\/www.w3.org\/2000\/svg\">\n                  <path d=\"M1.0066 10.6855C9.03006 10.6855 27.0535 10.6855 35.1628 10.6855C32.0682 7.85517 29.0198 5.07261 25.9582 2.2696C26.3013 1.86723 26.6444 1.46485 27.0007 1.04883C27.2713 1.29435 27.5352 1.53305 27.7925 1.77175C31.0982 4.793 34.4106 7.81425 37.7163 10.8423C38.099 11.1901 38.099 11.8176 37.7163 12.1654C34.2588 15.323 30.7947 18.4875 27.3372 21.6452C27.2317 21.7406 27.1261 21.8361 27.0007 21.9521C26.651 21.5429 26.3145 21.1473 25.9516 20.7313C29.0066 17.9351 32.055 15.1525 35.1562 12.3154C27.0535 12.3154 9.03006 12.3154 1 12.3154C1.0066 11.7698 1.0066 11.2242 1.0066 10.6855Z\" fill=\"currentColor\" stroke=\"currentColor\"\/>\n                <\/svg>\n              <\/span>\n            <\/span>\n          <\/a>\n        \n      <\/div>\n    <\/div>\n\n              \n    <div class=\"col-lg-6 col-12 p-0 col-img order-lg-last order-last\">\n      <img decoding=\"async\" class=\"img\" src=\"https:\/\/recette.opsial.com\/wp-content\/uploads\/sites\/2\/2023\/01\/Group-224.png\" alt=\"\" width=\"960\">\n    <\/div>\n  <\/div>\n<\/div>\n\n<div class=\"m2-text-image\">\n  <div class=\"row m-0 p-0\">\n    <div class=\"col-lg-6 col-12 p-0 col-text order-lg-last order-first\">\n      <div class=\"content-text d-flex flex-column justify-content-center\">\n        <h2 class=\"h2-title color-title\">Accede a tu documentaci\u00f3n reglamentaria<\/h2>\n        <div class=\"text color-text\"><p>Encuentra en Safety Finder tus documentos relacionados con la seguridad de tus productos de equipos de protecci\u00f3n personal (declaraci\u00f3n de conformidad de la UE, hojas t\u00e9cnicas y manuales de uso).<\/p>\n<\/div>\n\n\n                  <a class=\"link-brochure color-text d-flex align-items-center\" href=\"https:\/\/www.episafetyfinder.fr\/es_ES\" target=\"_blank\">\n                      <div class=\"txt\">Accede a la plataforma SAFETY FINDER<\/div>\n            <span class=\"arrow-btn\">\n              <span class=\"icons\">\n                <svg width=\"39\" height=\"23\" viewBox=\"0 0 39 23\" fill=\"none\" xmlns=\"http:\/\/www.w3.org\/2000\/svg\">\n                  <path d=\"M1.0066 10.6855C9.03006 10.6855 27.0535 10.6855 35.1628 10.6855C32.0682 7.85517 29.0198 5.07261 25.9582 2.2696C26.3013 1.86723 26.6444 1.46485 27.0007 1.04883C27.2713 1.29435 27.5352 1.53305 27.7925 1.77175C31.0982 4.793 34.4106 7.81425 37.7163 10.8423C38.099 11.1901 38.099 11.8176 37.7163 12.1654C34.2588 15.323 30.7947 18.4875 27.3372 21.6452C27.2317 21.7406 27.1261 21.8361 27.0007 21.9521C26.651 21.5429 26.3145 21.1473 25.9516 20.7313C29.0066 17.9351 32.055 15.1525 35.1562 12.3154C27.0535 12.3154 9.03006 12.3154 1 12.3154C1.0066 11.7698 1.0066 11.2242 1.0066 10.6855Z\" fill=\"currentColor\" stroke=\"currentColor\"\/>\n                <\/svg>\n                <svg width=\"39\" height=\"23\" viewBox=\"0 0 39 23\" fill=\"none\" xmlns=\"http:\/\/www.w3.org\/2000\/svg\">\n                  <path d=\"M1.0066 10.6855C9.03006 10.6855 27.0535 10.6855 35.1628 10.6855C32.0682 7.85517 29.0198 5.07261 25.9582 2.2696C26.3013 1.86723 26.6444 1.46485 27.0007 1.04883C27.2713 1.29435 27.5352 1.53305 27.7925 1.77175C31.0982 4.793 34.4106 7.81425 37.7163 10.8423C38.099 11.1901 38.099 11.8176 37.7163 12.1654C34.2588 15.323 30.7947 18.4875 27.3372 21.6452C27.2317 21.7406 27.1261 21.8361 27.0007 21.9521C26.651 21.5429 26.3145 21.1473 25.9516 20.7313C29.0066 17.9351 32.055 15.1525 35.1562 12.3154C27.0535 12.3154 9.03006 12.3154 1 12.3154C1.0066 11.7698 1.0066 11.2242 1.0066 10.6855Z\" fill=\"currentColor\" stroke=\"currentColor\"\/>\n                <\/svg>\n              <\/span>\n            <\/span>\n          <\/a>\n        \n      <\/div>\n    <\/div>\n\n              \n    <div class=\"col-lg-6 col-12 p-0 col-img order-lg-first order-last\">\n      <img decoding=\"async\" class=\"img\" src=\"https:\/\/recette.opsial.com\/wp-content\/uploads\/sites\/2\/2023\/09\/Safetyfinder_OPSIAL_ESP.png\" alt=\"\" width=\"960\">\n    <\/div>\n  <\/div>\n<\/div>\n\n<div class=\"m2-text-image\">\n  <div class=\"row m-0 p-0\">\n    <div class=\"col-lg-6 col-12 p-0 col-text order-lg-first order-first\">\n      <div class=\"content-text d-flex flex-column justify-content-center\">\n        <h2 class=\"h2-title color-title\">Una marca de referencia a nivel internacional<\/h2>\n        <div class=\"text color-text\"><p>La marca OPSIAL se distribuye ampliamente en todo el mundo a trav\u00e9s de una red de 730 puntos de venta locales en 16 pa\u00edses.<\/p>\n<\/div>\n\n\n                  <a class=\"link-brochure color-text d-flex align-items-center\" href=\"https:\/\/recette.opsial.com\/es\/distribuidores-asociados\/?continent=europa-es&#038;pays=\" >\n                      <div class=\"txt\">Descubre nuestros distribuidores asociados<\/div>\n            <span class=\"arrow-btn\">\n              <span class=\"icons\">\n                <svg width=\"39\" height=\"23\" viewBox=\"0 0 39 23\" fill=\"none\" xmlns=\"http:\/\/www.w3.org\/2000\/svg\">\n                  <path d=\"M1.0066 10.6855C9.03006 10.6855 27.0535 10.6855 35.1628 10.6855C32.0682 7.85517 29.0198 5.07261 25.9582 2.2696C26.3013 1.86723 26.6444 1.46485 27.0007 1.04883C27.2713 1.29435 27.5352 1.53305 27.7925 1.77175C31.0982 4.793 34.4106 7.81425 37.7163 10.8423C38.099 11.1901 38.099 11.8176 37.7163 12.1654C34.2588 15.323 30.7947 18.4875 27.3372 21.6452C27.2317 21.7406 27.1261 21.8361 27.0007 21.9521C26.651 21.5429 26.3145 21.1473 25.9516 20.7313C29.0066 17.9351 32.055 15.1525 35.1562 12.3154C27.0535 12.3154 9.03006 12.3154 1 12.3154C1.0066 11.7698 1.0066 11.2242 1.0066 10.6855Z\" fill=\"currentColor\" stroke=\"currentColor\"\/>\n                <\/svg>\n                <svg width=\"39\" height=\"23\" viewBox=\"0 0 39 23\" fill=\"none\" xmlns=\"http:\/\/www.w3.org\/2000\/svg\">\n                  <path d=\"M1.0066 10.6855C9.03006 10.6855 27.0535 10.6855 35.1628 10.6855C32.0682 7.85517 29.0198 5.07261 25.9582 2.2696C26.3013 1.86723 26.6444 1.46485 27.0007 1.04883C27.2713 1.29435 27.5352 1.53305 27.7925 1.77175C31.0982 4.793 34.4106 7.81425 37.7163 10.8423C38.099 11.1901 38.099 11.8176 37.7163 12.1654C34.2588 15.323 30.7947 18.4875 27.3372 21.6452C27.2317 21.7406 27.1261 21.8361 27.0007 21.9521C26.651 21.5429 26.3145 21.1473 25.9516 20.7313C29.0066 17.9351 32.055 15.1525 35.1562 12.3154C27.0535 12.3154 9.03006 12.3154 1 12.3154C1.0066 11.7698 1.0066 11.2242 1.0066 10.6855Z\" fill=\"currentColor\" stroke=\"currentColor\"\/>\n                <\/svg>\n              <\/span>\n            <\/span>\n          <\/a>\n        \n      <\/div>\n    <\/div>\n\n              \n    <div class=\"col-lg-6 col-12 p-0 col-img order-lg-last order-last\">\n      <img decoding=\"async\" class=\"img\" src=\"https:\/\/recette.opsial.com\/wp-content\/uploads\/sites\/2\/2022\/11\/AdobeStock_513860908-1.jpg\" alt=\"\" width=\"960\">\n    <\/div>\n  <\/div>\n<\/div>\n\n<div class=\"m9-slogan bg-site bg-1\">\n  <div class=\"slogan\">\n    <div class=\"marquee\">\n      <div class=\"marquee__inner\" aria-hidden=\"true\">\n        <span>Your safety, your performance &#8211;<\/span>\n        <span>Your safety, your performance &#8211;<\/span>\n        <span>Your safety, your performance &#8211;<\/span>\n      <\/div>\n    <\/div>\n\n    <div class=\"marquee\">\n      <div class=\"marquee__inner left\" aria-hidden=\"true\">\n        <span>Your safety, your performance &#8211;<\/span>\n        <span>Your safety, your performance &#8211;<\/span>\n        <span>Your safety, your performance &#8211;<\/span>\n      <\/div>\n    <\/div>\n  <\/div>\n<\/div>","protected":false},"excerpt":{"rendered":"","protected":false},"author":1,"featured_media":0,"parent":0,"menu_order":-1,"comment_status":"closed","ping_status":"closed","template":"","meta":{"_acf_changed":false,"footnotes":""},"class_list":["post-7376","page","type-page","status-publish","hentry"],"acf":[],"yoast_head":"<!-- This site is optimized with the Yoast SEO plugin v26.6 - https:\/\/yoast.com\/wordpress\/plugins\/seo\/ -->\n<title>HOME - Opsial<\/title>\n<meta name=\"robots\" content=\"index, follow, max-snippet:-1, max-image-preview:large, max-video-preview:-1\" \/>\n<link rel=\"canonical\" href=\"https:\/\/recette.opsial.com\/es\/\" \/>\n<meta property=\"og:locale\" content=\"es_ES\" \/>\n<meta property=\"og:type\" content=\"article\" \/>\n<meta property=\"og:title\" content=\"HOME - Opsial\" \/>\n<meta property=\"og:url\" content=\"https:\/\/recette.opsial.com\/es\/\" \/>\n<meta property=\"og:site_name\" content=\"Opsial\" \/>\n<meta property=\"article:modified_time\" content=\"2023-11-07T07:55:44+00:00\" \/>\n<meta name=\"twitter:card\" content=\"summary_large_image\" \/>\n<script type=\"application\/ld+json\" class=\"yoast-schema-graph\">{\"@context\":\"https:\/\/schema.org\",\"@graph\":[{\"@type\":\"WebPage\",\"@id\":\"https:\/\/recette.opsial.com\/es\/\",\"url\":\"https:\/\/recette.opsial.com\/es\/\",\"name\":\"HOME - Opsial\",\"isPartOf\":{\"@id\":\"https:\/\/recette.opsial.com\/#website\"},\"datePublished\":\"2022-11-08T13:59:21+00:00\",\"dateModified\":\"2023-11-07T07:55:44+00:00\",\"breadcrumb\":{\"@id\":\"https:\/\/recette.opsial.com\/es\/#breadcrumb\"},\"inLanguage\":\"es\",\"potentialAction\":[{\"@type\":\"ReadAction\",\"target\":[\"https:\/\/recette.opsial.com\/es\/\"]}]},{\"@type\":\"BreadcrumbList\",\"@id\":\"https:\/\/recette.opsial.com\/es\/#breadcrumb\",\"itemListElement\":[{\"@type\":\"ListItem\",\"position\":1,\"name\":\"Accueil\",\"item\":\"https:\/\/recette.opsial.com\/es\/\"},{\"@type\":\"ListItem\",\"position\":2,\"name\":\"HOME\"}]},{\"@type\":\"WebSite\",\"@id\":\"https:\/\/recette.opsial.com\/#website\",\"url\":\"https:\/\/recette.opsial.com\/\",\"name\":\"Opsial\",\"description\":\"Opsial\",\"potentialAction\":[{\"@type\":\"SearchAction\",\"target\":{\"@type\":\"EntryPoint\",\"urlTemplate\":\"https:\/\/recette.opsial.com\/?s={search_term_string}\"},\"query-input\":{\"@type\":\"PropertyValueSpecification\",\"valueRequired\":true,\"valueName\":\"search_term_string\"}}],\"inLanguage\":\"es\"}]}<\/script>\n<!-- \/ Yoast SEO plugin. -->","yoast_head_json":{"title":"HOME - Opsial","robots":{"index":"index","follow":"follow","max-snippet":"max-snippet:-1","max-image-preview":"max-image-preview:large","max-video-preview":"max-video-preview:-1"},"canonical":"https:\/\/recette.opsial.com\/es\/","og_locale":"es_ES","og_type":"article","og_title":"HOME - Opsial","og_url":"https:\/\/recette.opsial.com\/es\/","og_site_name":"Opsial","article_modified_time":"2023-11-07T07:55:44+00:00","twitter_card":"summary_large_image","schema":{"@context":"https:\/\/schema.org","@graph":[{"@type":"WebPage","@id":"https:\/\/recette.opsial.com\/es\/","url":"https:\/\/recette.opsial.com\/es\/","name":"HOME - Opsial","isPartOf":{"@id":"https:\/\/recette.opsial.com\/#website"},"datePublished":"2022-11-08T13:59:21+00:00","dateModified":"2023-11-07T07:55:44+00:00","breadcrumb":{"@id":"https:\/\/recette.opsial.com\/es\/#breadcrumb"},"inLanguage":"es","potentialAction":[{"@type":"ReadAction","target":["https:\/\/recette.opsial.com\/es\/"]}]},{"@type":"BreadcrumbList","@id":"https:\/\/recette.opsial.com\/es\/#breadcrumb","itemListElement":[{"@type":"ListItem","position":1,"name":"Accueil","item":"https:\/\/recette.opsial.com\/es\/"},{"@type":"ListItem","position":2,"name":"HOME"}]},{"@type":"WebSite","@id":"https:\/\/recette.opsial.com\/#website","url":"https:\/\/recette.opsial.com\/","name":"Opsial","description":"Opsial","potentialAction":[{"@type":"SearchAction","target":{"@type":"EntryPoint","urlTemplate":"https:\/\/recette.opsial.com\/?s={search_term_string}"},"query-input":{"@type":"PropertyValueSpecification","valueRequired":true,"valueName":"search_term_string"}}],"inLanguage":"es"}]}},"_links":{"self":[{"href":"https:\/\/recette.opsial.com\/es\/wp-json\/wp\/v2\/pages\/7376","targetHints":{"allow":["GET"]}}],"collection":[{"href":"https:\/\/recette.opsial.com\/es\/wp-json\/wp\/v2\/pages"}],"about":[{"href":"https:\/\/recette.opsial.com\/es\/wp-json\/wp\/v2\/types\/page"}],"author":[{"embeddable":true,"href":"https:\/\/recette.opsial.com\/es\/wp-json\/wp\/v2\/users\/1"}],"replies":[{"embeddable":true,"href":"https:\/\/recette.opsial.com\/es\/wp-json\/wp\/v2\/comments?post=7376"}],"version-history":[{"count":5,"href":"https:\/\/recette.opsial.com\/es\/wp-json\/wp\/v2\/pages\/7376\/revisions"}],"predecessor-version":[{"id":14246,"href":"https:\/\/recette.opsial.com\/es\/wp-json\/wp\/v2\/pages\/7376\/revisions\/14246"}],"wp:attachment":[{"href":"https:\/\/recette.opsial.com\/es\/wp-json\/wp\/v2\/media?parent=7376"}],"curies":[{"name":"wp","href":"https:\/\/api.w.org\/{rel}","templated":true}]}}