{"id":7448,"date":"2023-02-23T15:57:13","date_gmt":"2023-02-23T14:57:13","guid":{"rendered":"https:\/\/recette.opsial.com\/mentions-legales-de\/"},"modified":"2023-10-24T15:34:23","modified_gmt":"2023-10-24T13:34:23","slug":"rechtlicher-hinweis","status":"publish","type":"page","link":"https:\/\/recette.opsial.com\/de\/rechtlicher-hinweis\/","title":{"rendered":"RECHTLICHER HINWEIS"},"content":{"rendered":"\n<div class=\"container m5-paragraphe\">\n  <div class=\"row\">\n    <div class=\"col-lg-12 col-12\">\n        <h2 class=\"h2-title color-title\"><\/h2>\n      <div class=\"content-text d-flex flex-column justify-content-center\">\n        <div class=\"text color-text\"><h2>IDENTIFIKATION UND VER\u00d6FFENTLICHUNG<\/h2>\n<p>Diese Website wird ver\u00f6ffentlicht von: SOGEDESCA (Soci\u00e9t\u00e9 de Gestion des services communs du groupe DESCOURS &amp; CABAUD),<\/p>\n<p>Eine Aktiengesellschaft mit einem Kapital von 500.000 Euro<\/p>\n<p>Hauptsitz: 10 rue g\u00e9n\u00e9ral Plessier \u2013 69002 LYON<\/p>\n<p>SIREN-Nummer: 965 507 684 RCS LYON<\/p>\n<p>Individuelle Umsatzsteuer-Identifikationsnummer: FR 50 965 507 684<\/p>\n<p>Telefon: 04 72 40 85 85, E-Mail: com@descours-cabaud.net<\/p>\n<p>Der verantwortliche Herausgeber ist Herr Herv\u00e9 PATIN in seiner Funktion als Direktor der Ressourcen.<\/p>\n<p>&nbsp;<\/p>\n<h2>HOSTING<\/h2>\n<p>Die Website wird gehostet von: INFODESCA, SARL mit einem Kapital von 12.800 Euro<\/p>\n<p>Hauptsitz: 10 rue g\u00e9n\u00e9ral Plessier \u2013 69002 LYON<\/p>\n<p>SIREN-Nummer: 343 222 311 RCS LYON<\/p>\n<p>Telefon: 04 72 40 85 85, E-Mail: com@descours-cabaud.net<\/p>\n<p>&nbsp;<\/p>\n<h2> ZWECK DER WEBSITE<\/h2>\n<p>Der Zweck dieser Website besteht darin, Informationen \u00fcber das Produktsortiment und die Dienstleistungen von OPSIAL bereitzustellen.<\/p>\n<p>&nbsp;<\/p>\n<h2>ZUGANG ZUR WEBSITE<\/h2>\n<p>Der Zugang zur Website erfordert eine Internetverbindung mit ausreichender Bandbreite, um den gesamten Inhalt anzuzeigen.<\/p>\n<p>Die Website ist normalerweise rund um die Uhr, 7 Tage die Woche f\u00fcr Benutzer zug\u00e4nglich, au\u00dfer in F\u00e4llen von geplanten Wartungsarbeiten, h\u00f6herer Gewalt, Schwierigkeiten bei der Internetverbindung oder anderen technischen Problemen, f\u00fcr die wir nicht verantwortlich gemacht werden k\u00f6nnen.<\/p>\n<p>&nbsp;<\/p>\n<h2>GEISTIGES EIGENTUM<\/h2>\n<p>Die Darstellung und der Inhalt der Website stellen zusammen ein durch das Urheberrecht gesch\u00fctztes Werk dar, dessen Rechteinhaber wir sind. Jede vollst\u00e4ndige oder teilweise Vervielf\u00e4ltigung und\/oder Darstellung ohne unsere vorherige schriftliche Zustimmung kann eine Verletzung des Urheberrechts darstellen und zivil- und\/oder strafrechtliche Haftung f\u00fcr den Verursacher nach sich ziehen.<\/p>\n<p>Die Zeichnungen, Fotos, Bilder, Texte, animierten oder nicht animierten Sequenzen, Datenbanken, Software und andere Dokumentationen, die auf der Website dargestellt werden, unterliegen gewerblichen und\/oder geistigen Eigentumsrechten und sind entweder unser Eigentum oder das Eigentum von Dritten, die uns eine begrenzte Nutzungserlaubnis erteilt haben.<\/p>\n<p>Daher ist jede Vervielf\u00e4ltigung, Darstellung, Anpassung, \u00dcbersetzung und\/oder \u00c4nderung, ganz oder teilweise, oder die \u00dcbertragung auf eine andere Website untersagt.<\/p>\n<p>&nbsp;<\/p>\n<h2>HYPERLINKS<\/h2>\n<p>Unsere Website kann Hypertext-Links zu anderen Websites enthalten. Wir \u00fcbernehmen keine Verantwortung hinsichtlich einer anderen Website, auf die Sie \u00fcber unsere Website zugreifen k\u00f6nnen, und wir sind in keiner Weise f\u00fcr den Inhalt, den Betrieb und den Zugang zu diesen Websites verantwortlich.<\/p>\n<p>&nbsp;<\/p>\n<h2>PERSONENBEZOGENE DATEN UND COOKIES<\/h2>\n<p>Gem\u00e4\u00df der Verordnung (EU) 2016\/679 des Europ\u00e4ischen Parlaments und des Rates vom 27. April 2016 haben Sie das Recht auf Zugang, Berichtigung, L\u00f6schung und \u00dcbertragbarkeit der Sie betreffenden Informationen. Dar\u00fcber hinaus k\u00f6nnen Sie die Einschr\u00e4nkung der Verarbeitung Ihrer Daten verlangen oder der Verarbeitung widersprechen.<\/p>\n<p>In \u00dcbereinstimmung mit den geltenden Vorschriften und zum Schutz Ihrer personenbezogenen Daten hat SOGEDESCA einen Datenschutzbeauftragten ernannt. Sie k\u00f6nnen dieses Recht aus\u00fcben, indem Sie einen Brief an folgende Adresse senden: SOGEDESCA \u2013 Z.Hd. Datenschutzbeauftragter \u2013 10 Rue du G\u00e9n\u00e9ral Plessier \u2013 69002 LYON oder telefonisch unter 04 72 40 85 85 oder per E-Mail an dpo-fr@descours-cabaud.net.<\/p>\n<p>Um Informationen \u00fcber die Verwendung dieser Daten zu erhalten, k\u00f6nnen Sie das Impressum konsultieren oder Ihre Anfrage an die Adresse com@descours-cabaud.net senden.<\/p>\n<p>Sie k\u00f6nnen sich auch jederzeit von unseren Newslettern abmelden, indem Sie auf den in all unseren E-Mails bereitgestellten Link klicken.<\/p>\n<p>Schlie\u00dflich haben Sie das Recht, bei der zust\u00e4ndigen Aufsichtsbeh\u00f6rde Beschwerde einzulegen.<\/p>\n<p>Wir speichern Ihre personenbezogenen Daten und Bestelldaten f\u00fcr die Zeit, die zur Erreichung des Zwecks ihrer Verarbeitung und zur Einhaltung der gesetzlichen und regulatorischen Verpflichtungen des Handelsgesetzbuchs erforderlich ist.<\/p>\n<p>&nbsp;<\/p>\n<h2>HAFTUNGSBESCHR\u00c4NKUNG<\/h2>\n<p>Der Benutzer wird darauf hingewiesen, dass wir nicht f\u00fcr die Qualit\u00e4t, Verf\u00fcgbarkeit oder Zuverl\u00e4ssigkeit von Telekommunikationsnetzen jeglicher Art verantwortlich sind, wenn auf die Website zugegriffen wird.<\/p>\n<p>Es liegt in der Verantwortung des Benutzers, alle geeigneten Ma\u00dfnahmen zum Schutz seiner eigenen Daten, Software und Hardware vor Viren oder anderen Angriffsformen zu ergreifen, die \u00fcber das Internet oder die Website verbreitet werden k\u00f6nnen. Wir k\u00f6nnen in keinem Fall f\u00fcr diese Risiken und deren Folgen haftbar gemacht werden, die f\u00fcr den Benutzer sch\u00e4dlich sind, unabh\u00e4ngig von ihrem Ausma\u00df.<\/p>\n<p>Wir bem\u00fchen uns, auf der Website m\u00f6glichst genaue Informationen bereitzustellen. Wir k\u00f6nnen jedoch nicht f\u00fcr Auslassungen, Ungenauigkeiten und M\u00e4ngel in Aktualisierungen haftbar gemacht werden, unabh\u00e4ngig davon, ob sie von uns oder von Drittanbietern verursacht werden, die uns diese Informationen zur Verf\u00fcgung stellen.<\/p>\n<p>Wir behalten uns das Recht vor, den Inhalt der Website jederzeit und ohne vorherige Ank\u00fcndigung zu \u00e4ndern, alle oder einen Teil der Funktionen der Website jederzeit und ohne vorherige Ank\u00fcndigung zu unterbrechen oder auszusetzen. Wir k\u00f6nnen nicht f\u00fcr die Folgen dieser \u00c4nderungen und Unterbrechungen haftbar gemacht werden.<\/p>\n<p>Der Benutzer haftet uns und\/oder Dritten f\u00fcr jeglichen materiellen und\/oder immateriellen, direkten und\/oder indirekten Schaden jeglicher Art, der durch den Benutzer und\/oder seine Bevollm\u00e4chtigten aufgrund der Nutzung der Website oder ihres Inhalts verursacht wird und diesen Nutzungsbedingungen nicht entspricht.<\/p>\n<p>&nbsp;<\/p>\n<h2>ANWENDBARES RECHT<\/h2>\n<p>Die Website und ihr Inhalt unterliegen den franz\u00f6sischen Vorschriften. Jeder Streit, der sich aus der Nutzung oder dem Besuch der Website ergibt, einschlie\u00dflich dieser Allgemeinen Nutzungsbedingungen und der Datenschutzerkl\u00e4rung, unterliegt der ausschlie\u00dflichen Zust\u00e4ndigkeit der Gerichte von Lyon.<\/p>\n<p>&nbsp;<\/p>\n<p>Letzte Aktualisierung:<br \/>\n11\/05\/2023<\/p>\n<\/div>\n\n\n        \n      <\/div>\n    <\/div>\n  <\/div>\n<\/div>\n\n<div class=\"m9-slogan bg-site bg-1\">\n  <div class=\"slogan\">\n    <div class=\"marquee\">\n      <div class=\"marquee__inner\" aria-hidden=\"true\">\n        <span>Your safety, your performance &#8211;<\/span>\n        <span>Your safety, your performance &#8211;<\/span>\n        <span>Your safety, your performance &#8211;<\/span>\n      <\/div>\n    <\/div>\n\n    <div class=\"marquee\">\n      <div class=\"marquee__inner left\" aria-hidden=\"true\">\n        <span>Your safety, your performance &#8211;<\/span>\n        <span>Your safety, your performance &#8211;<\/span>\n        <span>Your safety, your performance &#8211;<\/span>\n      <\/div>\n    <\/div>\n  <\/div>\n<\/div>","protected":false},"excerpt":{"rendered":"","protected":false},"author":1,"featured_media":0,"parent":0,"menu_order":0,"comment_status":"closed","ping_status":"closed","template":"","meta":{"_acf_changed":false,"footnotes":""},"class_list":["post-7448","page","type-page","status-publish","hentry"],"acf":[],"yoast_head":"<!-- This site is optimized with the Yoast SEO plugin v26.6 - https:\/\/yoast.com\/wordpress\/plugins\/seo\/ -->\n<title>RECHTLICHER HINWEIS - Opsial<\/title>\n<meta name=\"robots\" content=\"index, follow, max-snippet:-1, max-image-preview:large, max-video-preview:-1\" \/>\n<link rel=\"canonical\" href=\"https:\/\/recette.opsial.com\/de\/rechtlicher-hinweis\/\" \/>\n<meta property=\"og:locale\" content=\"de_DE\" \/>\n<meta property=\"og:type\" content=\"article\" \/>\n<meta property=\"og:title\" content=\"RECHTLICHER HINWEIS - Opsial\" \/>\n<meta property=\"og:url\" content=\"https:\/\/recette.opsial.com\/de\/rechtlicher-hinweis\/\" \/>\n<meta property=\"og:site_name\" content=\"Opsial\" \/>\n<meta property=\"article:modified_time\" content=\"2023-10-24T13:34:23+00:00\" \/>\n<meta name=\"twitter:card\" content=\"summary_large_image\" \/>\n<script type=\"application\/ld+json\" class=\"yoast-schema-graph\">{\"@context\":\"https:\/\/schema.org\",\"@graph\":[{\"@type\":\"WebPage\",\"@id\":\"https:\/\/recette.opsial.com\/de\/rechtlicher-hinweis\/\",\"url\":\"https:\/\/recette.opsial.com\/de\/rechtlicher-hinweis\/\",\"name\":\"RECHTLICHER HINWEIS - Opsial\",\"isPartOf\":{\"@id\":\"https:\/\/recette.opsial.com\/#website\"},\"datePublished\":\"2023-02-23T14:57:13+00:00\",\"dateModified\":\"2023-10-24T13:34:23+00:00\",\"breadcrumb\":{\"@id\":\"https:\/\/recette.opsial.com\/de\/rechtlicher-hinweis\/#breadcrumb\"},\"inLanguage\":\"de\",\"potentialAction\":[{\"@type\":\"ReadAction\",\"target\":[\"https:\/\/recette.opsial.com\/de\/rechtlicher-hinweis\/\"]}]},{\"@type\":\"BreadcrumbList\",\"@id\":\"https:\/\/recette.opsial.com\/de\/rechtlicher-hinweis\/#breadcrumb\",\"itemListElement\":[{\"@type\":\"ListItem\",\"position\":1,\"name\":\"Accueil\",\"item\":\"https:\/\/recette.opsial.com\/de\/\"},{\"@type\":\"ListItem\",\"position\":2,\"name\":\"RECHTLICHER HINWEIS\"}]},{\"@type\":\"WebSite\",\"@id\":\"https:\/\/recette.opsial.com\/#website\",\"url\":\"https:\/\/recette.opsial.com\/\",\"name\":\"Opsial\",\"description\":\"Opsial\",\"potentialAction\":[{\"@type\":\"SearchAction\",\"target\":{\"@type\":\"EntryPoint\",\"urlTemplate\":\"https:\/\/recette.opsial.com\/?s={search_term_string}\"},\"query-input\":{\"@type\":\"PropertyValueSpecification\",\"valueRequired\":true,\"valueName\":\"search_term_string\"}}],\"inLanguage\":\"de\"}]}<\/script>\n<!-- \/ Yoast SEO plugin. -->","yoast_head_json":{"title":"RECHTLICHER HINWEIS - Opsial","robots":{"index":"index","follow":"follow","max-snippet":"max-snippet:-1","max-image-preview":"max-image-preview:large","max-video-preview":"max-video-preview:-1"},"canonical":"https:\/\/recette.opsial.com\/de\/rechtlicher-hinweis\/","og_locale":"de_DE","og_type":"article","og_title":"RECHTLICHER HINWEIS - Opsial","og_url":"https:\/\/recette.opsial.com\/de\/rechtlicher-hinweis\/","og_site_name":"Opsial","article_modified_time":"2023-10-24T13:34:23+00:00","twitter_card":"summary_large_image","schema":{"@context":"https:\/\/schema.org","@graph":[{"@type":"WebPage","@id":"https:\/\/recette.opsial.com\/de\/rechtlicher-hinweis\/","url":"https:\/\/recette.opsial.com\/de\/rechtlicher-hinweis\/","name":"RECHTLICHER HINWEIS - Opsial","isPartOf":{"@id":"https:\/\/recette.opsial.com\/#website"},"datePublished":"2023-02-23T14:57:13+00:00","dateModified":"2023-10-24T13:34:23+00:00","breadcrumb":{"@id":"https:\/\/recette.opsial.com\/de\/rechtlicher-hinweis\/#breadcrumb"},"inLanguage":"de","potentialAction":[{"@type":"ReadAction","target":["https:\/\/recette.opsial.com\/de\/rechtlicher-hinweis\/"]}]},{"@type":"BreadcrumbList","@id":"https:\/\/recette.opsial.com\/de\/rechtlicher-hinweis\/#breadcrumb","itemListElement":[{"@type":"ListItem","position":1,"name":"Accueil","item":"https:\/\/recette.opsial.com\/de\/"},{"@type":"ListItem","position":2,"name":"RECHTLICHER HINWEIS"}]},{"@type":"WebSite","@id":"https:\/\/recette.opsial.com\/#website","url":"https:\/\/recette.opsial.com\/","name":"Opsial","description":"Opsial","potentialAction":[{"@type":"SearchAction","target":{"@type":"EntryPoint","urlTemplate":"https:\/\/recette.opsial.com\/?s={search_term_string}"},"query-input":{"@type":"PropertyValueSpecification","valueRequired":true,"valueName":"search_term_string"}}],"inLanguage":"de"}]}},"_links":{"self":[{"href":"https:\/\/recette.opsial.com\/de\/wp-json\/wp\/v2\/pages\/7448","targetHints":{"allow":["GET"]}}],"collection":[{"href":"https:\/\/recette.opsial.com\/de\/wp-json\/wp\/v2\/pages"}],"about":[{"href":"https:\/\/recette.opsial.com\/de\/wp-json\/wp\/v2\/types\/page"}],"author":[{"embeddable":true,"href":"https:\/\/recette.opsial.com\/de\/wp-json\/wp\/v2\/users\/1"}],"replies":[{"embeddable":true,"href":"https:\/\/recette.opsial.com\/de\/wp-json\/wp\/v2\/comments?post=7448"}],"version-history":[{"count":5,"href":"https:\/\/recette.opsial.com\/de\/wp-json\/wp\/v2\/pages\/7448\/revisions"}],"predecessor-version":[{"id":13968,"href":"https:\/\/recette.opsial.com\/de\/wp-json\/wp\/v2\/pages\/7448\/revisions\/13968"}],"wp:attachment":[{"href":"https:\/\/recette.opsial.com\/de\/wp-json\/wp\/v2\/media?parent=7448"}],"curies":[{"name":"wp","href":"https:\/\/api.w.org\/{rel}","templated":true}]}}