{"id":7436,"date":"2022-11-08T14:50:42","date_gmt":"2022-11-08T13:50:42","guid":{"rendered":"https:\/\/recette.opsial.com\/la-marque-opsial-de\/"},"modified":"2023-10-24T15:34:07","modified_gmt":"2023-10-24T13:34:07","slug":"die-marke","status":"publish","type":"page","link":"https:\/\/recette.opsial.com\/de\/die-marke\/","title":{"rendered":"DIE MARKE"},"content":{"rendered":"\n<div class=\"container m5-paragraphe\">\n  <div class=\"row\">\n    <div class=\"col-lg-12 col-12\">\n        <h2 class=\"h2-title color-title\">Unsere Mission: Sie zu sch\u00fctzen<\/h2>\n      <div class=\"content-text d-flex flex-column justify-content-center\">\n        <div class=\"text color-text\"><p>Seit \u00fcber 20 Jahren unterst\u00fctzt OPSIAL Fachleute mit einer <strong>kompletten Palette an pers\u00f6nlicher Schutzausr\u00fcstung (PSA), die Technik, Komfort und Stil kombiniert.<\/strong><\/p>\n<p>Weil wir Sie perfekt kennen, haben wir Produkte entwickelt, die ganz auf Ihre Bed\u00fcrfnisse zugeschnitten sind, unabh\u00e4ngig von Ihrer Arbeitsumgebung: Industrie, Bauwesen, Tiefbau, Logistik, Dienstleistungen, Energie&#8230;<\/p>\n<\/div>\n\n\n        \n      <\/div>\n    <\/div>\n  <\/div>\n<\/div>\n\n<div class=\"m7-indicateurs bg-site d-flex align-items-center bg-m7-1\">\n\n  <div class=\"container\">\n    <div class=\"slider-variable\" data-number=\"4\">\n              <div class=\"item-produit\">\n          <div class=\"square d-flex justify-content-center align-items-center pos-rel\">\n            <img class=\"img-fluid\"src=\"https:\/\/recette.opsial.com\/wp-content\/uploads\/sites\/2\/2023\/05\/Pictos_page_Marque_OPSIAL_01.png\" alt=\"\" height=\"166\">\n          <\/div>\n          \n          <h3 class=\"sous-titre font-title\">Produktentwicklung in Frankreich<\/h3>\n        <\/div>\n\n              <div class=\"item-produit\">\n          <div class=\"square d-flex justify-content-center align-items-center pos-rel\">\n            <img class=\"img-fluid\"src=\"https:\/\/recette.opsial.com\/wp-content\/uploads\/sites\/2\/2023\/05\/Pictos_page_Marque_OPSIAL_02.png\" alt=\"\" height=\"166\">\n          <\/div>\n          \n          <h3 class=\"sous-titre font-title\">Strikte Auswahl der Rohstoffe<\/h3>\n        <\/div>\n\n              <div class=\"item-produit\">\n          <div class=\"square d-flex justify-content-center align-items-center pos-rel\">\n            <img class=\"img-fluid\"src=\"https:\/\/recette.opsial.com\/wp-content\/uploads\/sites\/2\/2023\/05\/Pictos_page_Marque_OPSIAL_103x117px-03-2.png\" alt=\"\" height=\"166\">\n          <\/div>\n          \n          <h3 class=\"sous-titre font-title\">Verbesserte Qualit\u00e4tskontrollen<\/h3>\n        <\/div>\n\n              <div class=\"item-produit\">\n          <div class=\"square d-flex justify-content-center align-items-center pos-rel\">\n            <img class=\"img-fluid\"src=\"https:\/\/recette.opsial.com\/wp-content\/uploads\/sites\/2\/2023\/05\/essai_Plan-de-travail-1-2.png\" alt=\"\" height=\"166\">\n          <\/div>\n          \n          <h3 class=\"sous-titre font-title\">Opsial Greener Together<\/h3>\n        <\/div>\n\n      \n\n    <\/div>\n\t<\/div>\n\n  \n    \n<\/div>\n\n  \n\n<div class=\"hp-video-fullwidth\" data-id=\"-TwHVWxq09c\" data-type=\"youtube\">\n  <div class=\"container bg-image w-100 pos-rel\" style=\"background-image: linear-gradient(#00000080, #00000080), url('https:\/\/recette.opsial.com\/wp-content\/uploads\/sites\/2\/2022\/11\/decouvrez_la_marque-1.png');\">\n    <h2 class=\"title-video pos-abs color-white font-title\">Entdecken Sie die Opsial-Marke in 1 Minute <\/h2>\n    <img loading=\"lazy\" decoding=\"async\" class=\"mobil-play\" src=\"https:\/\/recette.opsial.com\/wp-content\/themes\/xhander_uas\/dist\/images\/player.png\"  alt=\"play\" width=\"100\" height=\"100\">\n    <div class=\"embed-container pos-rel\">\n      <div class=\"videoContainer\"><\/div>\n    <\/div>\n  <\/div>\n<\/div>\n\n<div class=\"m6-points-cles\">\n  <div class=\"row m-0 p-0\">\n    <div class=\"col-lg-6 col-12 p-0 col-text order-lg-first order-first\">\n      <div class=\"content-text d-flex flex-column justify-content-center\">\n        <h2 class=\"h2-title color-title\">Drei Werte treiben uns t\u00e4glich an<\/h2>\n\n                              <h3 class=\"mot-cle border-b font-headings color-text\">EXZELLENZ<\/h3>\n                                        <h3 class=\"mot-cle border-b font-headings color-text\">LEIDENSCHAFT<\/h3>\n                                        <h3 class=\"mot-cle font-headings color-text\">VERTRAUEN<\/h3>\n                  \n      <\/div>\n    <\/div>\n\n              \n    \n    <div class=\"col-lg-6 col-12 p-0 col-img order-lg-last order-last\">\n      <img decoding=\"async\" class=\"img\" src=\"https:\/\/recette.opsial.com\/wp-content\/uploads\/sites\/2\/2023\/03\/JEROME_FIEVET_OPSIAL_DAY3_13720_960x960px.png\" alt=\"\" width=\"960\">\n    <\/div>\n  <\/div>\n<\/div>\n\n<div class=\"m10-text-image2\">\n  <div class=\"container\">\n    <h2 class=\"h2-title color-title\">Unsere Verpflichtungen gegen\u00fcber unseren Kunden<\/h2>\n    \n        <div class=\"row row-bloc\">\n      <div class=\"col-lg-6 col-12 col-text order-lg-last order-first\">\n        <div class=\"content-text d-flex flex-column justify-content-center\">\n          <h3 class=\"h3-title color-title\"><\/h3>\n          <div class=\"text color-text\"><p><strong>F\u00fcr OPSIAL ist Schutz mehr als eine Anforderung: Es ist eine Verpflichtung.<\/strong><\/p>\n<ul>\n<li>Entwicklung hochwertiger Produkte: einen Unterschied machen und gleichzeitig erschwinglich bleiben<\/li>\n<li>N\u00e4he zum Kunden, um das 100% passende Produkt zu finden<\/li>\n<li>Fortlaufende Erweiterung der Grenzen durch innovative Angebote und Verbesserungen<\/li>\n<\/ul>\n<\/div>\n          \n        <\/div>\n      <\/div>\n\n                          \n      <div class=\"col-lg-6 col-12 col-img order-lg-first order-last\">\n                <img decoding=\"async\" class=\"img-fluid\" src=\"https:\/\/recette.opsial.com\/wp-content\/uploads\/sites\/2\/2022\/11\/VISUEL-LOGISTIQUE-1.png\" alt=\"\">\n              <\/div>\n    <\/div>\n    <\/div>\n<\/div>\n\n\n<div class=\"container m5-paragraphe\">\n  <div class=\"row\">\n    <div class=\"col-lg-12 col-12\">\n        <h2 class=\"h2-title color-title\">Ein breites Sortiment, um allen Bed\u00fcrfnissen gerecht zu werden<\/h2>\n      <div class=\"content-text d-flex flex-column justify-content-center\">\n        <div class=\"text color-text\"><p>Sch\u00fctzen Sie sich von Kopf bis Fu\u00df mit zuverl\u00e4ssigen, langlebigen und komfortablen Produkten. Wir sind bestrebt, Ihnen hochwertige Produkte anzubieten, die Ihren Bed\u00fcrfnissen und Anforderungen perfekt entsprechen. Entdecken Sie eine breite Palette an PSA, die derzeit \u00fcber 250.000 Fachleute in Frankreich und im Ausland ausstattet.<\/p>\n<\/div>\n\n\n        \n      <\/div>\n    <\/div>\n  <\/div>\n<\/div>\n\n<div class=\"m11-image-fullscreen\">\n    <div>\n      <img decoding=\"async\" src=\"https:\/\/recette.opsial.com\/wp-content\/uploads\/sites\/2\/2023\/03\/Bandeau_Marque_V2_1934x661px.jpg\" alt=\"\"\/>\n    <\/div>\n<\/div>\n\n<div class=\"m9-slogan bg-site bg-1\">\n  <div class=\"slogan\">\n    <div class=\"marquee\">\n      <div class=\"marquee__inner\" aria-hidden=\"true\">\n        <span>Your safety, your performance &#8211;<\/span>\n        <span>Your safety, your performance &#8211;<\/span>\n        <span>Your safety, your performance &#8211;<\/span>\n      <\/div>\n    <\/div>\n\n    <div class=\"marquee\">\n      <div class=\"marquee__inner left\" aria-hidden=\"true\">\n        <span>Your safety, your performance &#8211;<\/span>\n        <span>Your safety, your performance &#8211;<\/span>\n        <span>Your safety, your performance &#8211;<\/span>\n      <\/div>\n    <\/div>\n  <\/div>\n<\/div>","protected":false},"excerpt":{"rendered":"","protected":false},"author":1,"featured_media":4971,"parent":0,"menu_order":0,"comment_status":"closed","ping_status":"closed","template":"","meta":{"_acf_changed":false,"footnotes":""},"class_list":["post-7436","page","type-page","status-publish","has-post-thumbnail","hentry"],"acf":[],"yoast_head":"<!-- This site is optimized with the Yoast SEO plugin v26.6 - https:\/\/yoast.com\/wordpress\/plugins\/seo\/ -->\n<title>DIE MARKE - Opsial<\/title>\n<meta name=\"robots\" content=\"index, follow, max-snippet:-1, max-image-preview:large, max-video-preview:-1\" \/>\n<link rel=\"canonical\" href=\"https:\/\/recette.opsial.com\/marque\/\" \/>\n<meta property=\"og:locale\" content=\"de_DE\" \/>\n<meta property=\"og:type\" content=\"article\" \/>\n<meta property=\"og:title\" content=\"DIE MARKE - Opsial\" \/>\n<meta property=\"og:url\" content=\"https:\/\/recette.opsial.com\/marque\/\" \/>\n<meta property=\"og:site_name\" content=\"Opsial\" \/>\n<meta property=\"article:modified_time\" content=\"2023-10-24T13:34:07+00:00\" \/>\n<meta property=\"og:image\" content=\"https:\/\/recette.opsial.com\/wp-content\/uploads\/sites\/2\/2023\/02\/OPSIAL_banniere_site.jpg\" \/>\n\t<meta property=\"og:image:width\" content=\"1920\" \/>\n\t<meta property=\"og:image:height\" content=\"660\" \/>\n\t<meta property=\"og:image:type\" content=\"image\/jpeg\" \/>\n<meta name=\"twitter:card\" content=\"summary_large_image\" \/>\n<script type=\"application\/ld+json\" class=\"yoast-schema-graph\">{\"@context\":\"https:\/\/schema.org\",\"@graph\":[{\"@type\":\"WebPage\",\"@id\":\"https:\/\/recette.opsial.com\/marque\/\",\"url\":\"https:\/\/recette.opsial.com\/marque\/\",\"name\":\"DIE MARKE - Opsial\",\"isPartOf\":{\"@id\":\"https:\/\/recette.opsial.com\/#website\"},\"primaryImageOfPage\":{\"@id\":\"https:\/\/recette.opsial.com\/marque\/#primaryimage\"},\"image\":{\"@id\":\"https:\/\/recette.opsial.com\/marque\/#primaryimage\"},\"thumbnailUrl\":\"https:\/\/recette.opsial.com\/wp-content\/uploads\/sites\/2\/2023\/02\/OPSIAL_banniere_site.jpg\",\"datePublished\":\"2022-11-08T13:50:42+00:00\",\"dateModified\":\"2023-10-24T13:34:07+00:00\",\"breadcrumb\":{\"@id\":\"https:\/\/recette.opsial.com\/marque\/#breadcrumb\"},\"inLanguage\":\"de\",\"potentialAction\":[{\"@type\":\"ReadAction\",\"target\":[\"https:\/\/recette.opsial.com\/marque\/\"]}]},{\"@type\":\"ImageObject\",\"inLanguage\":\"de\",\"@id\":\"https:\/\/recette.opsial.com\/marque\/#primaryimage\",\"url\":\"https:\/\/recette.opsial.com\/wp-content\/uploads\/sites\/2\/2023\/02\/OPSIAL_banniere_site.jpg\",\"contentUrl\":\"https:\/\/recette.opsial.com\/wp-content\/uploads\/sites\/2\/2023\/02\/OPSIAL_banniere_site.jpg\",\"width\":1920,\"height\":660},{\"@type\":\"BreadcrumbList\",\"@id\":\"https:\/\/recette.opsial.com\/marque\/#breadcrumb\",\"itemListElement\":[{\"@type\":\"ListItem\",\"position\":1,\"name\":\"Accueil\",\"item\":\"https:\/\/recette.opsial.com\/de\/\"},{\"@type\":\"ListItem\",\"position\":2,\"name\":\"DIE MARKE\"}]},{\"@type\":\"WebSite\",\"@id\":\"https:\/\/recette.opsial.com\/#website\",\"url\":\"https:\/\/recette.opsial.com\/\",\"name\":\"Opsial\",\"description\":\"Opsial\",\"potentialAction\":[{\"@type\":\"SearchAction\",\"target\":{\"@type\":\"EntryPoint\",\"urlTemplate\":\"https:\/\/recette.opsial.com\/?s={search_term_string}\"},\"query-input\":{\"@type\":\"PropertyValueSpecification\",\"valueRequired\":true,\"valueName\":\"search_term_string\"}}],\"inLanguage\":\"de\"}]}<\/script>\n<!-- \/ Yoast SEO plugin. -->","yoast_head_json":{"title":"DIE MARKE - Opsial","robots":{"index":"index","follow":"follow","max-snippet":"max-snippet:-1","max-image-preview":"max-image-preview:large","max-video-preview":"max-video-preview:-1"},"canonical":"https:\/\/recette.opsial.com\/marque\/","og_locale":"de_DE","og_type":"article","og_title":"DIE MARKE - Opsial","og_url":"https:\/\/recette.opsial.com\/marque\/","og_site_name":"Opsial","article_modified_time":"2023-10-24T13:34:07+00:00","og_image":[{"width":1920,"height":660,"url":"https:\/\/recette.opsial.com\/wp-content\/uploads\/sites\/2\/2023\/02\/OPSIAL_banniere_site.jpg","type":"image\/jpeg"}],"twitter_card":"summary_large_image","schema":{"@context":"https:\/\/schema.org","@graph":[{"@type":"WebPage","@id":"https:\/\/recette.opsial.com\/marque\/","url":"https:\/\/recette.opsial.com\/marque\/","name":"DIE MARKE - Opsial","isPartOf":{"@id":"https:\/\/recette.opsial.com\/#website"},"primaryImageOfPage":{"@id":"https:\/\/recette.opsial.com\/marque\/#primaryimage"},"image":{"@id":"https:\/\/recette.opsial.com\/marque\/#primaryimage"},"thumbnailUrl":"https:\/\/recette.opsial.com\/wp-content\/uploads\/sites\/2\/2023\/02\/OPSIAL_banniere_site.jpg","datePublished":"2022-11-08T13:50:42+00:00","dateModified":"2023-10-24T13:34:07+00:00","breadcrumb":{"@id":"https:\/\/recette.opsial.com\/marque\/#breadcrumb"},"inLanguage":"de","potentialAction":[{"@type":"ReadAction","target":["https:\/\/recette.opsial.com\/marque\/"]}]},{"@type":"ImageObject","inLanguage":"de","@id":"https:\/\/recette.opsial.com\/marque\/#primaryimage","url":"https:\/\/recette.opsial.com\/wp-content\/uploads\/sites\/2\/2023\/02\/OPSIAL_banniere_site.jpg","contentUrl":"https:\/\/recette.opsial.com\/wp-content\/uploads\/sites\/2\/2023\/02\/OPSIAL_banniere_site.jpg","width":1920,"height":660},{"@type":"BreadcrumbList","@id":"https:\/\/recette.opsial.com\/marque\/#breadcrumb","itemListElement":[{"@type":"ListItem","position":1,"name":"Accueil","item":"https:\/\/recette.opsial.com\/de\/"},{"@type":"ListItem","position":2,"name":"DIE MARKE"}]},{"@type":"WebSite","@id":"https:\/\/recette.opsial.com\/#website","url":"https:\/\/recette.opsial.com\/","name":"Opsial","description":"Opsial","potentialAction":[{"@type":"SearchAction","target":{"@type":"EntryPoint","urlTemplate":"https:\/\/recette.opsial.com\/?s={search_term_string}"},"query-input":{"@type":"PropertyValueSpecification","valueRequired":true,"valueName":"search_term_string"}}],"inLanguage":"de"}]}},"_links":{"self":[{"href":"https:\/\/recette.opsial.com\/de\/wp-json\/wp\/v2\/pages\/7436","targetHints":{"allow":["GET"]}}],"collection":[{"href":"https:\/\/recette.opsial.com\/de\/wp-json\/wp\/v2\/pages"}],"about":[{"href":"https:\/\/recette.opsial.com\/de\/wp-json\/wp\/v2\/types\/page"}],"author":[{"embeddable":true,"href":"https:\/\/recette.opsial.com\/de\/wp-json\/wp\/v2\/users\/1"}],"replies":[{"embeddable":true,"href":"https:\/\/recette.opsial.com\/de\/wp-json\/wp\/v2\/comments?post=7436"}],"version-history":[{"count":5,"href":"https:\/\/recette.opsial.com\/de\/wp-json\/wp\/v2\/pages\/7436\/revisions"}],"predecessor-version":[{"id":13966,"href":"https:\/\/recette.opsial.com\/de\/wp-json\/wp\/v2\/pages\/7436\/revisions\/13966"}],"wp:featuredmedia":[{"embeddable":true,"href":"https:\/\/recette.opsial.com\/de\/wp-json\/wp\/v2\/media\/4971"}],"wp:attachment":[{"href":"https:\/\/recette.opsial.com\/de\/wp-json\/wp\/v2\/media?parent=7436"}],"curies":[{"name":"wp","href":"https:\/\/api.w.org\/{rel}","templated":true}]}}