{"id":7407,"date":"2022-11-08T14:51:35","date_gmt":"2022-11-08T13:51:35","guid":{"rendered":"https:\/\/recette.opsial.com\/distributeurs-partenaires-de\/"},"modified":"2023-09-18T11:39:15","modified_gmt":"2023-09-18T09:39:15","slug":"vertriebspartner","status":"publish","type":"page","link":"https:\/\/recette.opsial.com\/de\/vertriebspartner\/","title":{"rendered":"VERTRIEBSPARTNER"},"content":{"rendered":"\n<div class=\"container m5-paragraphe\">\n  <div class=\"row\">\n    <div class=\"col-lg-12 col-12\">\n        <h2 class=\"h2-title color-title\"><\/h2>\n      <div class=\"content-text d-flex flex-column justify-content-center\">\n        <div class=\"text color-text\"><p>Die OPSIAL-Marke wird weltweit \u00fcber ein Netzwerk von 730 lokalen Einzelhandelsgesch\u00e4ften in 16 L\u00e4ndern weit verbreitet vertrieben.<\/p>\n<p>Finden Sie hier alle unsere Vertriebspartner.<\/p>\n<\/div>\n\n\n        \n      <\/div>\n    <\/div>\n  <\/div>\n<\/div>\n\n<div class=\"m14-carte-interactive\">\n\t<form id=\"carteinteractive\" action=\"#\" method=\"GET\">\n    <div class=\"container\">\n      <div class=\"row\">\n        <h2 class=\"h2-title color-title\">W\u00e4hlen Sie eine Region und ein Land aus<\/h2>\n        <div class=\"col-12 col-lg-12\">\n          <div class=\"content-map d-flex flex-column justify-content-center\">\n            <div class=\"row\">\n              <div class=\"col-12 col-lg-custom-45\">\n                                  <select name=\"continents\" id=\"continentlist\" class=\"selectric\">\n                      <option value=\"\">Kontinent<\/option>\n                                              <option value=\"afrika-de\" >Afrika<\/option>\n                                              <option value=\"amerika-de\" >Amerika<\/option>\n                                              <option value=\"europa-de\" selected=\"selected\">Europa<\/option>\n                                        <\/select>\n                              <\/div>\n              <div class=\"col-12 col-lg-custom-10\"><\/div>\n              <div class=\"col-12 col-lg-custom-45\">\n                <select name=\"pays\" id=\"payslist\" class=\"selectric\">\n                    <option value=\"\">Land<\/option>\n                                    <\/select>\n              <\/div>\n            <\/div>\n          <\/div>\n        <\/div>\n      <\/div>\n    <\/div>\n    <div id=\"mapInfos\">\n      <div class=\"content-map-infos\">\n        <div class=\"container container-map\">\n          <div class=\"row\">\n                      <\/div>\n        <\/div>\n              <\/div>\n    <\/div>\n  <\/form>\n<\/div>\n\n<div class=\"m9-slogan bg-site bg-1\">\n  <div class=\"slogan\">\n    <div class=\"marquee\">\n      <div class=\"marquee__inner\" aria-hidden=\"true\">\n        <span>Your safety, your performance &#8211;<\/span>\n        <span>Your safety, your performance &#8211;<\/span>\n        <span>Your safety, your performance &#8211;<\/span>\n      <\/div>\n    <\/div>\n\n    <div class=\"marquee\">\n      <div class=\"marquee__inner left\" aria-hidden=\"true\">\n        <span>Your safety, your performance &#8211;<\/span>\n        <span>Your safety, your performance &#8211;<\/span>\n        <span>Your safety, your performance &#8211;<\/span>\n      <\/div>\n    <\/div>\n  <\/div>\n<\/div>","protected":false},"excerpt":{"rendered":"","protected":false},"author":1,"featured_media":5813,"parent":0,"menu_order":0,"comment_status":"closed","ping_status":"closed","template":"","meta":{"_acf_changed":false,"footnotes":""},"class_list":["post-7407","page","type-page","status-publish","has-post-thumbnail","hentry"],"acf":[],"yoast_head":"<!-- This site is optimized with the Yoast SEO plugin v26.6 - https:\/\/yoast.com\/wordpress\/plugins\/seo\/ -->\n<title>VERTRIEBSPARTNER - Opsial<\/title>\n<meta name=\"robots\" content=\"index, follow, max-snippet:-1, max-image-preview:large, max-video-preview:-1\" \/>\n<link rel=\"canonical\" href=\"https:\/\/recette.opsial.com\/distributeurs-partenaires\/\" \/>\n<meta property=\"og:locale\" content=\"de_DE\" \/>\n<meta property=\"og:type\" content=\"article\" \/>\n<meta property=\"og:title\" content=\"VERTRIEBSPARTNER - Opsial\" \/>\n<meta property=\"og:url\" content=\"https:\/\/recette.opsial.com\/distributeurs-partenaires\/\" \/>\n<meta property=\"og:site_name\" content=\"Opsial\" \/>\n<meta property=\"article:modified_time\" content=\"2023-09-18T09:39:15+00:00\" \/>\n<meta property=\"og:image\" content=\"https:\/\/recette.opsial.com\/wp-content\/uploads\/sites\/2\/2023\/03\/MicrosoftTeams-image-3.png\" \/>\n\t<meta property=\"og:image:width\" content=\"1934\" \/>\n\t<meta property=\"og:image:height\" content=\"661\" \/>\n\t<meta property=\"og:image:type\" content=\"image\/png\" \/>\n<meta name=\"twitter:card\" content=\"summary_large_image\" \/>\n<script type=\"application\/ld+json\" class=\"yoast-schema-graph\">{\"@context\":\"https:\/\/schema.org\",\"@graph\":[{\"@type\":\"WebPage\",\"@id\":\"https:\/\/recette.opsial.com\/distributeurs-partenaires\/\",\"url\":\"https:\/\/recette.opsial.com\/distributeurs-partenaires\/\",\"name\":\"VERTRIEBSPARTNER - Opsial\",\"isPartOf\":{\"@id\":\"https:\/\/recette.opsial.com\/#website\"},\"primaryImageOfPage\":{\"@id\":\"https:\/\/recette.opsial.com\/distributeurs-partenaires\/#primaryimage\"},\"image\":{\"@id\":\"https:\/\/recette.opsial.com\/distributeurs-partenaires\/#primaryimage\"},\"thumbnailUrl\":\"https:\/\/recette.opsial.com\/wp-content\/uploads\/sites\/2\/2023\/03\/MicrosoftTeams-image-3.png\",\"datePublished\":\"2022-11-08T13:51:35+00:00\",\"dateModified\":\"2023-09-18T09:39:15+00:00\",\"breadcrumb\":{\"@id\":\"https:\/\/recette.opsial.com\/distributeurs-partenaires\/#breadcrumb\"},\"inLanguage\":\"de\",\"potentialAction\":[{\"@type\":\"ReadAction\",\"target\":[\"https:\/\/recette.opsial.com\/distributeurs-partenaires\/\"]}]},{\"@type\":\"ImageObject\",\"inLanguage\":\"de\",\"@id\":\"https:\/\/recette.opsial.com\/distributeurs-partenaires\/#primaryimage\",\"url\":\"https:\/\/recette.opsial.com\/wp-content\/uploads\/sites\/2\/2023\/03\/MicrosoftTeams-image-3.png\",\"contentUrl\":\"https:\/\/recette.opsial.com\/wp-content\/uploads\/sites\/2\/2023\/03\/MicrosoftTeams-image-3.png\",\"width\":1934,\"height\":661},{\"@type\":\"BreadcrumbList\",\"@id\":\"https:\/\/recette.opsial.com\/distributeurs-partenaires\/#breadcrumb\",\"itemListElement\":[{\"@type\":\"ListItem\",\"position\":1,\"name\":\"Accueil\",\"item\":\"https:\/\/recette.opsial.com\/de\/\"},{\"@type\":\"ListItem\",\"position\":2,\"name\":\"VERTRIEBSPARTNER\"}]},{\"@type\":\"WebSite\",\"@id\":\"https:\/\/recette.opsial.com\/#website\",\"url\":\"https:\/\/recette.opsial.com\/\",\"name\":\"Opsial\",\"description\":\"Opsial\",\"potentialAction\":[{\"@type\":\"SearchAction\",\"target\":{\"@type\":\"EntryPoint\",\"urlTemplate\":\"https:\/\/recette.opsial.com\/?s={search_term_string}\"},\"query-input\":{\"@type\":\"PropertyValueSpecification\",\"valueRequired\":true,\"valueName\":\"search_term_string\"}}],\"inLanguage\":\"de\"}]}<\/script>\n<!-- \/ Yoast SEO plugin. -->","yoast_head_json":{"title":"VERTRIEBSPARTNER - Opsial","robots":{"index":"index","follow":"follow","max-snippet":"max-snippet:-1","max-image-preview":"max-image-preview:large","max-video-preview":"max-video-preview:-1"},"canonical":"https:\/\/recette.opsial.com\/distributeurs-partenaires\/","og_locale":"de_DE","og_type":"article","og_title":"VERTRIEBSPARTNER - Opsial","og_url":"https:\/\/recette.opsial.com\/distributeurs-partenaires\/","og_site_name":"Opsial","article_modified_time":"2023-09-18T09:39:15+00:00","og_image":[{"width":1934,"height":661,"url":"https:\/\/recette.opsial.com\/wp-content\/uploads\/sites\/2\/2023\/03\/MicrosoftTeams-image-3.png","type":"image\/png"}],"twitter_card":"summary_large_image","schema":{"@context":"https:\/\/schema.org","@graph":[{"@type":"WebPage","@id":"https:\/\/recette.opsial.com\/distributeurs-partenaires\/","url":"https:\/\/recette.opsial.com\/distributeurs-partenaires\/","name":"VERTRIEBSPARTNER - Opsial","isPartOf":{"@id":"https:\/\/recette.opsial.com\/#website"},"primaryImageOfPage":{"@id":"https:\/\/recette.opsial.com\/distributeurs-partenaires\/#primaryimage"},"image":{"@id":"https:\/\/recette.opsial.com\/distributeurs-partenaires\/#primaryimage"},"thumbnailUrl":"https:\/\/recette.opsial.com\/wp-content\/uploads\/sites\/2\/2023\/03\/MicrosoftTeams-image-3.png","datePublished":"2022-11-08T13:51:35+00:00","dateModified":"2023-09-18T09:39:15+00:00","breadcrumb":{"@id":"https:\/\/recette.opsial.com\/distributeurs-partenaires\/#breadcrumb"},"inLanguage":"de","potentialAction":[{"@type":"ReadAction","target":["https:\/\/recette.opsial.com\/distributeurs-partenaires\/"]}]},{"@type":"ImageObject","inLanguage":"de","@id":"https:\/\/recette.opsial.com\/distributeurs-partenaires\/#primaryimage","url":"https:\/\/recette.opsial.com\/wp-content\/uploads\/sites\/2\/2023\/03\/MicrosoftTeams-image-3.png","contentUrl":"https:\/\/recette.opsial.com\/wp-content\/uploads\/sites\/2\/2023\/03\/MicrosoftTeams-image-3.png","width":1934,"height":661},{"@type":"BreadcrumbList","@id":"https:\/\/recette.opsial.com\/distributeurs-partenaires\/#breadcrumb","itemListElement":[{"@type":"ListItem","position":1,"name":"Accueil","item":"https:\/\/recette.opsial.com\/de\/"},{"@type":"ListItem","position":2,"name":"VERTRIEBSPARTNER"}]},{"@type":"WebSite","@id":"https:\/\/recette.opsial.com\/#website","url":"https:\/\/recette.opsial.com\/","name":"Opsial","description":"Opsial","potentialAction":[{"@type":"SearchAction","target":{"@type":"EntryPoint","urlTemplate":"https:\/\/recette.opsial.com\/?s={search_term_string}"},"query-input":{"@type":"PropertyValueSpecification","valueRequired":true,"valueName":"search_term_string"}}],"inLanguage":"de"}]}},"_links":{"self":[{"href":"https:\/\/recette.opsial.com\/de\/wp-json\/wp\/v2\/pages\/7407","targetHints":{"allow":["GET"]}}],"collection":[{"href":"https:\/\/recette.opsial.com\/de\/wp-json\/wp\/v2\/pages"}],"about":[{"href":"https:\/\/recette.opsial.com\/de\/wp-json\/wp\/v2\/types\/page"}],"author":[{"embeddable":true,"href":"https:\/\/recette.opsial.com\/de\/wp-json\/wp\/v2\/users\/1"}],"replies":[{"embeddable":true,"href":"https:\/\/recette.opsial.com\/de\/wp-json\/wp\/v2\/comments?post=7407"}],"version-history":[{"count":5,"href":"https:\/\/recette.opsial.com\/de\/wp-json\/wp\/v2\/pages\/7407\/revisions"}],"predecessor-version":[{"id":10226,"href":"https:\/\/recette.opsial.com\/de\/wp-json\/wp\/v2\/pages\/7407\/revisions\/10226"}],"wp:featuredmedia":[{"embeddable":true,"href":"https:\/\/recette.opsial.com\/de\/wp-json\/wp\/v2\/media\/5813"}],"wp:attachment":[{"href":"https:\/\/recette.opsial.com\/de\/wp-json\/wp\/v2\/media?parent=7407"}],"curies":[{"name":"wp","href":"https:\/\/api.w.org\/{rel}","templated":true}]}}