{"id":7397,"date":"2023-05-17T10:12:44","date_gmt":"2023-05-17T08:12:44","guid":{"rendered":"https:\/\/recette.opsial.com\/cookies-de\/"},"modified":"2023-10-24T15:34:16","modified_gmt":"2023-10-24T13:34:16","slug":"cookies","status":"publish","type":"page","link":"https:\/\/recette.opsial.com\/de\/cookies\/","title":{"rendered":"COOKIES"},"content":{"rendered":"\n<div class=\"container m5-paragraphe\">\n  <div class=\"row\">\n    <div class=\"col-lg-12 col-12\">\n        <h2 class=\"h2-title color-title\"><\/h2>\n      <div class=\"content-text d-flex flex-column justify-content-center\">\n        <div class=\"text color-text\"><p class=\"CookieDeclarationDialogText\">Wir verpflichten uns, Ihre Daten zu sch\u00fctzen. Wir setzen Cookies ein, um:<\/p>\n<ul>\n<li class=\"CookieDeclarationDialogText\">Ihnen ein sicheres Browsererlebnis zu erm\u00f6glichen<\/li>\n<li class=\"CookieDeclarationDialogText\">Ihnen personalisierte Inhalte basierend auf Ihren Interessen anzubieten<\/li>\n<li class=\"CookieDeclarationDialogText\">Statistiken zu sammeln, um die Website weiterzuentwickeln<\/li>\n<\/ul>\n<p class=\"CookieDeclarationDialogText\">Sie k\u00f6nnen Ihre Meinung jederzeit \u00e4ndern, indem Sie Ihre Cookie-Einstellungen anpassen.<\/p>\n<p class=\"CookieDeclarationDialogText\">Cookies sind kleine Textdateien, die von Websites verwendet werden, um die Benutzererfahrung effizienter zu gestalten.<\/p>\n<p class=\"CookieDeclarationDialogText\">Das Gesetz besagt, dass wir Cookies auf Ihrem Ger\u00e4t nur speichern d\u00fcrfen, wenn sie f\u00fcr den Betrieb dieser Website unbedingt erforderlich sind. F\u00fcr alle anderen Arten von Cookies ben\u00f6tigen wir Ihre Zustimmung.<\/p>\n<p class=\"CookieDeclarationDialogText\">Diese Website verwendet verschiedene Arten von Cookies. Einige Cookies werden von Drittanbietern platziert, die auf unseren Seiten erscheinen. Sie k\u00f6nnen Ihre Zustimmung jederzeit in unserer Cookie-Richtlinie \u00e4ndern oder widerrufen.<\/p>\n<p class=\"CookieDeclarationDialogText\">Um mehr \u00fcber uns zu erfahren, wie Sie uns kontaktieren k\u00f6nnen und wie wir personenbezogene Daten verarbeiten, lesen Sie bitte unsere Datenschutzrichtlinie\/Impressum.<\/p>\n<p class=\"CookieDeclarationDialogText\">Ihre Zustimmung gilt f\u00fcr die folgende Domain: www.recette.opsial.com<\/p>\n<p class=\"CookieDeclarationDialogText\">Cookie-Erkl\u00e4rung aktualisiert am 27\/04\/2023 von Cookiebot.<\/p>\n<\/div>\n\n\n        \n      <\/div>\n    <\/div>\n  <\/div>\n<\/div>\n\n\n<div class=\"container m5-paragraphe\">\n  <div class=\"row\">\n    <div class=\"col-lg-12 col-12\">\n        <h2 class=\"h2-title color-title\"><\/h2>\n      <div class=\"content-text d-flex flex-column justify-content-center\">\n        <div class=\"text color-text\"><h2>Erforderlich (4)<\/h2>\n<p>Erforderliche Cookies tragen dazu bei, eine Website nutzbar zu machen, indem sie grundlegende Funktionen wie das Navigieren auf Seiten und den Zugriff auf sichere Bereiche der Website aktivieren. Die Website kann ohne diese Cookies nicht ordnungsgem\u00e4\u00df funktionieren.<\/p>\n<\/div>\n\n\n        \n      <\/div>\n    <\/div>\n  <\/div>\n<\/div>\n\n<div class=\"container\">\n<figure class=\"wp-block-table is-style-stripes\"><table><tbody><tr><td><strong>Name<\/strong><\/td><td><strong>Anbieter<\/strong><\/td><td><strong>Zweck<\/strong><\/td><td><strong>Ablauf<\/strong><\/td><td><strong>Typ<\/strong><\/td><\/tr><tr><td>CookieConsent<\/td><td><a rel=\"noreferrer noopener\" href=\"https:\/\/www.cookiebot.com\/goto\/privacy-policy\/\" target=\"_blank\">Cookiebot<\/a><\/td><td>Speichert die Zustimmung zur Verwendung von Cookies f\u00fcr die aktuelle Domain durch den Benutzer.<\/td><td>1 Jahr<\/td><td>HTTP Cookie<br><br><\/td><\/tr><tr><td>frontend<\/td><td><a href=\"https:\/\/recette.opsial.com\/de\/\" target=\"_blank\" rel=\"noreferrer noopener\">recette.opsial.com<\/a><\/td><td>Speichert eine zuf\u00e4llige ID, die sicherstellt, dass ein Benutzer eindeutig als Besucher oder angemeldeter Benutzer identifiziert werden kann. Funktionen wie &#8222;Zuletzt angesehene Artikel&#8220; oder die Aufrechterhaltung des Anmeldestatus sind mit diesem Cookie verbunden.<\/td><td>1 Jahr<\/td><td>HTTP Cookie<br><br><\/td><\/tr><tr><td>frontend_cid<\/td><td><a href=\"https:\/\/recette.opsial.com\/de\/\" target=\"_blank\" rel=\"noreferrer noopener\">recette.opsial.com<\/a><\/td><td>Speichert eine zuf\u00e4llige ID, die sicherstellt, dass ein Benutzer eindeutig als Gast oder angemeldeter Benutzer identifiziert werden kann. Funktionen wie &#8222;Zuletzt angesehene Artikel&#8220; oder die Aufrechterhaltung des Anmeldestatus sind mit diesem Cookie verbunden.<\/td><td>1 Tag<\/td><td>HTTP Cookie<br><br><\/td><\/tr><tr><td>rc::a<\/td><td>Google<\/td><td>Dieser Cookie wird verwendet, um Menschen von Robotern zu unterscheiden. Dies ist f\u00fcr die Website vorteilhaft, um g\u00fcltige Berichte \u00fcber die Nutzung ihrer Website zu erstellen.<\/td><td>Persistent<\/td><td>HTML Local Storage<\/td><\/tr><\/tbody><\/table><\/figure>\n<\/div>\n\n\n<div class=\"container m5-paragraphe\">\n  <div class=\"row\">\n    <div class=\"col-lg-12 col-12\">\n        <h2 class=\"h2-title color-title\"><\/h2>\n      <div class=\"content-text d-flex flex-column justify-content-center\">\n        <div class=\"text color-text\"><h2>Statistiken (9)<\/h2>\n<p>Statistik-Cookies helfen den Website-Besitzern, indem sie anonym Informationen sammeln und kommunizieren, um zu verstehen, wie Besucher mit den Websites interagieren.<\/p>\n<\/div>\n\n\n        \n      <\/div>\n    <\/div>\n  <\/div>\n<\/div>\n\n<div class=\"container\">\n<figure class=\"wp-block-table is-style-stripes\"><table><tbody><tr><td><strong>Name<\/strong><\/td><td><strong>Anbieter<\/strong><\/td><td><strong>Zweck<\/strong><\/td><td><strong>Ablauf<\/strong><\/td><td><strong>Typ<\/strong><\/td><\/tr><tr><td>__utma<\/td><td><a href=\"https:\/\/recette.opsial.com\/de\/\" target=\"_blank\" rel=\"noreferrer noopener\">recette.opsial.com<\/a><\/td><td>Sammelt Daten dar\u00fcber, wie oft ein Benutzer die Website besucht hat, sowie \u00fcber den Zeitpunkt des ersten und des letzten Besuchs. Verwendet von Google Analytics.<\/td><td>399 Tage<\/td><td>HTTP Cookie<\/td><\/tr><tr><td>__utmb<\/td><td><a href=\"https:\/\/recette.opsial.com\/de\/\" target=\"_blank\" rel=\"noreferrer noopener\">recette.opsial.com<\/a><\/td><td>Zeichnet einen Zeitstempel des genauen Zeitpunkts des Zugriffs auf die Website durch den Benutzer auf. Verwendet von Google Analytics, um die Dauer eines Website-Besuchs zu berechnen.<\/td><td>1 Tag<\/td><td>HTTP Cookie<\/td><\/tr><tr><td>__utmt<\/td><td><a href=\"https:\/\/recette.opsial.com\/de\/\" target=\"_blank\" rel=\"noreferrer noopener\">recette.opsial.com<\/a><\/td><td>Wird verwendet, um die Geschwindigkeit von Anfragen, die an den Server gesendet werden, zu verlangsamen.<\/td><td>1 Tag<\/td><td>HTTP Cookie<\/td><\/tr><tr><td>__utmv<\/td><td><a href=\"https:\/\/recette.opsial.com\/de\/\" target=\"_blank\" rel=\"noreferrer noopener\">recette.opsial.com<\/a><\/td><td>Speichert die Tracking-Einstellungen, die vom Benutzer f\u00fcr die Verwendung in Google Analytics festgelegt wurden.<\/td><td>1 Tag<\/td><td>HTTP Cookie<\/td><\/tr><tr><td>__utmz<\/td><td><a href=\"https:\/\/recette.opsial.com\/de\/\" target=\"_blank\" rel=\"noreferrer noopener\">recette.opsial.com<\/a><\/td><td>Sammelt Daten \u00fcber die Herkunft des Benutzers, die Suchmaschine, den angeklickten Link und das verwendete Suchkriterium. Verwendet von Google Analytics.<\/td><td>6 Monate<\/td><td>HTTP Cookie<\/td><\/tr><tr><td>_dc_gtm_UA-#<\/td><td><a href=\"https:\/\/recette.opsial.com\/de\/\" target=\"_blank\" rel=\"noreferrer noopener\">recette.opsial.com<\/a><\/td><td>Verwendet vom Google Tag Manager, um das Laden des Google Analytics-Skript-Tags zu steuern.<\/td><td>1 Tag<\/td><td>HTTP Cookie<\/td><\/tr><tr><td>_ga<\/td><td><a href=\"https:\/\/recette.opsial.com\/de\/\" target=\"_blank\" rel=\"noreferrer noopener\">recette.opsial.com<\/a><\/td><td>Speichert eine eindeutige Kennung, die verwendet wird, um anonyme statistische Daten dar\u00fcber zu generieren, wie der Besucher die Website nutzt.<\/td><td>399 Tage<\/td><td>HTTP Cookie<\/td><\/tr><tr><td>_ga_#<\/td><td><a href=\"https:\/\/recette.opsial.com\/de\/\" target=\"_blank\" rel=\"noreferrer noopener\">recette.opsial.com<\/a><\/td><td>Verwendet von Google Analytics, um Daten \u00fcber die Anzahl der Besuche eines Benutzers auf der Website sowie \u00fcber das Datum des ersten und letzten Besuchs zu sammeln, um anonyme statistische Daten zu generieren.<\/td><td>399 Tage<\/td><td>HTTP Cookie<\/td><\/tr><tr><td>_gid<\/td><td><a href=\"https:\/\/recette.opsial.com\/de\/\" target=\"_blank\" rel=\"noreferrer noopener\">recette.opsial.com<\/a><\/td><td>Speichert eine eindeutige Kennung, die verwendet wird, um statistische Daten dar\u00fcber zu generieren, wie der Besucher die Website nutzt.<\/td><td>1 Tag<\/td><td>HTTP Cookie<\/td><\/tr><\/tbody><\/table><\/figure>\n<\/div>\n\n\n<div class=\"container m5-paragraphe\">\n  <div class=\"row\">\n    <div class=\"col-lg-12 col-12\">\n        <h2 class=\"h2-title color-title\"><\/h2>\n      <div class=\"content-text d-flex flex-column justify-content-center\">\n        <div class=\"text color-text\"><h2>Marketing (6)<\/h2>\n<p>Marketing-Cookies werden verwendet, um Besucher \u00fcber Websites hinweg zu verfolgen. Das Ziel besteht darin, Anzeigen anzuzeigen, die f\u00fcr den einzelnen Benutzer relevant und interessant sind und daher f\u00fcr Dritte Verleger und Werbetreibende wertvoller sind.<\/p>\n<\/div>\n\n\n        \n      <\/div>\n    <\/div>\n  <\/div>\n<\/div>\n\n<div class=\"container\">\n<figure class=\"wp-block-table is-style-stripes\"><table><tbody><tr><td><strong>Name<\/strong><\/td><td><strong>Anbieter<\/strong><\/td><td><strong>Zweck<\/strong><\/td><td><strong>Ablauf<\/strong><\/td><td><strong>Typ<\/strong><\/td><\/tr><tr><td>VISITOR_INFO1_LIVE<\/td><td><a rel=\"noreferrer noopener\" href=\"https:\/\/policies.google.com\/privacy\" target=\"_blank\">YouTube<\/a><\/td><td>Versucht, die Bandbreite der Benutzer auf Seiten mit integrierten YouTube-Videos abzusch\u00e4tzen.<\/td><td>179 Tage<\/td><td>HTTP Cookie<\/td><\/tr><tr><td>yt.innertube::nextId<\/td><td><a rel=\"noreferrer noopener\" href=\"https:\/\/policies.google.com\/privacy\" target=\"_blank\">YouTube<\/a><\/td><td>Speichert eine eindeutige Kennung, um Statistiken \u00fcber vom Benutzer angesehene YouTube-Videos zu speichern.<\/td><td>Persistent<\/td><td>HTML Local Storage<\/td><\/tr><tr><td>yt.innertube::requests<\/td><td><a rel=\"noreferrer noopener\" href=\"https:\/\/policies.google.com\/privacy\" target=\"_blank\">YouTube<\/a><\/td><td>Speichert eine eindeutige Kennung, um Statistiken \u00fcber vom Benutzer angesehene YouTube-Videos zu speichern.<\/td><td>Persistent<\/td><td>HTML Local Storage<\/td><\/tr><tr><td>ytidb::LAST_RESULT_ENTRY_KEY<\/td><td><a rel=\"noreferrer noopener\" href=\"https:\/\/policies.google.com\/privacy\" target=\"_blank\">YouTube<\/a><\/td><td>Speichert die Video-Wiedergabeeinstellungen des Benutzers f\u00fcr integrierte YouTube-Videos.<\/td><td>Persistent<\/td><td>HTML Local Storage<\/td><\/tr><tr><td>yt-remote-connected-devices<\/td><td><a rel=\"noreferrer noopener\" href=\"https:\/\/policies.google.com\/privacy\" target=\"_blank\">YouTube<\/a><\/td><td>Speichert die Video-Wiedergabeeinstellungen des Benutzers f\u00fcr integrierte YouTube-Videos.<\/td><td>Persistent<\/td><td>HTML Local Storage<\/td><\/tr><tr><td>yt-remote-device-id<\/td><td><a rel=\"noreferrer noopener\" href=\"https:\/\/policies.google.com\/privacy\" target=\"_blank\">YouTube<\/a><\/td><td>Speichert die Video-Wiedergabeeinstellungen des Benutzers f\u00fcr integrierte YouTube-Videos.<\/td><td>Persistent<\/td><td>HTML Local Storage<\/td><\/tr><\/tbody><\/table><\/figure>\n<\/div>\n\n<div class=\"m9-slogan bg-site bg-1\">\n  <div class=\"slogan\">\n    <div class=\"marquee\">\n      <div class=\"marquee__inner\" aria-hidden=\"true\">\n        <span>Your safety, your performance &#8211;<\/span>\n        <span>Your safety, your performance &#8211;<\/span>\n        <span>Your safety, your performance &#8211;<\/span>\n      <\/div>\n    <\/div>\n\n    <div class=\"marquee\">\n      <div class=\"marquee__inner left\" aria-hidden=\"true\">\n        <span>Your safety, your performance &#8211;<\/span>\n        <span>Your safety, your performance &#8211;<\/span>\n        <span>Your safety, your performance &#8211;<\/span>\n      <\/div>\n    <\/div>\n  <\/div>\n<\/div>","protected":false},"excerpt":{"rendered":"<p>Name Anbieter Zweck Ablauf Typ CookieConsent Cookiebot Speichert die Zustimmung zur Verwendung von Cookies f\u00fcr die aktuelle Domain durch den Benutzer. 1 Jahr HTTP Cookie frontend recette.opsial.com Speichert eine zuf\u00e4llige ID, die sicherstellt, dass ein Benutzer eindeutig als Besucher oder angemeldeter Benutzer identifiziert werden kann. Funktionen wie &#8222;Zuletzt angesehene Artikel&#8220; oder die Aufrechterhaltung des Anmeldestatus [&hellip;]<\/p>\n","protected":false},"author":2,"featured_media":0,"parent":0,"menu_order":0,"comment_status":"closed","ping_status":"closed","template":"","meta":{"_acf_changed":false,"footnotes":""},"class_list":["post-7397","page","type-page","status-publish","hentry"],"acf":[],"yoast_head":"<!-- This site is optimized with the Yoast SEO plugin v26.6 - https:\/\/yoast.com\/wordpress\/plugins\/seo\/ -->\n<title>COOKIES - Opsial<\/title>\n<meta name=\"robots\" content=\"index, follow, max-snippet:-1, max-image-preview:large, max-video-preview:-1\" \/>\n<link rel=\"canonical\" href=\"https:\/\/recette.opsial.com\/de\/cookies\/\" \/>\n<meta property=\"og:locale\" content=\"de_DE\" \/>\n<meta property=\"og:type\" content=\"article\" \/>\n<meta property=\"og:title\" content=\"COOKIES - Opsial\" \/>\n<meta property=\"og:description\" content=\"Name Anbieter Zweck Ablauf Typ CookieConsent Cookiebot Speichert die Zustimmung zur Verwendung von Cookies f\u00fcr die aktuelle Domain durch den Benutzer. 1 Jahr HTTP Cookie frontend recette.opsial.com Speichert eine zuf\u00e4llige ID, die sicherstellt, dass ein Benutzer eindeutig als Besucher oder angemeldeter Benutzer identifiziert werden kann. Funktionen wie &#8222;Zuletzt angesehene Artikel&#8220; oder die Aufrechterhaltung des Anmeldestatus [&hellip;]\" \/>\n<meta property=\"og:url\" content=\"https:\/\/recette.opsial.com\/de\/cookies\/\" \/>\n<meta property=\"og:site_name\" content=\"Opsial\" \/>\n<meta property=\"article:modified_time\" content=\"2023-10-24T13:34:16+00:00\" \/>\n<meta name=\"twitter:card\" content=\"summary_large_image\" \/>\n<meta name=\"twitter:label1\" content=\"Gesch\u00e4tzte Lesezeit\" \/>\n\t<meta name=\"twitter:data1\" content=\"3\u00a0Minuten\" \/>\n<script type=\"application\/ld+json\" class=\"yoast-schema-graph\">{\"@context\":\"https:\/\/schema.org\",\"@graph\":[{\"@type\":\"WebPage\",\"@id\":\"https:\/\/recette.opsial.com\/de\/cookies\/\",\"url\":\"https:\/\/recette.opsial.com\/de\/cookies\/\",\"name\":\"COOKIES - Opsial\",\"isPartOf\":{\"@id\":\"https:\/\/recette.opsial.com\/#website\"},\"datePublished\":\"2023-05-17T08:12:44+00:00\",\"dateModified\":\"2023-10-24T13:34:16+00:00\",\"breadcrumb\":{\"@id\":\"https:\/\/recette.opsial.com\/de\/cookies\/#breadcrumb\"},\"inLanguage\":\"de\",\"potentialAction\":[{\"@type\":\"ReadAction\",\"target\":[\"https:\/\/recette.opsial.com\/de\/cookies\/\"]}]},{\"@type\":\"BreadcrumbList\",\"@id\":\"https:\/\/recette.opsial.com\/de\/cookies\/#breadcrumb\",\"itemListElement\":[{\"@type\":\"ListItem\",\"position\":1,\"name\":\"Accueil\",\"item\":\"https:\/\/recette.opsial.com\/de\/\"},{\"@type\":\"ListItem\",\"position\":2,\"name\":\"COOKIES\"}]},{\"@type\":\"WebSite\",\"@id\":\"https:\/\/recette.opsial.com\/#website\",\"url\":\"https:\/\/recette.opsial.com\/\",\"name\":\"Opsial\",\"description\":\"Opsial\",\"potentialAction\":[{\"@type\":\"SearchAction\",\"target\":{\"@type\":\"EntryPoint\",\"urlTemplate\":\"https:\/\/recette.opsial.com\/?s={search_term_string}\"},\"query-input\":{\"@type\":\"PropertyValueSpecification\",\"valueRequired\":true,\"valueName\":\"search_term_string\"}}],\"inLanguage\":\"de\"}]}<\/script>\n<!-- \/ Yoast SEO plugin. -->","yoast_head_json":{"title":"COOKIES - Opsial","robots":{"index":"index","follow":"follow","max-snippet":"max-snippet:-1","max-image-preview":"max-image-preview:large","max-video-preview":"max-video-preview:-1"},"canonical":"https:\/\/recette.opsial.com\/de\/cookies\/","og_locale":"de_DE","og_type":"article","og_title":"COOKIES - Opsial","og_description":"Name Anbieter Zweck Ablauf Typ CookieConsent Cookiebot Speichert die Zustimmung zur Verwendung von Cookies f\u00fcr die aktuelle Domain durch den Benutzer. 1 Jahr HTTP Cookie frontend recette.opsial.com Speichert eine zuf\u00e4llige ID, die sicherstellt, dass ein Benutzer eindeutig als Besucher oder angemeldeter Benutzer identifiziert werden kann. Funktionen wie &#8222;Zuletzt angesehene Artikel&#8220; oder die Aufrechterhaltung des Anmeldestatus [&hellip;]","og_url":"https:\/\/recette.opsial.com\/de\/cookies\/","og_site_name":"Opsial","article_modified_time":"2023-10-24T13:34:16+00:00","twitter_card":"summary_large_image","twitter_misc":{"Gesch\u00e4tzte Lesezeit":"3\u00a0Minuten"},"schema":{"@context":"https:\/\/schema.org","@graph":[{"@type":"WebPage","@id":"https:\/\/recette.opsial.com\/de\/cookies\/","url":"https:\/\/recette.opsial.com\/de\/cookies\/","name":"COOKIES - Opsial","isPartOf":{"@id":"https:\/\/recette.opsial.com\/#website"},"datePublished":"2023-05-17T08:12:44+00:00","dateModified":"2023-10-24T13:34:16+00:00","breadcrumb":{"@id":"https:\/\/recette.opsial.com\/de\/cookies\/#breadcrumb"},"inLanguage":"de","potentialAction":[{"@type":"ReadAction","target":["https:\/\/recette.opsial.com\/de\/cookies\/"]}]},{"@type":"BreadcrumbList","@id":"https:\/\/recette.opsial.com\/de\/cookies\/#breadcrumb","itemListElement":[{"@type":"ListItem","position":1,"name":"Accueil","item":"https:\/\/recette.opsial.com\/de\/"},{"@type":"ListItem","position":2,"name":"COOKIES"}]},{"@type":"WebSite","@id":"https:\/\/recette.opsial.com\/#website","url":"https:\/\/recette.opsial.com\/","name":"Opsial","description":"Opsial","potentialAction":[{"@type":"SearchAction","target":{"@type":"EntryPoint","urlTemplate":"https:\/\/recette.opsial.com\/?s={search_term_string}"},"query-input":{"@type":"PropertyValueSpecification","valueRequired":true,"valueName":"search_term_string"}}],"inLanguage":"de"}]}},"_links":{"self":[{"href":"https:\/\/recette.opsial.com\/de\/wp-json\/wp\/v2\/pages\/7397","targetHints":{"allow":["GET"]}}],"collection":[{"href":"https:\/\/recette.opsial.com\/de\/wp-json\/wp\/v2\/pages"}],"about":[{"href":"https:\/\/recette.opsial.com\/de\/wp-json\/wp\/v2\/types\/page"}],"author":[{"embeddable":true,"href":"https:\/\/recette.opsial.com\/de\/wp-json\/wp\/v2\/users\/2"}],"replies":[{"embeddable":true,"href":"https:\/\/recette.opsial.com\/de\/wp-json\/wp\/v2\/comments?post=7397"}],"version-history":[{"count":5,"href":"https:\/\/recette.opsial.com\/de\/wp-json\/wp\/v2\/pages\/7397\/revisions"}],"predecessor-version":[{"id":13967,"href":"https:\/\/recette.opsial.com\/de\/wp-json\/wp\/v2\/pages\/7397\/revisions\/13967"}],"wp:attachment":[{"href":"https:\/\/recette.opsial.com\/de\/wp-json\/wp\/v2\/media?parent=7397"}],"curies":[{"name":"wp","href":"https:\/\/api.w.org\/{rel}","templated":true}]}}